{"id":11628,"date":"2025-09-17T13:24:15","date_gmt":"2025-09-17T11:24:15","guid":{"rendered":"https:\/\/boreait.com\/hu\/?post_type=product&#038;p=11628"},"modified":"2025-09-17T13:25:59","modified_gmt":"2025-09-17T11:25:59","slug":"dell-7204-116-erintokepernyos-lcd-panel-ivb02-9nd4g-oem-hasznalt-tesztelt","status":"publish","type":"product","link":"https:\/\/boreait.com\/hu\/termek\/dell-7204-116-erintokepernyos-lcd-panel-ivb02-9nd4g-oem-hasznalt-tesztelt\/","title":{"rendered":"Dell 7204 11,6&#8243; \u00e9rint\u0151k\u00e9perny\u0151s LCD panel IVB02 9ND4G OEM Haszn\u00e1lt Tesztelt"},"content":{"rendered":"<p class=\"\" data-start=\"413\" data-end=\"657\">Ez egy <strong data-start=\"423\" data-end=\"467\">haszn\u00e1lt OEM 11,6 h\u00fcvelykes \u00e9rint\u0151k\u00e9perny\u0151s LCD-panel<\/strong> a <strong data-start=\"476\" data-end=\"516\">Dell Latitude 12 Rugged0 Extreme<\/strong>-hez. A cikksz\u00e1mok k\u00f6z\u00e9 tartozik az <strong data-start=\"539\" data-end=\"548\">IVB02<\/strong> \u00e9s a <strong data-start=\"553\" data-end=\"562\">9ND4G<\/strong>. Ez az eredeti Dell laptop alkatr\u00e9sz teljesen tesztelt, \u00e9s t\u00f6k\u00e9letes a k\u00e9perny\u0151cser\u00e9hez vagy jav\u00edt\u00e1shoz.<\/p>\n<p class=\"\" data-start=\"659\" data-end=\"684\">\u2705 <strong data-start=\"661\" data-end=\"682\">Kompatibilis modell:<\/strong><\/p>\n<ul data-start=\"685\" data-end=\"723\">\n<li class=\"\" data-start=\"685\" data-end=\"723\">\n<p class=\"\" data-start=\"687\" data-end=\"723\">Dell Latitude 12 Rugged Extreme 7204<\/p>\n<\/li>\n<\/ul>\n<p class=\"\" data-start=\"725\" data-end=\"746\">\u2705 <strong data-start=\"727\" data-end=\"744\">Alkatr\u00e9szsz\u00e1mok:<\/strong><\/p>\n<ul data-start=\"747\" data-end=\"764\">\n<li class=\"\" data-start=\"747\" data-end=\"756\">\n<p class=\"\" data-start=\"749\" data-end=\"756\">IVB02<\/p>\n<\/li>\n<li class=\"\" data-start=\"757\" data-end=\"764\">\n<p class=\"\" data-start=\"759\" data-end=\"764\">9ND4G<\/p>\n<\/li>\n<\/ul>\n<p class=\"\" data-start=\"766\" data-end=\"787\">\u2705 <strong data-start=\"768\" data-end=\"785\">F\u0151bb jellemz\u0151k:<\/strong><\/p>\n<ul data-start=\"788\" data-end=\"960\">\n<li class=\"\" data-start=\"788\" data-end=\"821\">\n<p class=\"\" data-start=\"790\" data-end=\"821\">11,6&#8243; \u00e9rint\u0151k\u00e9perny\u0151s LCD-kijelz\u0151<\/p>\n<\/li>\n<li class=\"\" data-start=\"822\" data-end=\"845\">\n<p class=\"\" data-start=\"824\" data-end=\"845\">OEM min\u0151s\u00e9g \u00e9s illeszked\u00e9s<\/p>\n<\/li>\n<li class=\"\" data-start=\"846\" data-end=\"898\">\n<p class=\"\" data-start=\"848\" data-end=\"898\">Haszn\u00e1lt, tesztelt, kiv\u00e1l\u00f3 m\u0171k\u00f6d\u00e9si \u00e1llapotban<\/p>\n<\/li>\n<li class=\"\" data-start=\"899\" data-end=\"960\">\n<p class=\"\" data-start=\"901\" data-end=\"960\">Ide\u00e1lis cserealkatr\u00e9sz t\u00f6r\u00f6tt vagy nem m\u0171k\u00f6d\u0151 k\u00e9perny\u0151kh\u00f6z<\/p>\n<\/li>\n<\/ul>\n<p class=\"\" data-start=\"962\" data-end=\"1091\">Megb\u00edzhat\u00f3 \u00e9s kiv\u00e1l\u00f3 min\u0151s\u00e9g\u0171 <strong data-start=\"988\" data-end=\"1009\">Dell laptop alkatr\u00e9szek<\/strong> gyorsan sz\u00e1ll\u00edtva Eur\u00f3p\u00e1b\u00f3l. Seg\u00edts\u00e9gre van sz\u00fcks\u00e9ge a kompatibilit\u00e1s meger\u0151s\u00edt\u00e9s\u00e9hez? Forduljon hozz\u00e1nk b\u00e1rmikor.<\/p>\n","protected":false},"excerpt":{"rendered":"<p>Haszn\u00e1lt OEM 11,6&#8243; \u00e9rint\u0151k\u00e9perny\u0151s LCD panel a Dell Latitude 12 Rugged Extreme 7204-hez. Cikksz\u00e1mok IVB02 \/ 9ND4G. Teljesen tesztelt Dell laptop alkatr\u00e9sz.<\/p>\n","protected":false},"featured_media":11696,"template":"","meta":[],"product_brand":[],"product_cat":[75,21],"product_tag":[17],"class_list":{"0":"post-11628","1":"product","2":"type-product","3":"status-publish","4":"has-post-thumbnail","6":"product_cat-11-6","7":"product_cat-laptop-screens-lcd-panels","8":"product_tag-dell","10":"first","11":"instock","12":"taxable","13":"shipping-taxable","14":"purchasable","15":"product-type-simple"},"_links":{"self":[{"href":"https:\/\/boreait.com\/hu\/wp-json\/wp\/v2\/product\/11628","targetHints":{"allow":["GET"]}}],"collection":[{"href":"https:\/\/boreait.com\/hu\/wp-json\/wp\/v2\/product"}],"about":[{"href":"https:\/\/boreait.com\/hu\/wp-json\/wp\/v2\/types\/product"}],"wp:featuredmedia":[{"embeddable":true,"href":"https:\/\/boreait.com\/hu\/wp-json\/wp\/v2\/media\/11696"}],"wp:attachment":[{"href":"https:\/\/boreait.com\/hu\/wp-json\/wp\/v2\/media?parent=11628"}],"wp:term":[{"taxonomy":"product_brand","embeddable":true,"href":"https:\/\/boreait.com\/hu\/wp-json\/wp\/v2\/product_brand?post=11628"},{"taxonomy":"product_cat","embeddable":true,"href":"https:\/\/boreait.com\/hu\/wp-json\/wp\/v2\/product_cat?post=11628"},{"taxonomy":"product_tag","embeddable":true,"href":"https:\/\/boreait.com\/hu\/wp-json\/wp\/v2\/product_tag?post=11628"}],"curies":[{"name":"wp","href":"https:\/\/api.w.org\/{rel}","templated":true}]}}