{"id":1162,"date":"2025-09-17T09:55:33","date_gmt":"2025-09-17T07:55:33","guid":{"rendered":"https:\/\/boreait.com\/hu\/?post_type=product&#038;p=1162"},"modified":"2026-01-07T08:53:39","modified_gmt":"2026-01-07T07:53:39","slug":"535769-001-6070b0347301-eredeti-hp-lcd-kijelzo-kep-probook-4710s","status":"publish","type":"product","link":"https:\/\/boreait.com\/hu\/termek\/535769-001-6070b0347301-eredeti-hp-lcd-kijelzo-kep-probook-4710s\/","title":{"rendered":"535769-001 6070B0347301 EREDETI HP LCD KIJELZ\u0150 K\u00c9P PROBOOK 4710S"},"content":{"rendered":"<p>Az 535769-001 6070B0347301 egy eredeti HP LCD kijelz\u0151el\u0151lap, amelyet kifejezetten a ProBook 4710S laptopmodellhez terveztek. Ezt a kiv\u00e1l\u00f3 min\u0151s\u00e9g\u0171 cserealkatr\u00e9szt \u00fagy tervezt\u00e9k, hogy kieg\u00e9sz\u00edtse laptopja eszt\u00e9tik\u00e1j\u00e1t, \u00e9s k\u00e9nyelmes illeszked\u00e9st biztos\u00edtson az LCD-k\u00e9perny\u0151h\u00f6z.<\/p>\n<p>Eredeti HP term\u00e9kk\u00e9nt az 535769-001 6070B0347301 megfelel a szigor\u00fa min\u0151s\u00e9gi el\u0151\u00edr\u00e1soknak, \u00e9s tart\u00f3s anyagok felhaszn\u00e1l\u00e1s\u00e1val k\u00e9sz\u00fclt. Z\u00f6kken\u0151mentes \u00e9s biztons\u00e1gos illeszked\u00e9st biztos\u00edt az LCD-k\u00e9perny\u0151 k\u00f6r\u00fcl, megakad\u00e1lyozva a por vagy t\u00f6rmel\u00e9k bejut\u00e1s\u00e1t, \u00e9s megv\u00e9di a kijelz\u0151t a v\u00e9letlen karcol\u00e1sokt\u00f3l \u00e9s s\u00e9r\u00fcl\u00e9sekt\u0151l.<\/p>\n<p>A r\u00e9gi vagy s\u00e9r\u00fclt LCD-kijelz\u0151 el\u0151lapj\u00e1nak cser\u00e9je az 535769-001 6070B0347301-es sz\u00e1mmal nem csak jav\u00edtja ProBook 4710S megjelen\u00e9s\u00e9t, hanem biztos\u00edtja a k\u00e9perny\u0151 megfelel\u0151 r\u00f6gz\u00edt\u00e9s\u00e9t is, minimaliz\u00e1lva a lehets\u00e9ges k\u00e9perny\u0151probl\u00e9m\u00e1k kock\u00e1zat\u00e1t \u00e9s jav\u00edtva az \u00e1ltal\u00e1nos teljes\u00edtm\u00e9nyt.<\/p>\n<p>K\u00f6nnyen telep\u00edthet\u0151, ez az eredeti HP LCD-kijelz\u0151-el\u0151lap probl\u00e9mamentes cserefolyamathoz k\u00e9sz\u00fclt, \u00edgy k\u00f6nnyed\u00e9n vissza\u00e1ll\u00edthatja laptopj\u00e1t eredeti \u00e1llapot\u00e1ba. A prec\u00edz illeszked\u00e9s \u00e9s a kiv\u00e1l\u00f3 min\u0151s\u00e9g\u0171 fel\u00e9p\u00edt\u00e9s biztos\u00edtja, hogy biztons\u00e1gosan a hely\u00e9n maradjon, \u00e9s z\u00f6kken\u0151mentesen illeszkedik ProBook 4710S-hez.<\/p>\n<p>Friss\u00edtse ProBook 4710S k\u00e9sz\u00fcl\u00e9k\u00e9t az 535769-001 6070B0347301 eredeti HP LCD-kijelz\u0151 el\u0151lappal, \u00e9s \u00e9lvezze a felfriss\u00fclt \u00e9s j\u00f3l v\u00e9dett laptopot. Fokozza sz\u00e1m\u00edt\u00e1stechnikai \u00e9lm\u00e9ny\u00e9t a megfelel\u0151en r\u00f6gz\u00edtett \u00e9s eszt\u00e9tikus LCD-kijelz\u0151vel a HP megb\u00edzhat\u00f3 cserealkatr\u00e9sz\u00e9nek k\u00f6sz\u00f6nhet\u0151en.<\/p>\n","protected":false},"excerpt":{"rendered":"<p>Az 535769-001 6070B0347301 egy eredeti HP LCD kijelz\u0151el\u0151lap, amelyet a ProBook 4710S laptopmodellhez terveztek. Ez egy kiv\u00e1l\u00f3 min\u0151s\u00e9g\u0171 cserealkatr\u00e9sz, amely jav\u00edtja laptopja megjelen\u00e9s\u00e9t, \u00e9s biztons\u00e1gosan a hely\u00e9n tartja az LCD-k\u00e9perny\u0151t.<\/p>\n","protected":false},"featured_media":1239,"template":"","meta":[],"product_brand":[],"product_cat":[16],"product_tag":[25],"class_list":{"0":"post-1162","1":"product","2":"type-product","3":"status-publish","4":"has-post-thumbnail","6":"product_cat-laptop-housing","7":"product_tag-hp","9":"first","10":"instock","11":"taxable","12":"shipping-taxable","13":"purchasable","14":"product-type-simple"},"_links":{"self":[{"href":"https:\/\/boreait.com\/hu\/wp-json\/wp\/v2\/product\/1162","targetHints":{"allow":["GET"]}}],"collection":[{"href":"https:\/\/boreait.com\/hu\/wp-json\/wp\/v2\/product"}],"about":[{"href":"https:\/\/boreait.com\/hu\/wp-json\/wp\/v2\/types\/product"}],"wp:featuredmedia":[{"embeddable":true,"href":"https:\/\/boreait.com\/hu\/wp-json\/wp\/v2\/media\/1239"}],"wp:attachment":[{"href":"https:\/\/boreait.com\/hu\/wp-json\/wp\/v2\/media?parent=1162"}],"wp:term":[{"taxonomy":"product_brand","embeddable":true,"href":"https:\/\/boreait.com\/hu\/wp-json\/wp\/v2\/product_brand?post=1162"},{"taxonomy":"product_cat","embeddable":true,"href":"https:\/\/boreait.com\/hu\/wp-json\/wp\/v2\/product_cat?post=1162"},{"taxonomy":"product_tag","embeddable":true,"href":"https:\/\/boreait.com\/hu\/wp-json\/wp\/v2\/product_tag?post=1162"}],"curies":[{"name":"wp","href":"https:\/\/api.w.org\/{rel}","templated":true}]}}