{"id":11610,"date":"2025-09-17T13:23:51","date_gmt":"2025-09-17T11:23:51","guid":{"rendered":"https:\/\/boreait.com\/hu\/?post_type=product&#038;p=11610"},"modified":"2026-02-09T10:23:57","modified_gmt":"2026-02-09T09:23:57","slug":"hasznalt-dell-latitude-14-5414-robusztus-audio-hdmi-usb-portok-ajtaja-tesztelt-mukodes","status":"publish","type":"product","link":"https:\/\/boreait.com\/hu\/termek\/hasznalt-dell-latitude-14-5414-robusztus-audio-hdmi-usb-portok-ajtaja-tesztelt-mukodes\/","title":{"rendered":"Haszn\u00e1lt Dell Latitude 14 5414 robusztus audio\/HDMI\/USB portok ajtaja \u2013 tesztelt m\u0171k\u00f6d\u00e9s"},"content":{"rendered":"<p>Haszn\u00e1lt Dell Latitude 14 5414 Rugged Ports Door (Audio\/HDMI\/USB)<\/p>\n<p>Ezt a haszn\u00e1lt I\/O ajt\u00f3t elt\u00e1vol\u00edtott\u00e1k egy m\u0171k\u00f6d\u0151 Dell Latitude 14 5414 Rugged laptopr\u00f3l. A teljes szerelv\u00e9ny tartalmazza az audio-, HDMI- \u00e9s USB-portok v\u00e9d\u0151burkolat\u00e1t.<\/p>\n<p>Term\u00e9k r\u00e9szletei:<\/p>\n<ul>\n<li>Haszn\u00e1lt \u00e1llapot (l\u00e1sd a fot\u00f3kat)<\/li>\n<li>A portok ajt\u00f3 \u00f6sszeszerel\u00e9se<\/li>\n<li>Elt\u00e1vol\u00edt\u00e1s el\u0151tt tesztelve m\u0171k\u00f6dik<\/li>\n<li>Nincs garancia<\/li>\n<li>A k\u00e9pen l\u00e1that\u00f3 t\u00e9nyleges egys\u00e9g<\/li>\n<\/ul>\n<p>Kompatibilit\u00e1s:<\/p>\n<p>Csak:<\/p>\n<ul>\n<li>Dell Latitude 14 5414 robusztus<\/li>\n<li>Latitude 5414 Rugged Extreme<\/li>\n<\/ul>\n<p>Fontos megjegyz\u00e9sek:<\/p>\n<ul>\n<li>V\u00e1s\u00e1rl\u00e1s el\u0151tt ellen\u0151rizze a modellt<\/li>\n<li>Professzion\u00e1lis telep\u00edt\u00e9s javasolt<\/li>\n<li>Azonban \u00e9rt\u00e9kes\u00edtve (kompatibilit\u00e1si probl\u00e9m\u00e1k miatt nincs visszak\u00fcld\u00e9s)<\/li>\n<li>Csak ajt\u00f3 (bels\u0151 alkatr\u00e9szek n\u00e9lk\u00fcl)<\/li>\n<\/ul>\n<p>Sz\u00e1ll\u00edt\u00e1s:<\/p>\n<ul>\n<li>24 \u00f3r\u00e1n bel\u00fcl kisz\u00e1ll\u00edtj\u00e1k az EU-b\u00f3l<\/li>\n<li>Vil\u00e1gszerte el\u00e9rhet\u0151<\/li>\n<li>Nyomon k\u00f6vet\u00e9s biztos\u00edtott<\/li>\n<\/ul>\n<p>Ha kompatibilit\u00e1si ellen\u0151rz\u00e9sre van sz\u00fcks\u00e9ge, k\u00fcldj\u00f6n nek\u00fcnk \u00fczenetet laptopja sorozatsz\u00e1m\u00e1val.<\/p>\n","protected":false},"excerpt":{"rendered":"<p>Haszn\u00e1lt Dell Latitude 14 5414 Rugged Ports Door (Audio\/HDMI\/USB)<\/p>\n<p>\u2714 Kih\u00fazva a m\u0171k\u00f6d\u0151 rendszerb\u0151l<\/p>\n<p>\u2714 Teljes I\/O ajt\u00f3 \u00f6sszeszerel\u00e9s<\/p>\n<p>\u2714 Lefedi az audio-, HDMI- \u00e9s amp; USB portok<\/p>\n<p>\u2714 Tesztelve m\u0171k\u00f6d\u0151k\u00e9pes \u2013 nincs garancia<\/p>\n<p>\u2714 A t\u00e9nyleges egys\u00e9get mutatja a f\u00e9nyk\u00e9peken<\/p>\n<p>EU-k\u00e9szlet \u2013 Gyors glob\u00e1lis sz\u00e1ll\u00edt\u00e1s<\/p>\n","protected":false},"featured_media":11679,"template":"","meta":[],"product_brand":[],"product_cat":[16],"product_tag":[17],"class_list":{"0":"post-11610","1":"product","2":"type-product","3":"status-publish","4":"has-post-thumbnail","6":"product_cat-laptop-housing","7":"product_tag-dell","9":"first","10":"instock","11":"taxable","12":"shipping-taxable","13":"purchasable","14":"product-type-simple"},"_links":{"self":[{"href":"https:\/\/boreait.com\/hu\/wp-json\/wp\/v2\/product\/11610","targetHints":{"allow":["GET"]}}],"collection":[{"href":"https:\/\/boreait.com\/hu\/wp-json\/wp\/v2\/product"}],"about":[{"href":"https:\/\/boreait.com\/hu\/wp-json\/wp\/v2\/types\/product"}],"wp:featuredmedia":[{"embeddable":true,"href":"https:\/\/boreait.com\/hu\/wp-json\/wp\/v2\/media\/11679"}],"wp:attachment":[{"href":"https:\/\/boreait.com\/hu\/wp-json\/wp\/v2\/media?parent=11610"}],"wp:term":[{"taxonomy":"product_brand","embeddable":true,"href":"https:\/\/boreait.com\/hu\/wp-json\/wp\/v2\/product_brand?post=11610"},{"taxonomy":"product_cat","embeddable":true,"href":"https:\/\/boreait.com\/hu\/wp-json\/wp\/v2\/product_cat?post=11610"},{"taxonomy":"product_tag","embeddable":true,"href":"https:\/\/boreait.com\/hu\/wp-json\/wp\/v2\/product_tag?post=11610"}],"curies":[{"name":"wp","href":"https:\/\/api.w.org\/{rel}","templated":true}]}}