{"id":1160,"date":"2025-09-17T09:55:33","date_gmt":"2025-09-17T07:55:33","guid":{"rendered":"https:\/\/boreait.com\/hu\/?post_type=product&#038;p=1160"},"modified":"2026-01-07T08:53:22","modified_gmt":"2026-01-07T07:53:22","slug":"lenovo-miix-320-10icr-101-also-alaptok-boritoja-8s1102-02661","status":"publish","type":"product","link":"https:\/\/boreait.com\/hu\/termek\/lenovo-miix-320-10icr-101-also-alaptok-boritoja-8s1102-02661\/","title":{"rendered":"Lenovo MIIX 320-10ICR 10,1&#8243; als\u00f3 alaptok bor\u00edt\u00f3ja 8S1102-02661"},"content":{"rendered":"<p>A Lenovo MIIX 320-10ICR 10,1&#8243;-es als\u00f3 alaptok bor\u00edt\u00e1sa egy kiv\u00e1l\u00f3 min\u0151s\u00e9g\u0171 cserealkatr\u00e9sz, amelyet kifejezetten a Lenovo MIIX 320-10ICR 10,1&#8243;-es t\u00e1blag\u00e9phez k\u00e9sz\u00edtettek. Ezt az als\u00f3 alapburkolatot \u00fagy tervezt\u00e9k, hogy t\u00f6k\u00e9letesen illeszkedjen, \u00e9s v\u00e9delmet ny\u00fajtson a t\u00e1blag\u00e9p als\u00f3 r\u00e9sz\u00e9re, meg\u00f3vva a port\u00f3l, karcol\u00e1sokt\u00f3l \u00e9s kisebb \u00fct\u00e9sekt\u0151l.<\/p>\n<p>A pontoss\u00e1g \u00e9s a tart\u00f3ss\u00e1g szem el\u0151tt tart\u00e1s\u00e1val k\u00e9sz\u00fclt ez az eredeti Lenovo cserealkatr\u00e9sz, amely z\u00f6kken\u0151mentes illeszked\u00e9st biztos\u00edt a t\u00e1blag\u00e9p\u00e9hez, meg\u0151rizve az eredeti diz\u00e1jn eszt\u00e9tik\u00e1j\u00e1t. \u00dagy tervezt\u00e9k, hogy k\u00f6nnyen felszerelhet\u0151 legyen, lehet\u0151v\u00e9 t\u00e9ve, hogy saj\u00e1t maga cser\u00e9lje ki az als\u00f3 alapburkolat fedel\u00e9t, szakember seg\u00edts\u00e9ge n\u00e9lk\u00fcl.<\/p>\n<p>Ha a Lenovo MIIX 320-10ICR 10.1&#8243; als\u00f3 alaph\u00e1zburkolatot v\u00e1lasztja, megb\u00edzhat annak min\u0151s\u00e9g\u00e9ben \u00e9s megb\u00edzhat\u00f3s\u00e1g\u00e1ban, hiszen a Lenovo, az eredeti berendez\u00e9s gy\u00e1rt\u00f3ja gy\u00e1rtja. Ez biztos\u00edtja, hogy a cserealkatr\u00e9sz megfeleljen a gy\u00e1rt\u00f3 szigor\u00fa min\u0151s\u00e9gi el\u0151\u00edr\u00e1sainak, \u00e9s tart\u00f3s legyen.<\/p>\n<p>A Lenovo MIIX 320-10ICR 10,1&#8243;-es t\u00e1blag\u00e9p\u00e9nek az eredeti Lenovo als\u00f3 alaptok bor\u00edt\u00e1s\u00e1val t\u00f6rt\u00e9n\u0151 friss\u00edt\u00e9se nem csak v\u00e9di az eszk\u00f6zt, hanem meg\u0151rzi annak \u00e1ltal\u00e1nos megjelen\u00e9s\u00e9t \u00e9s funkcionalit\u00e1s\u00e1t is. Nyugodtan tudhatja, hogy t\u00e1blag\u00e9pe j\u00f3l v\u00e9dett a Lenovo kiv\u00e1l\u00f3 min\u0151s\u00e9g\u0171 cserealkatr\u00e9sz\u00e9vel.<\/p>\n<p>Fefektessen be a Lenovo MIIX 320-10ICR 10,1&#8243;-es als\u00f3 alaptok bor\u00edt\u00e1s\u00e1ba, 8S1102-02661, \u00e9s n\u00f6velje meg t\u00e1blag\u00e9pe \u00e9lettartam\u00e1t az\u00e1ltal, hogy meg\u00f3vja a mindennapi elhaszn\u00e1l\u00f3d\u00e1st\u00f3l. Ezzel az eredeti Lenovo cserealkatr\u00e9szrel meg\u0151rizheti eszk\u00f6ze vadonat\u00faj megjelen\u00e9s\u00e9t \u00e9s a lehet\u0151 legjobb m\u0171k\u00f6d\u00e9s\u00e9t.<\/p>\n","protected":false},"excerpt":{"rendered":"<p>A Lenovo MIIX 320-10ICR 10,1&#8243;-es als\u00f3 alaptok bor\u00edt\u00e1sa egy eredeti cserealkatr\u00e9sz, amelyet a Lenovo MIIX 320-10ICR 10,1&#8243;-es t\u00e1blag\u00e9p als\u00f3 r\u00e9sz\u00e9nek v\u00e9delm\u00e9re \u00e9s lefed\u00e9s\u00e9re terveztek.<\/p>\n","protected":false},"featured_media":1234,"template":"","meta":[],"product_brand":[],"product_cat":[16],"product_tag":[26],"class_list":{"0":"post-1160","1":"product","2":"type-product","3":"status-publish","4":"has-post-thumbnail","6":"product_cat-laptop-housing","7":"product_tag-lenovo","9":"first","10":"instock","11":"taxable","12":"shipping-taxable","13":"purchasable","14":"product-type-simple"},"_links":{"self":[{"href":"https:\/\/boreait.com\/hu\/wp-json\/wp\/v2\/product\/1160","targetHints":{"allow":["GET"]}}],"collection":[{"href":"https:\/\/boreait.com\/hu\/wp-json\/wp\/v2\/product"}],"about":[{"href":"https:\/\/boreait.com\/hu\/wp-json\/wp\/v2\/types\/product"}],"wp:featuredmedia":[{"embeddable":true,"href":"https:\/\/boreait.com\/hu\/wp-json\/wp\/v2\/media\/1234"}],"wp:attachment":[{"href":"https:\/\/boreait.com\/hu\/wp-json\/wp\/v2\/media?parent=1160"}],"wp:term":[{"taxonomy":"product_brand","embeddable":true,"href":"https:\/\/boreait.com\/hu\/wp-json\/wp\/v2\/product_brand?post=1160"},{"taxonomy":"product_cat","embeddable":true,"href":"https:\/\/boreait.com\/hu\/wp-json\/wp\/v2\/product_cat?post=1160"},{"taxonomy":"product_tag","embeddable":true,"href":"https:\/\/boreait.com\/hu\/wp-json\/wp\/v2\/product_tag?post=1160"}],"curies":[{"name":"wp","href":"https:\/\/api.w.org\/{rel}","templated":true}]}}