{"id":116,"date":"2025-09-17T09:21:58","date_gmt":"2025-09-17T07:21:58","guid":{"rendered":"https:\/\/boreait.com\/hu\/?post_type=product&#038;p=116"},"modified":"2026-01-14T08:03:01","modified_gmt":"2026-01-14T07:03:01","slug":"eredeti-dell-n2vfr-vezetek-nelkuli-ac-3160-3160ngw-ketsavos","status":"publish","type":"product","link":"https:\/\/boreait.com\/hu\/termek\/eredeti-dell-n2vfr-vezetek-nelkuli-ac-3160-3160ngw-ketsavos\/","title":{"rendered":"Eredeti Dell N2VFR vezet\u00e9k n\u00e9lk\u00fcli AC 3160 3160NGW k\u00e9ts\u00e1vos"},"content":{"rendered":"<p>Az Eredeti Dell N2VFR Wireless-AC 3160 3160NGW Dual Band egy vezet\u00e9k n\u00e9lk\u00fcli h\u00e1l\u00f3zati adapter, amely megb\u00edzhat\u00f3 \u00e9s gyors Wi-Fi-kapcsolatot biztos\u00edt Dell laptopokhoz \u00e9s asztali sz\u00e1m\u00edt\u00f3g\u00e9pekhez. T\u00e1mogatja a leg\u00fajabb 802.11ac Wi-Fi szabv\u00e1nyt, \u00e9s kompatibilis a 2,4 GHz-es \u00e9s az 5 GHz-es frekvencias\u00e1vokkal is.<\/p>\n<p>Ez a h\u00e1l\u00f3zati adapter olyan fejlett technol\u00f3gi\u00e1kat haszn\u00e1l, mint a Multiple Input Multiple Output (MIMO) \u00e9s a sug\u00e1rform\u00e1l\u00e1s a jobb vezet\u00e9k n\u00e9lk\u00fcli teljes\u00edtm\u00e9ny \u00e9s lefedetts\u00e9g \u00e9rdek\u00e9ben. T\u00e1mogatja a Bluetooth 4.0-t is, amely lehet\u0151v\u00e9 teszi a Bluetooth-kompatibilis eszk\u00f6z\u00f6kh\u00f6z, p\u00e9ld\u00e1ul okostelefonokhoz, t\u00e1blag\u00e9pekhez \u00e9s hangsz\u00f3r\u00f3khoz val\u00f3 csatlakoz\u00e1st.<\/p>\n<p>A Dell N2VFR Wireless-AC 3160 3160NGW egy eredeti Dell term\u00e9k, ami azt jelenti, hogy a Dell gy\u00e1rtotta, \u00e9s kifejezetten a Dell sz\u00e1m\u00edt\u00f3g\u00e9pekkel val\u00f3 egy\u00fcttm\u0171k\u00f6d\u00e9sre tervezt\u00e9k. Ez biztos\u00edtja a kompatibilit\u00e1st \u00e9s a megb\u00edzhat\u00f3s\u00e1got, valamint lehet\u0151v\u00e9 teszi az egyszer\u0171 telep\u00edt\u00e9st \u00e9s be\u00e1ll\u00edt\u00e1st.<\/p>\n<p>\u00d6sszess\u00e9g\u00e9ben az Eredeti Dell N2VFR Wireless-AC 3160 3160NGW Dual Band egy kiv\u00e1l\u00f3 min\u0151s\u00e9g\u0171 vezet\u00e9k n\u00e9lk\u00fcli h\u00e1l\u00f3zati adapter, amely gyors \u00e9s megb\u00edzhat\u00f3 Wi-Fi- \u00e9s Bluetooth-kapcsolatot biztos\u00edt a Dell sz\u00e1m\u00edt\u00f3g\u00e9pekhez.<\/p>\n","protected":false},"excerpt":{"rendered":"<p>Az Eredeti Dell N2VFR Wireless-AC 3160 3160NGW Dual Band egy vezet\u00e9k n\u00e9lk\u00fcli h\u00e1l\u00f3zati adapter, amely megb\u00edzhat\u00f3 \u00e9s gyors Wi-Fi kapcsolatot biztos\u00edt Dell laptopokhoz \u00e9s asztali sz\u00e1m\u00edt\u00f3g\u00e9pekhez. T\u00e1mogatja a 802.11ac Wi-Fi szabv\u00e1nyt, a 2,4 GHz-es \u00e9s 5 GHz-es frekvencias\u00e1vokat, valamint a Bluetooth 4.0-t. Ez egy eredeti Dell term\u00e9k, amely biztos\u00edtja a kompatibilit\u00e1st \u00e9s az egyszer\u0171 telep\u00edt\u00e9st.<\/p>\n","protected":false},"featured_media":186,"template":"","meta":[],"product_brand":[],"product_cat":[27],"product_tag":[17],"class_list":{"0":"post-116","1":"product","2":"type-product","3":"status-publish","4":"has-post-thumbnail","6":"product_cat-motherboards-board-parts","7":"product_tag-dell","9":"first","10":"instock","11":"taxable","12":"shipping-taxable","13":"purchasable","14":"product-type-simple"},"_links":{"self":[{"href":"https:\/\/boreait.com\/hu\/wp-json\/wp\/v2\/product\/116","targetHints":{"allow":["GET"]}}],"collection":[{"href":"https:\/\/boreait.com\/hu\/wp-json\/wp\/v2\/product"}],"about":[{"href":"https:\/\/boreait.com\/hu\/wp-json\/wp\/v2\/types\/product"}],"wp:featuredmedia":[{"embeddable":true,"href":"https:\/\/boreait.com\/hu\/wp-json\/wp\/v2\/media\/186"}],"wp:attachment":[{"href":"https:\/\/boreait.com\/hu\/wp-json\/wp\/v2\/media?parent=116"}],"wp:term":[{"taxonomy":"product_brand","embeddable":true,"href":"https:\/\/boreait.com\/hu\/wp-json\/wp\/v2\/product_brand?post=116"},{"taxonomy":"product_cat","embeddable":true,"href":"https:\/\/boreait.com\/hu\/wp-json\/wp\/v2\/product_cat?post=116"},{"taxonomy":"product_tag","embeddable":true,"href":"https:\/\/boreait.com\/hu\/wp-json\/wp\/v2\/product_tag?post=116"}],"curies":[{"name":"wp","href":"https:\/\/api.w.org\/{rel}","templated":true}]}}