{"id":1159,"date":"2025-09-17T09:55:33","date_gmt":"2025-09-17T07:55:33","guid":{"rendered":"https:\/\/boreait.com\/hu\/?post_type=product&#038;p=1159"},"modified":"2025-09-17T09:56:54","modified_gmt":"2025-09-17T07:56:54","slug":"eredeti-hp-elitebook-840-g1-sorozatu-csuklotamasz-ujjlenyomat-erzekelo-billentyuzet-730964-001","status":"publish","type":"product","link":"https:\/\/boreait.com\/hu\/termek\/eredeti-hp-elitebook-840-g1-sorozatu-csuklotamasz-ujjlenyomat-erzekelo-billentyuzet-730964-001\/","title":{"rendered":"Eredeti HP EliteBook 840 G1 sorozat\u00fa csukl\u00f3t\u00e1masz + ujjlenyomat-\u00e9rz\u00e9kel\u0151 + billenty\u0171zet 730964-001"},"content":{"rendered":"<p>Az eredeti HP EliteBook 840 G1 sorozat\u00fa csukl\u00f3t\u00e1masz egy cs\u00facsmin\u0151s\u00e9g\u0171 cserealkatr\u00e9sz, amely tartalmazza a csukl\u00f3t\u00e1maszt, az ujjlenyomat-\u00e9rz\u00e9kel\u0151t \u00e9s a billenty\u0171zetet, \u00edgy \u00e1tfog\u00f3 megold\u00e1st k\u00edn\u00e1l HP EliteBook 840 G1 laptopja funkcionalit\u00e1s\u00e1nak helyre\u00e1ll\u00edt\u00e1s\u00e1ra. A prec\u00edzi\u00f3s \u00e9s tart\u00f3s anyagok felhaszn\u00e1l\u00e1s\u00e1val k\u00e9sz\u00fclt csukl\u00f3t\u00e1masz-szerelv\u00e9ny \u00fagy lett kialak\u00edtva, hogy megfeleljen a gy\u00e1rt\u00f3 szigor\u00fa min\u0151s\u00e9gi el\u0151\u00edr\u00e1sainak, biztos\u00edtva az optim\u00e1lis teljes\u00edtm\u00e9nyt \u00e9s megb\u00edzhat\u00f3s\u00e1got.<\/p>\n<p>A szerelv\u00e9ny csukl\u00f3t\u00e1masz-komponense k\u00e9nyelmes \u00e9s stabil fel\u00fcletet biztos\u00edt a kezei sz\u00e1m\u00e1ra g\u00e9pel\u00e9s k\u00f6zben, jav\u00edtva ezzel az \u00e1ltal\u00e1nos felhaszn\u00e1l\u00f3i \u00e9lm\u00e9nyt. A be\u00e9p\u00edtett ujjlenyomat-\u00e9rz\u00e9kel\u0151 tov\u00e1bbi biztons\u00e1gi r\u00e9teget ad, lehet\u0151v\u00e9 t\u00e9ve a k\u00e9nyelmes bejelentkez\u00e9st biometrikus hiteles\u00edt\u00e9ssel. R\u00e1ad\u00e1sul a billenty\u0171zetet a hat\u00e9konys\u00e1gra \u00e9s a pontoss\u00e1gra tervezt\u00e9k, \u00edgy a napi sz\u00e1m\u00edt\u00e1si feladatok elengedhetetlen r\u00e9sze.<\/p>\n<p>A megl\u00e9v\u0151 csukl\u00f3t\u00e1masz lecser\u00e9l\u00e9se az Eredeti HP EliteBook 840 G1 sorozat\u00fa csukl\u00f3t\u00e1maszra + ujjlenyomat-\u00e9rz\u00e9kel\u0151 + billenty\u0171zet 730964-001 egyszer\u0171 folyamat. Ez az eredeti HP alkatr\u00e9sz t\u00f6k\u00e9letes illeszked\u00e9st \u00e9s z\u00f6kken\u0151mentes integr\u00e1ci\u00f3t biztos\u00edt laptopj\u00e1val, meg\u0151rzi az eredeti eszt\u00e9tik\u00e1t \u00e9s funkcionalit\u00e1s\u00e1t.<\/p>\n<p>Amikor ezt az eredeti HP cserealkatr\u00e9szt v\u00e1lasztja, megb\u00edzhat a megb\u00edzhat\u00f3s\u00e1g\u00e1ban \u00e9s teljes\u00edtm\u00e9ny\u00e9ben, mivel az eredeti gy\u00e1rt\u00f3 \u00fagy tervezte, hogy kiv\u00e1l\u00f3 eredm\u00e9nyeket biztos\u00edtson. Ha ezzel a kiv\u00e1l\u00f3 min\u0151s\u00e9g\u0171 szerelv\u00e9nnyel helyre\u00e1ll\u00edtja laptopja csukl\u00f3t\u00e1masz\u00e1t, ujjlenyomat-\u00e9rz\u00e9kel\u0151j\u00e9t \u00e9s billenty\u0171zet\u00e9t, akkor z\u00f6kken\u0151mentes \u00e9s tov\u00e1bbfejlesztett sz\u00e1m\u00edt\u00e1stechnikai \u00e9lm\u00e9nyben lesz r\u00e9sze a HP EliteBook 840 G1 k\u00e9sz\u00fcl\u00e9ken.<\/p>\n<p>Friss\u00edtse laptopj\u00e1t az Eredeti HP EliteBook 840 G1 sorozat\u00fa csukl\u00f3t\u00e1masz + ujjlenyomat-\u00e9rz\u00e9kel\u0151 + billenty\u0171zet 730964-001 seg\u00edts\u00e9g\u00e9vel, \u00e9s \u00e9lvezze azt a k\u00e9nyelmet, biztons\u00e1got \u00e9s k\u00e9nyelmet, amelyet sz\u00e1m\u00edt\u00e1stechnikai feladataihoz ny\u00fajt. Ezzel az eredeti HP cserealkatr\u00e9szrel biztos lehet benne, hogy laptopja tov\u00e1bbra is a legjobban fog m\u0171k\u00f6dni.<\/p>\n","protected":false},"excerpt":{"rendered":"<p>Az eredeti HP EliteBook 840 G1 sorozat\u00fa csukl\u00f3t\u00e1masz egy kiv\u00e1l\u00f3 min\u0151s\u00e9g\u0171 cserealkatr\u00e9sz, amelyet arra terveztek, hogy helyre\u00e1ll\u00edtsa a HP EliteBook 840 G1 laptop csukl\u00f3t\u00e1masz\u00e1nak, ujjlenyomat-\u00e9rz\u00e9kel\u0151j\u00e9nek \u00e9s billenty\u0171zet\u00e9nek funkci\u00f3it.<\/p>\n","protected":false},"featured_media":1230,"template":"","meta":[],"product_brand":[],"product_cat":[16],"product_tag":[25],"class_list":{"0":"post-1159","1":"product","2":"type-product","3":"status-publish","4":"has-post-thumbnail","6":"product_cat-laptop-housing","7":"product_tag-hp","9":"first","10":"instock","11":"taxable","12":"shipping-taxable","13":"purchasable","14":"product-type-simple"},"_links":{"self":[{"href":"https:\/\/boreait.com\/hu\/wp-json\/wp\/v2\/product\/1159","targetHints":{"allow":["GET"]}}],"collection":[{"href":"https:\/\/boreait.com\/hu\/wp-json\/wp\/v2\/product"}],"about":[{"href":"https:\/\/boreait.com\/hu\/wp-json\/wp\/v2\/types\/product"}],"wp:featuredmedia":[{"embeddable":true,"href":"https:\/\/boreait.com\/hu\/wp-json\/wp\/v2\/media\/1230"}],"wp:attachment":[{"href":"https:\/\/boreait.com\/hu\/wp-json\/wp\/v2\/media?parent=1159"}],"wp:term":[{"taxonomy":"product_brand","embeddable":true,"href":"https:\/\/boreait.com\/hu\/wp-json\/wp\/v2\/product_brand?post=1159"},{"taxonomy":"product_cat","embeddable":true,"href":"https:\/\/boreait.com\/hu\/wp-json\/wp\/v2\/product_cat?post=1159"},{"taxonomy":"product_tag","embeddable":true,"href":"https:\/\/boreait.com\/hu\/wp-json\/wp\/v2\/product_tag?post=1159"}],"curies":[{"name":"wp","href":"https:\/\/api.w.org\/{rel}","templated":true}]}}