{"id":11566,"date":"2025-09-17T13:22:36","date_gmt":"2025-09-17T11:22:36","guid":{"rendered":"https:\/\/boreait.com\/hu\/?post_type=product&#038;p=11566"},"modified":"2025-09-17T13:24:23","modified_gmt":"2025-09-17T11:24:23","slug":"hasznalt-nyomtatott-aramkori-lap-dell-latitude-14-5414-rugged-0801-4kq3u00-tesztelt","status":"publish","type":"product","link":"https:\/\/boreait.com\/hu\/termek\/hasznalt-nyomtatott-aramkori-lap-dell-latitude-14-5414-rugged-0801-4kq3u00-tesztelt\/","title":{"rendered":"Haszn\u00e1lt nyomtatott \u00e1ramk\u00f6ri lap Dell Latitude 14 5414 Rugged 0801-4KQ3U00 \u2013 Tesztelt"},"content":{"rendered":"<p class=\"\" data-start=\"342\" data-end=\"563\">Ez egy <strong data-start=\"352\" data-end=\"379\">haszn\u00e1lt eredeti nyomtatott \u00e1ramk\u00f6ri k\u00e1rtya<\/strong> a <strong data-start=\"388\" data-end=\"420\">Dell Latitude 14 5414 robusztus<\/strong> laptophoz, <strong data-start=\"352\" data-end=\"379\">tartoz\u00e9ksz\u00e1m ==&#8221;4 data-&#8222;start=&#8221;4&#8221; data-end=&#8221;462&#8243;>0801-4KQ3U00<\/strong>. A t\u00e1bl\u00e1t <strong data-start=\"483\" data-end=\"508\">szakmailag tesztelt\u00e9k<\/strong>, \u00e9s garant\u00e1ltan <strong data-start=\"536\" data-end=\"562\">teljesen m\u0171k\u00f6d\u0151k\u00e9pes<\/strong> lesz.<\/p>\n<p class=\"\" data-start=\"565\" data-end=\"587\">\ud83d\udd27 <strong data-start=\"568\" data-end=\"586\">M\u0171szaki adatok<\/strong>:<\/p>\n<ul data-start=\"588\" data-end=\"753\">\n<li class=\"\" data-start=\"588\" data-end=\"623\">\n<p class=\"\" data-start=\"590\" data-end=\"623\"><strong data-start=\"590\" data-end=\"601\">Term\u00e9k<\/strong>: bels\u0151 PCB k\u00e1rtya<\/p>\n<\/li>\n<li class=\"\" data-start=\"624\" data-end=\"667\">\n<p class=\"\" data-start=\"626\" data-end=\"667\"><strong data-start=\"626\" data-end=\"635\">Modell<\/strong>: Dell Latitude 14 5414 robusztus<\/p>\n<\/li>\n<li class=\"\" data-start=\"668\" data-end=\"701\">\n<p class=\"\" data-start=\"670\" data-end=\"701\"><strong data-start=\"670\" data-end=\"685\">Alkatr\u00e9szsz\u00e1m<\/strong>: 0801-4KQ3U00<\/p>\n<\/li>\n<li class=\"\" data-start=\"702\" data-end=\"753\">\n<p class=\"\" data-start=\"704\" data-end=\"753\"><strong data-start=\"704\" data-end=\"717\">\u00c1llapot<\/strong>: Haszn\u00e1lt \u2013 tesztelt \u00e9s teljesen m\u0171k\u00f6d\u0151k\u00e9pes<\/p>\n<\/li>\n<\/ul>\n<p class=\"\" data-start=\"755\" data-end=\"891\">Ez a k\u00e1rtya helyettes\u00edtheti a bels\u0151 \u00f6sszetev\u0151k vez\u00e9rl\u00e9s\u00e9t (pl. I\/O portok, bekapcsol\u00f3gomb stb., a pontos funkci\u00f3t\u00f3l f\u00fcgg\u0151en).<\/p>\n<p class=\"\" data-start=\"893\" data-end=\"999\">\u2705 Eredeti Dell alkatr\u00e9sz<br data-start=\"912\" data-end=\"915\" \/>\u2705 T\u00f6k\u00e9letes professzion\u00e1lis jav\u00edt\u00e1sokhoz vagy fel\u00faj\u00edt\u00e1sokhoz<br data-start=\"967\" data-end=\"970\" \/>\u2705 Gyors kisz\u00e1ll\u00edt\u00e1s<\/p>\n<p>t\u00f3l Sloveni<\/p>\n<p class=\"\" data-start=\"1001\" data-end=\"1106\">\ud83d\udcac Nem biztos a kompatibilit\u00e1sban? L\u00e9pjen kapcsolatba vel\u00fcnk k\u00e9sz\u00fcl\u00e9ke szervizc\u00edmk\u00e9j\u00e9nek vagy sorozatsz\u00e1m\u00e1nak megad\u00e1s\u00e1val, \u00e9s mi seg\u00edt\u00fcnk!<\/p>\n","protected":false},"excerpt":{"rendered":"<p>Haszn\u00e1lt eredeti nyomtatott \u00e1ramk\u00f6ri lap Dell Latitude 14 5414 Rugged laptophoz. Cikksz\u00e1m: 0801-4KQ3U00. Teljesen tesztelt \u00e9s m\u0171k\u00f6d\u0151k\u00e9pes.<\/p>\n","protected":false},"featured_media":11635,"template":"","meta":[],"product_brand":[],"product_cat":[20],"product_tag":[17],"class_list":{"0":"post-11566","1":"product","2":"type-product","3":"status-publish","4":"has-post-thumbnail","6":"product_cat-cables","7":"product_tag-dell","9":"first","10":"instock","11":"taxable","12":"shipping-taxable","13":"purchasable","14":"product-type-simple"},"_links":{"self":[{"href":"https:\/\/boreait.com\/hu\/wp-json\/wp\/v2\/product\/11566","targetHints":{"allow":["GET"]}}],"collection":[{"href":"https:\/\/boreait.com\/hu\/wp-json\/wp\/v2\/product"}],"about":[{"href":"https:\/\/boreait.com\/hu\/wp-json\/wp\/v2\/types\/product"}],"wp:featuredmedia":[{"embeddable":true,"href":"https:\/\/boreait.com\/hu\/wp-json\/wp\/v2\/media\/11635"}],"wp:attachment":[{"href":"https:\/\/boreait.com\/hu\/wp-json\/wp\/v2\/media?parent=11566"}],"wp:term":[{"taxonomy":"product_brand","embeddable":true,"href":"https:\/\/boreait.com\/hu\/wp-json\/wp\/v2\/product_brand?post=11566"},{"taxonomy":"product_cat","embeddable":true,"href":"https:\/\/boreait.com\/hu\/wp-json\/wp\/v2\/product_cat?post=11566"},{"taxonomy":"product_tag","embeddable":true,"href":"https:\/\/boreait.com\/hu\/wp-json\/wp\/v2\/product_tag?post=11566"}],"curies":[{"name":"wp","href":"https:\/\/api.w.org\/{rel}","templated":true}]}}