{"id":11537,"date":"2025-09-17T13:22:10","date_gmt":"2025-09-17T11:22:10","guid":{"rendered":"https:\/\/boreait.com\/hu\/?post_type=product&#038;p=11537"},"modified":"2026-02-08T16:13:04","modified_gmt":"2026-02-08T15:13:04","slug":"eredeti-dell-latitude-7204-hdd-hozzaferesi-ajto-tarolofedel","status":"publish","type":"product","link":"https:\/\/boreait.com\/hu\/termek\/eredeti-dell-latitude-7204-hdd-hozzaferesi-ajto-tarolofedel\/","title":{"rendered":"EREDETI DELL LATITUDE 7204 HDD hozz\u00e1f\u00e9r\u00e9si ajt\u00f3 t\u00e1rol\u00f3fed\u00e9l"},"content":{"rendered":"<p>Ezt az eredeti Dell ajt\u00f3t elt\u00e1vol\u00edtott\u00e1k egy m\u0171k\u00f6d\u0151 Latitude 7204 laptopr\u00f3l. Biztons\u00e1gos lefedetts\u00e9get biztos\u00edt a t\u00e1rol\u00f3meghajt\u00f3 rekesz\u00e9nek.<\/p>\n<p>Term\u00e9k r\u00e9szletei:<\/p>\n<ul>\n<li>Eredeti Dell alkatr\u00e9sz (nem ut\u00e1ngy\u00e1rtott)<\/li>\n<li>Haszn\u00e1lt \u00e1llapot\u00fa, de teljesen m\u0171k\u00f6d\u0151k\u00e9pes<\/li>\n<li>Az \u00f6sszes eredeti klipet\/reteszeket tartalmazza<\/li>\n<li>Nincs garancia<\/li>\n<li>A k\u00e9pen l\u00e1that\u00f3 t\u00e9nyleges t\u00e9tel<\/li>\n<\/ul>\n<p>Kompatibilit\u00e1s:<\/p>\n<p>CSAK CSAK:<\/p>\n<ul>\n<li>Dell Latitude 7204 modellek<\/li>\n<li>Latitude 7204 robusztus modellek<\/li>\n<\/ul>\n<p>Fontos megjegyz\u00e9sek:<\/p>\n<ul>\n<li>Megrendel\u00e9s el\u0151tt ellen\u0151rizze laptopja modellj\u00e9t<\/li>\n<li>Norm\u00e1l haszn\u00e1latb\u00f3l ered\u0151 kisebb kop\u00e1s mutatkozhat rajta<\/li>\n<li>Azonban \u00e9rt\u00e9kes\u00edtve (illeszt\u00e9si probl\u00e9m\u00e1k miatt nincs visszak\u00fcld\u00e9s)<\/li>\n<\/ul>\n<p>Sz\u00e1ll\u00edt\u00e1s:<\/p>\n<ul>\n<li>EU rakt\u00e1rb\u00f3l sz\u00e1ll\u00edtjuk<\/li>\n<li>24 \u00f3r\u00e1n bel\u00fcl kisz\u00e1ll\u00edt\u00e1s<\/li>\n<li>Vil\u00e1gszerte el\u00e9rhet\u0151<\/li>\n<\/ul>\n<p>K\u00e9rj\u00fck, k\u00fcldje el nek\u00fcnk laptopja sorozatsz\u00e1m\u00e1t, ha kompatibilit\u00e1si meger\u0151s\u00edt\u00e9sre van sz\u00fcks\u00e9ge.<\/p>\n","protected":false},"excerpt":{"rendered":"<p>EREDETI DELL LATITUDE 7204 merevlemez-meghajt\u00f3 ajt\u00f3<\/p>\n<p>\u2714 Eredeti Dell cserealkatr\u00e9sz<\/p>\n<p>\u2714 Haszn\u00e1lt \u00e1llapot &#8211; teljesen m\u0171k\u00f6d\u0151k\u00e9pes<\/p>\n<p>\u2714 HDD\/SSD rekeszt fedi<\/p>\n<p>\u2714 Nincs garancia \u2013 \u00e1llapot\u00e1ban elad\u00f3<\/p>\n<p>EU-k\u00e9szlet \u2013 Gyors sz\u00e1ll\u00edt\u00e1s az eg\u00e9sz vil\u00e1gon<\/p>\n","protected":false},"featured_media":11601,"template":"","meta":[],"product_brand":[],"product_cat":[16],"product_tag":[17],"class_list":{"0":"post-11537","1":"product","2":"type-product","3":"status-publish","4":"has-post-thumbnail","6":"product_cat-laptop-housing","7":"product_tag-dell","9":"first","10":"instock","11":"taxable","12":"shipping-taxable","13":"purchasable","14":"product-type-simple"},"_links":{"self":[{"href":"https:\/\/boreait.com\/hu\/wp-json\/wp\/v2\/product\/11537","targetHints":{"allow":["GET"]}}],"collection":[{"href":"https:\/\/boreait.com\/hu\/wp-json\/wp\/v2\/product"}],"about":[{"href":"https:\/\/boreait.com\/hu\/wp-json\/wp\/v2\/types\/product"}],"wp:featuredmedia":[{"embeddable":true,"href":"https:\/\/boreait.com\/hu\/wp-json\/wp\/v2\/media\/11601"}],"wp:attachment":[{"href":"https:\/\/boreait.com\/hu\/wp-json\/wp\/v2\/media?parent=11537"}],"wp:term":[{"taxonomy":"product_brand","embeddable":true,"href":"https:\/\/boreait.com\/hu\/wp-json\/wp\/v2\/product_brand?post=11537"},{"taxonomy":"product_cat","embeddable":true,"href":"https:\/\/boreait.com\/hu\/wp-json\/wp\/v2\/product_cat?post=11537"},{"taxonomy":"product_tag","embeddable":true,"href":"https:\/\/boreait.com\/hu\/wp-json\/wp\/v2\/product_tag?post=11537"}],"curies":[{"name":"wp","href":"https:\/\/api.w.org\/{rel}","templated":true}]}}