{"id":11449,"date":"2025-09-17T13:20:35","date_gmt":"2025-09-17T11:20:35","guid":{"rendered":"https:\/\/boreait.com\/hu\/?post_type=product&#038;p=11449"},"modified":"2026-02-08T16:11:36","modified_gmt":"2026-02-08T15:11:36","slug":"hasznalt-dell-latitude-12-rugged-tablet-7212-7202-tablaborito-eredeti","status":"publish","type":"product","link":"https:\/\/boreait.com\/hu\/termek\/hasznalt-dell-latitude-12-rugged-tablet-7212-7202-tablaborito-eredeti\/","title":{"rendered":"Haszn\u00e1lt Dell Latitude 12 Rugged Tablet 7212 7202 t\u00e1blabor\u00edt\u00f3 \u2013 eredeti"},"content":{"rendered":"<p class=\"\" data-start=\"364\" data-end=\"594\">Ez egy <strong data-start=\"374\" data-end=\"402\">haszn\u00e1lt eredeti t\u00e1blabor\u00edt\u00f3<\/strong> a <strong data-start=\"411\" data-end=\"460\">Dell Latitude 12 Rugged Tablets 7212 and <\/p>\n<p>start=&#8221;7240 data<\/strong>&#8221; 7212 \u00e9s 7240 adatokhoz. data-end=&#8221;464&#8243; \/>A burkolat j\u00f3 \u00e1llapotban van, \u00e9s ide\u00e1lis a repedt, s\u00e9r\u00fclt vagy hi\u00e1nyz\u00f3 eredeti alkatr\u00e9szek cser\u00e9j\u00e9hez a fel\u00faj\u00edt\u00e1s vagy jav\u00edt\u00e1s sor\u00e1n.<\/p>\n<p class=\"\" data-start=\"596\" data-end=\"618\">\ud83d\udd27 <strong data-start=\"599\" data-end=\"617\">M\u0171szaki adatok<\/strong>:<\/p>\n<ul data-start=\"619\" data-end=\"836\">\n<li class=\"\" data-start=\"619\" data-end=\"665\">\n<p class=\"\" data-start=\"621\" data-end=\"665\"><strong data-start=\"621\" data-end=\"632\">Term\u00e9k<\/strong>: bels\u0151\/k\u00fcls\u0151 k\u00e1rtyabor\u00edt\u00f3<\/p>\n<\/li>\n<li class=\"\" data-start=\"666\" data-end=\"731\">\n<p class=\"\" data-start=\"668\" data-end=\"731\"><strong data-start=\"668\" data-end=\"685\">Kompatibilit\u00e1s<\/strong>: Dell Latitude 12 Rugged Tablet 7212 \/ 7202<\/p>\n<\/li>\n<li class=\"\" data-start=\"732\" data-end=\"795\">\n<p class=\"\" data-start=\"734\" data-end=\"795\"><strong data-start=\"734\" data-end=\"747\">\u00c1llapot<\/strong>: Haszn\u00e1lt \u2013 j\u00f3 \u00e1llapot\u00fa, \u00e1tvizsg\u00e1lva \u00e9s tiszt\u00edtva<\/p>\n<\/li>\n<li class=\"\" data-start=\"796\" data-end=\"836\">\n<p class=\"\" data-start=\"798\" data-end=\"836\"><strong data-start=\"798\" data-end=\"810\">OEM-r\u00e9sz<\/strong>: Eredeti Dell-\u00f6sszetev\u0151<\/p>\n<\/li>\n<\/ul>\n<p class=\"\" data-start=\"838\" data-end=\"916\">\u2705 T\u00f6k\u00e9letes strapab\u00edr\u00f3 terepi eszk\u00f6z\u00f6kh\u00f6z<br data-start=\"872\" data-end=\"875\" \/>\u2705 K\u00f6nnyen telep\u00edthet\u0151<br data-start=\"892\" data-end=\"895\" \/>\u2705 Szlov\u00e9ni\u00e1b\u00f3l sz\u00e1ll\u00edtjuk<\/p>\n<p class=\"\" data-start=\"918\" data-end=\"1011\">\ud83d\udcac Ha nem biztos a felszerel\u00e9sben, vagy seg\u00edts\u00e9gre van sz\u00fcks\u00e9ge az alkatr\u00e9sz azonos\u00edt\u00e1s\u00e1hoz, forduljon hozz\u00e1nk bizalommal!<\/p>\n","protected":false},"excerpt":{"rendered":"<p>Haszn\u00e1lt eredeti t\u00e1blabor\u00edt\u00f3 a Dell Latitude 12 Rugged Tablet 7212 \u00e9s 7202 k\u00e9sz\u00fcl\u00e9kekhez. Eredeti alkatr\u00e9sz, ide\u00e1lis jav\u00edt\u00e1shoz vagy cser\u00e9hez.<\/p>\n","protected":false},"featured_media":11505,"template":"","meta":[],"product_brand":[],"product_cat":[16],"product_tag":[],"class_list":{"0":"post-11449","1":"product","2":"type-product","3":"status-publish","4":"has-post-thumbnail","6":"product_cat-laptop-housing","8":"first","9":"instock","10":"taxable","11":"shipping-taxable","12":"purchasable","13":"product-type-simple"},"_links":{"self":[{"href":"https:\/\/boreait.com\/hu\/wp-json\/wp\/v2\/product\/11449","targetHints":{"allow":["GET"]}}],"collection":[{"href":"https:\/\/boreait.com\/hu\/wp-json\/wp\/v2\/product"}],"about":[{"href":"https:\/\/boreait.com\/hu\/wp-json\/wp\/v2\/types\/product"}],"wp:featuredmedia":[{"embeddable":true,"href":"https:\/\/boreait.com\/hu\/wp-json\/wp\/v2\/media\/11505"}],"wp:attachment":[{"href":"https:\/\/boreait.com\/hu\/wp-json\/wp\/v2\/media?parent=11449"}],"wp:term":[{"taxonomy":"product_brand","embeddable":true,"href":"https:\/\/boreait.com\/hu\/wp-json\/wp\/v2\/product_brand?post=11449"},{"taxonomy":"product_cat","embeddable":true,"href":"https:\/\/boreait.com\/hu\/wp-json\/wp\/v2\/product_cat?post=11449"},{"taxonomy":"product_tag","embeddable":true,"href":"https:\/\/boreait.com\/hu\/wp-json\/wp\/v2\/product_tag?post=11449"}],"curies":[{"name":"wp","href":"https:\/\/api.w.org\/{rel}","templated":true}]}}