{"id":11444,"date":"2025-09-17T13:20:34","date_gmt":"2025-09-17T11:20:34","guid":{"rendered":"https:\/\/boreait.com\/hu\/?post_type=product&#038;p=11444"},"modified":"2026-02-08T16:11:19","modified_gmt":"2026-02-08T15:11:19","slug":"dell-latitude-7214-csatlakozokartya-ama01-78h0r-oem-hasznalt-dell-laptop-alkatresz","status":"publish","type":"product","link":"https:\/\/boreait.com\/hu\/termek\/dell-latitude-7214-csatlakozokartya-ama01-78h0r-oem-hasznalt-dell-laptop-alkatresz\/","title":{"rendered":"Dell Latitude 7214 csatlakoz\u00f3k\u00e1rtya AMA01 78H0R OEM haszn\u00e1lt Dell laptop alkatr\u00e9sz"},"content":{"rendered":"<p class=\"\" data-start=\"430\" data-end=\"685\">Ez egy <strong data-start=\"440\" data-end=\"479\">haszn\u00e1lt, eredeti Dell csatlakoz\u00f3k\u00e1rtya<\/strong> a <strong data-start=\"488\" data-end=\"512\">Latitude 7214 Rugged<\/strong> laptophoz. T\u00f6bb cikksz\u00e1mmal kompatibilis: <strong data-start=\"560\" data-end=\"569\">AMA01<\/strong>, <strong data-start=\"571\" data-end=\"587\">1414-0ADV000<\/strong>, <strong data-start=\"589\" data-end=\"598\">78H0R data-end=&#8221;598&#8243;>78H0R<\/strong>s, \u00e9s <strong data-start=\"569\">AMA01<\/strong>, data-end=&#8221;614&#8243;>078H0R<\/strong>. Teljesen tesztelt \u00e9s k\u00e9szen \u00e1ll a hib\u00e1s vagy s\u00e9r\u00fclt csatlakoz\u00f3k\u00e1rty\u00e1k cser\u00e9j\u00e9re.<\/p>\n<p class=\"\" data-start=\"687\" data-end=\"711\">\u2705 <strong data-start=\"689\" data-end=\"709\">Kompatibilis:<\/strong><\/p>\n<ul data-start=\"712\" data-end=\"739\">\n<li class=\"\" data-start=\"712\" data-end=\"739\">\n<p class=\"\" data-start=\"714\" data-end=\"739\">Dell Latitude 7214 robusztus<\/p>\n<\/li>\n<\/ul>\n<p class=\"\" data-start=\"741\" data-end=\"762\">\u2705 <strong data-start=\"743\" data-end=\"760\">Alkatr\u00e9szsz\u00e1mok:<\/strong><\/p>\n<ul data-start=\"763\" data-end=\"806\">\n<li class=\"\" data-start=\"763\" data-end=\"772\">\n<p class=\"\" data-start=\"765\" data-end=\"772\">AMA01<\/p>\n<\/li>\n<li class=\"\" data-start=\"773\" data-end=\"789\">\n<p class=\"\" data-start=\"775\" data-end=\"789\">1414-0ADV000<\/p>\n<\/li>\n<li class=\"\" data-start=\"790\" data-end=\"806\">\n<p class=\"\" data-start=\"792\" data-end=\"806\">78H0R \/ 078H0R<\/p>\n<\/li>\n<\/ul>\n<p class=\"\" data-start=\"808\" data-end=\"829\">\u2705 <strong data-start=\"810\" data-end=\"827\">F\u0151bb jellemz\u0151k:<\/strong><\/p>\n<ul data-start=\"830\" data-end=\"1031\">\n<li class=\"\" data-start=\"830\" data-end=\"858\">\n<p class=\"\" data-start=\"832\" data-end=\"858\">Eredeti Dell laptop alkatr\u00e9sz<\/p>\n<\/li>\n<li class=\"\" data-start=\"859\" data-end=\"911\">\n<p class=\"\" data-start=\"861\" data-end=\"911\">Haszn\u00e1lt \u00e9s tesztelt \u2013 kiv\u00e1l\u00f3 m\u0171k\u00f6d\u00e9si \u00e1llapotban<\/p>\n<\/li>\n<li class=\"\" data-start=\"912\" data-end=\"952\">\n<p class=\"\" data-start=\"914\" data-end=\"952\">Gondoskodik a megfelel\u0151 bels\u0151 csatlakoz\u00e1sr\u00f3l<\/p>\n<\/li>\n<li class=\"\" data-start=\"953\" data-end=\"1003\">\n<p class=\"\" data-start=\"955\" data-end=\"1003\">Ide\u00e1lis professzion\u00e1lis jav\u00edt\u00e1sokhoz \u00e9s karbantart\u00e1sokhoz<\/p>\n<\/li>\n<li class=\"\" data-start=\"1004\" data-end=\"1031\">\n<p class=\"\" data-start=\"1006\" data-end=\"1031\">Gyors kisz\u00e1ll\u00edt\u00e1s Eur\u00f3p\u00e1b\u00f3l<\/p>\n<\/li>\n<\/ul>\n<p class=\"\" data-start=\"1033\" data-end=\"1121\">T\u00f6k\u00e9letes technikusoknak \u00e9s jav\u00edt\u00f3 szakembereknek, akik megb\u00edzhat\u00f3 <strong data-start=\"1099\" data-end=\"1120\">Dell laptop alkatr\u00e9szeket<\/strong> keresnek.<\/p>\n","protected":false},"excerpt":{"rendered":"<p>Haszn\u00e1lt Dell OEM csatlakoz\u00f3k\u00e1rtya Latitude 7214 Rugged k\u00e9sz\u00fcl\u00e9khez. Tartalmazza az AMA01, 1414-0ADV000, 78H0R \u00e9s 078H0R cikksz\u00e1mokat. Teljesen tesztelt Dell laptop alkatr\u00e9sz.<\/p>\n","protected":false},"featured_media":11500,"template":"","meta":[],"product_brand":[],"product_cat":[27],"product_tag":[17],"class_list":{"0":"post-11444","1":"product","2":"type-product","3":"status-publish","4":"has-post-thumbnail","6":"product_cat-motherboards-board-parts","7":"product_tag-dell","9":"first","10":"instock","11":"taxable","12":"shipping-taxable","13":"purchasable","14":"product-type-simple"},"_links":{"self":[{"href":"https:\/\/boreait.com\/hu\/wp-json\/wp\/v2\/product\/11444","targetHints":{"allow":["GET"]}}],"collection":[{"href":"https:\/\/boreait.com\/hu\/wp-json\/wp\/v2\/product"}],"about":[{"href":"https:\/\/boreait.com\/hu\/wp-json\/wp\/v2\/types\/product"}],"wp:featuredmedia":[{"embeddable":true,"href":"https:\/\/boreait.com\/hu\/wp-json\/wp\/v2\/media\/11500"}],"wp:attachment":[{"href":"https:\/\/boreait.com\/hu\/wp-json\/wp\/v2\/media?parent=11444"}],"wp:term":[{"taxonomy":"product_brand","embeddable":true,"href":"https:\/\/boreait.com\/hu\/wp-json\/wp\/v2\/product_brand?post=11444"},{"taxonomy":"product_cat","embeddable":true,"href":"https:\/\/boreait.com\/hu\/wp-json\/wp\/v2\/product_cat?post=11444"},{"taxonomy":"product_tag","embeddable":true,"href":"https:\/\/boreait.com\/hu\/wp-json\/wp\/v2\/product_tag?post=11444"}],"curies":[{"name":"wp","href":"https:\/\/api.w.org\/{rel}","templated":true}]}}