{"id":11433,"date":"2025-09-17T13:20:11","date_gmt":"2025-09-17T11:20:11","guid":{"rendered":"https:\/\/boreait.com\/hu\/?post_type=product&#038;p=11433"},"modified":"2026-02-08T16:11:00","modified_gmt":"2026-02-08T15:11:00","slug":"dell-latitude-7214-robusztus-merevlemez-caddy-13nj-1ca0f11-oem-hasznalt","status":"publish","type":"product","link":"https:\/\/boreait.com\/hu\/termek\/dell-latitude-7214-robusztus-merevlemez-caddy-13nj-1ca0f11-oem-hasznalt\/","title":{"rendered":"Dell Latitude 7214 robusztus merevlemez Caddy 13NJ-1CA0F11 OEM haszn\u00e1lt"},"content":{"rendered":"<p class=\"\" data-start=\"390\" data-end=\"656\">Ez a <strong data-start=\"395\" data-end=\"424\">haszn\u00e1lt OEM merevlemez-tart\u00f3<\/strong> kompatibilis a <strong data-start=\"448\" data-end=\"477\">Dell Latitude 7214 Rugged<\/strong> laptoppal. Cikksz\u00e1m <strong data-start=\"498\" data-end=\"514\">13NJ-1CA0F11<\/strong>. \u00dagy tervezt\u00e9k, hogy biztons\u00e1gosan r\u00f6gz\u00edtse a 2,5&#8243;-os merevlemezt vagy SSD-t, \u00e9s n\u00e9lk\u00fcl\u00f6zhetetlen eleme a megfelel\u0151 beszerel\u00e9snek a massz\u00edv h\u00e1zba.<\/p>\n<p class=\"\" data-start=\"658\" data-end=\"682\">\u2705 <strong data-start=\"660\" data-end=\"680\">Kompatibilis:<\/strong><\/p>\n<ul data-start=\"683\" data-end=\"710\">\n<li class=\"\" data-start=\"683\" data-end=\"710\">\n<p class=\"\" data-start=\"685\" data-end=\"710\">Dell Latitude 7214 robusztus<\/p>\n<\/li>\n<\/ul>\n<p class=\"\" data-start=\"712\" data-end=\"732\">\u2705 <strong data-start=\"714\" data-end=\"730\">Alkatr\u00e9szsz\u00e1m:<\/strong><\/p>\n<ul data-start=\"733\" data-end=\"747\">\n<li class=\"\" data-start=\"733\" data-end=\"747\">\n<p class=\"\" data-start=\"735\" data-end=\"747\">13NJ-1CA0F11<\/p>\n<\/li>\n<\/ul>\n<p class=\"\" data-start=\"749\" data-end=\"770\">\u2705 <strong data-start=\"751\" data-end=\"768\">F\u0151bb jellemz\u0151k:<\/strong><\/p>\n<ul data-start=\"771\" data-end=\"955\">\n<li class=\"\" data-start=\"771\" data-end=\"799\">\n<p class=\"\" data-start=\"773\" data-end=\"799\">Eredeti Dell laptop alkatr\u00e9sz<\/p>\n<\/li>\n<li class=\"\" data-start=\"800\" data-end=\"837\">\n<p class=\"\" data-start=\"802\" data-end=\"837\">T\u00e1mogatja a szabv\u00e1nyos 2,5&#8243; HDD-t vagy SSD-t<\/p>\n<\/li>\n<li class=\"\" data-start=\"838\" data-end=\"885\">\n<p class=\"\" data-start=\"840\" data-end=\"885\">Ide\u00e1lis csere elveszett vagy s\u00e9r\u00fclt caddy eset\u00e9n<\/p>\n<\/li>\n<li class=\"\" data-start=\"886\" data-end=\"907\">\n<p class=\"\" data-start=\"888\" data-end=\"907\">Egyszer\u0171 telep\u00edt\u00e9s<\/p>\n<\/li>\n<li class=\"\" data-start=\"908\" data-end=\"955\">\n<p class=\"\" data-start=\"910\" data-end=\"955\">Haszn\u00e1lt \u00e9s teljesen m\u0171k\u00f6d\u0151k\u00e9pes \u2013 alaposan tesztelt<\/p>\n<\/li>\n<\/ul>\n<p class=\"\" data-start=\"957\" data-end=\"1050\">T\u00f6k\u00e9letes jav\u00edt\u00e1sokhoz vagy friss\u00edt\u00e9sekhez megb\u00edzhat\u00f3 <strong data-start=\"1004\" data-end=\"1025\">Dell laptop alkatr\u00e9szek<\/strong> haszn\u00e1lat\u00e1val. Gyors sz\u00e1ll\u00edt\u00e1s Eur\u00f3p\u00e1b\u00f3l.<\/p>\n","protected":false},"excerpt":{"rendered":"<p>Haszn\u00e1lt Dell Latitude 7214 strapab\u00edr\u00f3 merevlemez doboz \u2013 cikksz\u00e1m: 13NJ-1CA0F11. OEM Dell laptop alkatr\u00e9sz, t\u00f6k\u00e9letes HDD vagy SSD telep\u00edt\u00e9shez.<\/p>\n","protected":false},"featured_media":11498,"template":"","meta":[],"product_brand":[],"product_cat":[16],"product_tag":[17],"class_list":{"0":"post-11433","1":"product","2":"type-product","3":"status-publish","4":"has-post-thumbnail","6":"product_cat-laptop-housing","7":"product_tag-dell","9":"first","10":"instock","11":"taxable","12":"shipping-taxable","13":"purchasable","14":"product-type-simple"},"_links":{"self":[{"href":"https:\/\/boreait.com\/hu\/wp-json\/wp\/v2\/product\/11433","targetHints":{"allow":["GET"]}}],"collection":[{"href":"https:\/\/boreait.com\/hu\/wp-json\/wp\/v2\/product"}],"about":[{"href":"https:\/\/boreait.com\/hu\/wp-json\/wp\/v2\/types\/product"}],"wp:featuredmedia":[{"embeddable":true,"href":"https:\/\/boreait.com\/hu\/wp-json\/wp\/v2\/media\/11498"}],"wp:attachment":[{"href":"https:\/\/boreait.com\/hu\/wp-json\/wp\/v2\/media?parent=11433"}],"wp:term":[{"taxonomy":"product_brand","embeddable":true,"href":"https:\/\/boreait.com\/hu\/wp-json\/wp\/v2\/product_brand?post=11433"},{"taxonomy":"product_cat","embeddable":true,"href":"https:\/\/boreait.com\/hu\/wp-json\/wp\/v2\/product_cat?post=11433"},{"taxonomy":"product_tag","embeddable":true,"href":"https:\/\/boreait.com\/hu\/wp-json\/wp\/v2\/product_tag?post=11433"}],"curies":[{"name":"wp","href":"https:\/\/api.w.org\/{rel}","templated":true}]}}