{"id":11430,"date":"2025-09-17T13:20:10","date_gmt":"2025-09-17T11:20:10","guid":{"rendered":"https:\/\/boreait.com\/hu\/?post_type=product&#038;p=11430"},"modified":"2026-02-08T12:49:13","modified_gmt":"2026-02-08T11:49:13","slug":"0801-2gw4000-rugalmas-kabel-a-dell-latitude-7204-rugged-extreme-keszulekhez-oem-c_lid_c-fpc","status":"publish","type":"product","link":"https:\/\/boreait.com\/hu\/termek\/0801-2gw4000-rugalmas-kabel-a-dell-latitude-7204-rugged-extreme-keszulekhez-oem-c_lid_c-fpc\/","title":{"rendered":"0801-2GW4000 rugalmas k\u00e1bel a Dell Latitude 7204 Rugged Extreme k\u00e9sz\u00fcl\u00e9khez \u2013 OEM C_LID_C FPC"},"content":{"rendered":"<p class=\"\" data-start=\"431\" data-end=\"769\">Cser\u00e9lje ki a s\u00e9r\u00fclt vagy hib\u00e1s hajl\u00e9kony k\u00e1belt erre az eredeti <strong data-start=\"492\" data-end=\"522\">OEM C_LID_C FPC Flex k\u00e1belre<\/strong> (cikksz\u00e1m: <strong data-start=\"537\" data-start=\"537\" data-end=\"01-0, kifejezetten G-hez tervezve)\">08>41-0 a <strong data-start=\"585\" data-end=\"622\">Dell Latitude 7204 Rugged Extreme<\/strong> sorozat. Ez a kiv\u00e1l\u00f3 min\u0151s\u00e9g\u0171 csere megb\u00edzhat\u00f3 kapcsolatot biztos\u00edt az alkatr\u00e9szek k\u00f6z\u00f6tt, \u00e9s seg\u00edt vissza\u00e1ll\u00edtani a massz\u00edv laptop teljes funkcionalit\u00e1s\u00e1t.<\/p>\n<p class=\"\" data-start=\"771\" data-end=\"898\"><strong data-start=\"771\" data-end=\"791\">Kompatibilis a k\u00f6vetkez\u0151kkel:<\/strong><br data-start=\"791\" data-end=\"794\" \/>\u2714\ufe0f Dell Latitude 7204 Rugged Extreme=&#8221;\u2714\ufe0f<br data-3\ufe0f\" Cikksz\u00e1m: 0801-2GW4000<br data-start=\"858\" data-end=\"861\" \/>\u2714\ufe0f T\u00edpus: OEM C_LID_C FPC Flex k\u00e1bel<\/p>\n<p class=\"\" data-start=\"900\" data-end=\"915\"><strong data-start=\"900\" data-end=\"913\">Jellemz\u0151k:<\/strong><\/p>\n<ul data-start=\"916\" data-end=\"1089\">\n<li class=\"\" data-start=\"916\" data-end=\"954\">\n<p class=\"\" data-start=\"918\" data-end=\"954\">Eredeti OEM alkatr\u00e9sz \u2013 100%-ban kompatibilis<\/p>\n<\/li>\n<li class=\"\" data-start=\"955\" data-end=\"996\">\n<p class=\"\" data-start=\"957\" data-end=\"996\">K\u00f6nnyen telep\u00edthet\u0151 a megfelel\u0151 eszk\u00f6z\u00f6kkel<\/p>\n<\/li>\n<li class=\"\" data-start=\"997\" data-end=\"1040\">\n<p class=\"\" data-start=\"999\" data-end=\"1040\">Tart\u00f3s \u00e9s extr\u00e9m k\u00f6r\u00fclm\u00e9nyekhez k\u00e9sz\u00fclt<\/p>\n<\/li>\n<li class=\"\" data-start=\"1041\" data-end=\"1089\">\n<p class=\"\" data-start=\"1043\" data-end=\"1089\">Ide\u00e1lis jav\u00edt\u00e1si szakemberek \u00e9s bark\u00e1csol\u00f3k sz\u00e1m\u00e1ra<\/p>\n<\/li>\n<\/ul>\n","protected":false},"excerpt":{"rendered":"<p>V\u00e1s\u00e1roljon OEM 0801-2GW4000 rugalmas k\u00e1belt a Dell Latitude 7204 Rugged Extreme k\u00e9sz\u00fcl\u00e9khez. \u00c1ll\u00edtsa vissza eszk\u00f6z\u00e9t ezzel az eredeti C_LID_C FPC cserealkatr\u00e9szrel.<\/p>\n","protected":false},"featured_media":11482,"template":"","meta":[],"product_brand":[],"product_cat":[20],"product_tag":[17],"class_list":{"0":"post-11430","1":"product","2":"type-product","3":"status-publish","4":"has-post-thumbnail","6":"product_cat-cables","7":"product_tag-dell","9":"first","10":"instock","11":"taxable","12":"shipping-taxable","13":"purchasable","14":"product-type-simple"},"_links":{"self":[{"href":"https:\/\/boreait.com\/hu\/wp-json\/wp\/v2\/product\/11430","targetHints":{"allow":["GET"]}}],"collection":[{"href":"https:\/\/boreait.com\/hu\/wp-json\/wp\/v2\/product"}],"about":[{"href":"https:\/\/boreait.com\/hu\/wp-json\/wp\/v2\/types\/product"}],"wp:featuredmedia":[{"embeddable":true,"href":"https:\/\/boreait.com\/hu\/wp-json\/wp\/v2\/media\/11482"}],"wp:attachment":[{"href":"https:\/\/boreait.com\/hu\/wp-json\/wp\/v2\/media?parent=11430"}],"wp:term":[{"taxonomy":"product_brand","embeddable":true,"href":"https:\/\/boreait.com\/hu\/wp-json\/wp\/v2\/product_brand?post=11430"},{"taxonomy":"product_cat","embeddable":true,"href":"https:\/\/boreait.com\/hu\/wp-json\/wp\/v2\/product_cat?post=11430"},{"taxonomy":"product_tag","embeddable":true,"href":"https:\/\/boreait.com\/hu\/wp-json\/wp\/v2\/product_tag?post=11430"}],"curies":[{"name":"wp","href":"https:\/\/api.w.org\/{rel}","templated":true}]}}