{"id":11414,"date":"2025-09-17T13:19:40","date_gmt":"2025-09-17T11:19:40","guid":{"rendered":"https:\/\/boreait.com\/hu\/?post_type=product&#038;p=11414"},"modified":"2025-09-17T13:21:12","modified_gmt":"2025-09-17T11:21:12","slug":"latitude-robusztus-e7214-hdmi-es-usb-port-ajto-eredeti-laptop-cserealkatresz","status":"publish","type":"product","link":"https:\/\/boreait.com\/hu\/termek\/latitude-robusztus-e7214-hdmi-es-usb-port-ajto-eredeti-laptop-cserealkatresz\/","title":{"rendered":"Latitude robusztus E7214 HDMI- \u00e9s USB-port ajt\u00f3 \u2013 eredeti laptop cserealkatr\u00e9sz"},"content":{"rendered":"<p class=\"\" data-start=\"614\" data-end=\"876\"> \u00c1ll\u00edtsa vissza <strong data-start=\"627\" data-end=\"652\">Latitude Rugged E7214<\/strong> laptopj\u00e1t eredeti \u00e1llapot\u00e1ba ezzel az <strong data-start=\"696\" data-end=\"730\">eredeti HDMI \u00e9s USB-port ajt\u00f3val<\/strong>. Ha a jelenlegi portfedele megrepedt vagy hi\u00e1nyzik, ez a tart\u00f3s alkatr\u00e9sz biztos\u00edtja a portok v\u00e9delm\u00e9t, \u00e9s az eszk\u00f6z \u00fagy n\u00e9z ki, mint az \u00faj.<\/p>\n<p class=\"\" data-start=\"878\" data-end=\"1313\">\ud83d\udd39 <strong data-start=\"881\" data-end=\"898\">F\u0151bb jellemz\u0151k:<\/strong><br data-start=\"898\" data-end=\"901\" \/>\u2714 <strong data-start=\"903\" data-start=\"878\" data-end=\"1313\">\ud83d\udd39 <strong data-start=\"881\" data-end=\"898\" Eredeti, kiv\u00e1l\u00f3 min\u0151s\u00e9g\u0171 csere<br data-start=\"978\" data-end=\"981\" \/>\u2714 <strong data-start=\"983\" data-end=\"998\">T\u00f6k\u00e9letes illeszked\u00e9s<\/strong> \u2013 kifejezetten a <strong data-start=\"1031\" data-end=\"1056\">Latitude E7214 adatokhoz \/>\u2714 <strong data-start=\"1061\" data-end=\"1093\">Tart\u00f3s m\u0171anyag konstrukci\u00f3<\/strong> \u2013 Megv\u00e9di HDMI- \u00e9s USB-portjait a port\u00f3l \u00e9s a s\u00e9r\u00fcl\u00e9sekt\u0151l<br data-start=\"1149\" data-end=\"1152\" \/>\u2714 <strong data-start=\"1154\" data-end=\"1175\">Er\u0151sen biztons\u00e1gosan elhelyezheti a telep\u00edt\u00e9st<\/strong> portok<br data-start=\"1231\" data-end=\"1234\" \/>\u2714 <strong data-start=\"1236\" data-end=\"1251\">Val\u00f3di fot\u00f3k<\/strong> \u2013 Pontosan azt kapod, amit a k\u00e9peken l\u00e1tsz<\/p>\n<p class=\"\" data-start=\"1315\" data-end=\"1338\">\ud83d\udca1 <strong data-start=\"1318\" data-end=\"1336\">Kompatibilit\u00e1s:<\/strong><\/p>\n<ul data-start=\"1339\" data-end=\"1475\">\n<li class=\"\" data-start=\"1339\" data-end=\"1389\">\n<p class=\"\" data-start=\"1341\" data-end=\"1389\">Kompatibilis: <strong data-start=\"1357\" data-end=\"1387\">Dell Latitude Rugged E7214<\/strong><\/p>\n<\/li>\n<li class=\"\" data-start=\"1390\" data-end=\"1475\">\n<p class=\"\" data-start=\"1392\" data-end=\"1475\">T\u00f6k\u00e9letes a <strong data-start=\"1418\" \u200b\u200bdata-end=\"1444\">HDMI- \u00e9s USB-port ajt\u00f3<\/strong> cser\u00e9j\u00e9re, amely v\u00e9di a kritikus portokat<\/p>\n<\/li>\n<\/ul>\n<p class=\"\" data-start=\"1477\" data-end=\"1614\">\ud83d\udcf8 <strong data-start=\"1480\" data-end=\"1496\">Val\u00f3di fot\u00f3k:<\/strong> Az adatlapon szerepl\u0151 fot\u00f3k a t\u00e9nyleges <strong data-start=\"1544\" data-end=\"1569\">Latitude 7=&#8221;7=&#8221;151 Rugged&#8221; data-end=&#8221;1583&#8243;>port ajt\u00f3t<\/strong> kap \u2013 semmi meglepet\u00e9s!<\/p>\n<p class=\"\" data-start=\"1616\" data-end=\"1742\">\u2753 <strong data-start=\"1618\" data-end=\"1632\">Seg\u00edts\u00e9gre van sz\u00fcks\u00e9ge?<\/strong> Nem adunk r\u00e9szletes telep\u00edt\u00e9si \u00fatmutat\u00e1st, de ha \u00fatmutat\u00e1sra van sz\u00fcks\u00e9ge, b\u00e1tran forduljon a k\u00f6vetkez\u0151h\u00f6z: <strong data-start=\"1725\" data-end=\"1725\" data-end=\"17p3<\/strong>us9&#8243;>ssap>!<\/p>\n<p class=\"\" data-start=\"1744\" data-end=\"1844\">\ud83d\udce6 <strong data-start=\"1747\" data-end=\"1775\">Gyors sz\u00e1ll\u00edt\u00e1s a vil\u00e1g minden pontj\u00e1ra!<\/strong> Hozd vissza laptopod cs\u00facsform\u00e1j\u00e1t ezzel a <strong data-start=\"1820\" data-end=\"1841\"<\/p>\n<p> port<\/strong> eredeti verzi\u00f3val.<\/p>\n","protected":false},"excerpt":{"rendered":"<p class=\"\" data-start=\"306\" data-end=\"533\">Cser\u00e9lje ki a s\u00e9r\u00fclt vagy hi\u00e1nyz\u00f3 <strong data-start=\"338\" data-end=\"364\">HDMI- \u00e9s USB-port ajtaj\u00e1t<\/strong> erre az <strong data-start=\"375\" data-end=\"413\">eredeti Latitude Rugged E7214 alkatr\u00e9szre<\/strong>. T\u00f6k\u00e9letesen illeszkedik a laptop portjainak z\u00f6kken\u0151mentes v\u00e9delm\u00e9hez. <strong data-start=\"477\" data-end=\"533\">Val\u00f3di f\u00e9nyk\u00e9peket mell\u00e9kel\u00fcnk \u2013 pontosan azt kapod, amit l\u00e1tsz!<\/strong><\/p>\n","protected":false},"featured_media":11477,"template":"","meta":[],"product_brand":[],"product_cat":[16],"product_tag":[17],"class_list":{"0":"post-11414","1":"product","2":"type-product","3":"status-publish","4":"has-post-thumbnail","6":"product_cat-laptop-housing","7":"product_tag-dell","9":"first","10":"instock","11":"taxable","12":"shipping-taxable","13":"purchasable","14":"product-type-simple"},"_links":{"self":[{"href":"https:\/\/boreait.com\/hu\/wp-json\/wp\/v2\/product\/11414","targetHints":{"allow":["GET"]}}],"collection":[{"href":"https:\/\/boreait.com\/hu\/wp-json\/wp\/v2\/product"}],"about":[{"href":"https:\/\/boreait.com\/hu\/wp-json\/wp\/v2\/types\/product"}],"wp:featuredmedia":[{"embeddable":true,"href":"https:\/\/boreait.com\/hu\/wp-json\/wp\/v2\/media\/11477"}],"wp:attachment":[{"href":"https:\/\/boreait.com\/hu\/wp-json\/wp\/v2\/media?parent=11414"}],"wp:term":[{"taxonomy":"product_brand","embeddable":true,"href":"https:\/\/boreait.com\/hu\/wp-json\/wp\/v2\/product_brand?post=11414"},{"taxonomy":"product_cat","embeddable":true,"href":"https:\/\/boreait.com\/hu\/wp-json\/wp\/v2\/product_cat?post=11414"},{"taxonomy":"product_tag","embeddable":true,"href":"https:\/\/boreait.com\/hu\/wp-json\/wp\/v2\/product_tag?post=11414"}],"curies":[{"name":"wp","href":"https:\/\/api.w.org\/{rel}","templated":true}]}}