{"id":11411,"date":"2025-09-17T13:19:40","date_gmt":"2025-09-17T11:19:40","guid":{"rendered":"https:\/\/boreait.com\/hu\/?post_type=product&#038;p=11411"},"modified":"2025-09-17T13:21:09","modified_gmt":"2025-09-17T11:21:09","slug":"dell-latitude-robusztus-e7214-billentyuzet-03n36k-hattervilagitassal-eredeti-laptop-cserealkatresz","status":"publish","type":"product","link":"https:\/\/boreait.com\/hu\/termek\/dell-latitude-robusztus-e7214-billentyuzet-03n36k-hattervilagitassal-eredeti-laptop-cserealkatresz\/","title":{"rendered":"Dell Latitude robusztus E7214 billenty\u0171zet 03N36K h\u00e1tt\u00e9rvil\u00e1g\u00edt\u00e1ssal \u2013 Eredeti laptop cserealkatr\u00e9sz"},"content":{"rendered":"<p class=\"\" data-start=\"615\" data-end=\"868\"> \u00c1ll\u00edtsa vissza <strong data-start=\"628\" data-end=\"658\">Dell Latitude Rugged E7214<\/strong> teljes funkcionalit\u00e1s\u00e1t ezzel az <strong data-start=\"695\" data-end=\"727\">eredeti Dell 03N36K billenty\u0171zettel<\/strong>. A <strong data-start=\"746\" data-end=\"772\">Latitude Rugged sorozathoz<\/strong> tervezett cserebillenty\u0171zet tart\u00f3ss\u00e1got, megb\u00edzhat\u00f3s\u00e1got \u00e9s z\u00f6kken\u0151mentes g\u00e9pel\u00e9si \u00e9lm\u00e9nyt biztos\u00edt.<\/p>\n<p class=\"\" data-start=\"870\" data-end=\"1191\">\ud83d\udd39 <strong data-start=\"873\" data-end=\"890\">F\u0151bb jellemz\u0151k:<\/strong><br data-start=\"890\" data-end=\"893\" \/>\u2714 <strong data-start=\"895\" data-end=\"895\" Modell <strong> \u2013 Data-end=&#8221;91. r\u00e9sz: G<\/strong>1. data-start=&#8221;926&#8243; data-end=&#8221;936&#8243;>03N36K<\/strong><br data-start=\"936\" data-end=\"939\" \/>\u2714 <strong data-start=\"941\" data-end=\"987\">Kompatibilis a Dell Latitude Rugged E7214-el<\/strong><br data-start\" <strong><br \/> data-start=&#8221;9897&#8243; data&#8221; \/> data-start=&#8221;992&#8243; data-end=&#8221;1019&#8243;>Tart\u00f3s &amp; Robusztus kialak\u00edt\u00e1s<\/strong> \u2013 extr\u00e9m k\u00f6r\u00fclm\u00e9nyekhez k\u00e9sz\u00fclt<br data-start=\"1050\" data-end=\"1053\" \/>\u2714 <strong data-start=\"1055\" data-end=\"1092\">Norm\u00e1l elrendez\u00e9s \u00e9s amp; Reszponz\u00edv billenty\u0171k<\/strong> \u2013 K\u00e9nyelmes mindennapi haszn\u00e1latra<br data-start=\"1123\" data-end=\"1126\" \/>\u2714 <strong data-start=\"1128\" data-end=\"1163\">T\u00f6k\u00e9letes illeszked\u00e9s \u00e9s amp; Egyszer\u0171 telep\u00edt\u00e9s<\/strong> \u2013 Nincs sz\u00fcks\u00e9g m\u00f3dos\u00edt\u00e1sra<\/p>\n<p class=\"\" data-start=\"1193\" data-end=\"1216\">\ud83d\udca1 <strong data-start=\"1196\" data-end=\"1214\">Kompatibilit\u00e1s:<\/strong><\/p>\n<ul data-start=\"1217\" data-end=\"1401\">\n<li class=\"\" data-start=\"1217\" data-end=\"1317\">\n<p class=\"\" data-start=\"1219\" data-end=\"1317\">Kifejezetten a <strong data-start=\"1245\" data-end=\"1275\">Dell Latitude Rugged E7214<\/strong>hez tervezve (v\u00e1s\u00e1rl\u00e1s el\u0151tt ellen\u0151rizze a kompatibilit\u00e1st)<\/p>\n<\/li>\n<li class=\"\" data-start=\"1318\" data-end=\"1401\">\n<p class=\"\" data-start=\"1320\" data-end=\"1401\">Pontos <strong data-start=\"1326\" data-end=\"1345\">OEM csere<\/strong> \u2013 Nincs illeszt\u0151program probl\u00e9ma, z\u00f6kken\u0151mentesen m\u0171k\u00f6dik laptopj\u00e1val<\/p>\n<\/li>\n<\/ul>\n<p class=\"\" data-start=\"1403\" data-end=\"1518\">\ud83d\udcf8 <strong data-start=\"1406\" data-end=\"1422\">Val\u00f3di fot\u00f3k:<\/strong> A list\u00e1ban szerepl\u0151 k\u00e9pek a <strong data-start=\"1461\" data-end=\"1497\">t\u00e9nyleges<\/p>\n<p> billenty\u0171zetr\u0151l k\u00e9sz\u00fcltek \u2013 rakt\u00e1ron nem kapsz k\u00e9peket<\/p>\n<p>!<\/p>\n<p class=\"\" data-start=\"1520\" data-end=\"1638\">\u2753 <strong data-start=\"1522\" data-end=\"1536\">Seg\u00edts\u00e9gre van sz\u00fcks\u00e9ge?<\/strong> Nem adunk telep\u00edt\u00e9si utas\u00edt\u00e1sokat, de nyugodtan <strong data-start=\"1598\" data-end=\"1612\">\u00fczenjen<\/strong>, ha seg\u00edts\u00e9gre van sz\u00fcks\u00e9ge.<\/strong><br \/>\n n <\/p>\n<p class = \"\" data-start = \"1640\" data-end = \"1766\"> \ud83d\udce6 <strong data-start = \"1643\" data-end = \"1671\"> gyors sz\u00e1ll\u00edt\u00e1s el\u00e9rhet\u0151!<\/p>\n","protected":false},"excerpt":{"rendered":"<p>Cser\u00e9lje ki hib\u00e1s vagy hi\u00e1nyz\u00f3 billenty\u0171zet\u00e9t erre az <strong data-start=\"365\" data-end=\"422\">eredeti Dell Latitude Rugged E7214 billenty\u0171zetre (03N36K)<\/strong>. Eredeti alkatr\u00e9sz a t\u00f6k\u00e9letes illeszked\u00e9s \u00e9s a g\u00f6rd\u00fcl\u00e9keny g\u00e9pel\u00e9s \u00e9rdek\u00e9ben. <strong data-start=\"485\" data-end=\"532\">Val\u00f3di fot\u00f3k \u2013 amit l\u00e1tsz, azt kapod!<\/strong><\/p>\n","protected":false},"featured_media":11473,"template":"","meta":[],"product_brand":[],"product_cat":[35],"product_tag":[17],"class_list":{"0":"post-11411","1":"product","2":"type-product","3":"status-publish","4":"has-post-thumbnail","6":"product_cat-laptop-keyboard","7":"product_tag-dell","9":"first","10":"instock","11":"taxable","12":"shipping-taxable","13":"purchasable","14":"product-type-simple"},"_links":{"self":[{"href":"https:\/\/boreait.com\/hu\/wp-json\/wp\/v2\/product\/11411","targetHints":{"allow":["GET"]}}],"collection":[{"href":"https:\/\/boreait.com\/hu\/wp-json\/wp\/v2\/product"}],"about":[{"href":"https:\/\/boreait.com\/hu\/wp-json\/wp\/v2\/types\/product"}],"wp:featuredmedia":[{"embeddable":true,"href":"https:\/\/boreait.com\/hu\/wp-json\/wp\/v2\/media\/11473"}],"wp:attachment":[{"href":"https:\/\/boreait.com\/hu\/wp-json\/wp\/v2\/media?parent=11411"}],"wp:term":[{"taxonomy":"product_brand","embeddable":true,"href":"https:\/\/boreait.com\/hu\/wp-json\/wp\/v2\/product_brand?post=11411"},{"taxonomy":"product_cat","embeddable":true,"href":"https:\/\/boreait.com\/hu\/wp-json\/wp\/v2\/product_cat?post=11411"},{"taxonomy":"product_tag","embeddable":true,"href":"https:\/\/boreait.com\/hu\/wp-json\/wp\/v2\/product_tag?post=11411"}],"curies":[{"name":"wp","href":"https:\/\/api.w.org\/{rel}","templated":true}]}}