{"id":11398,"date":"2025-09-17T13:19:15","date_gmt":"2025-09-17T11:19:15","guid":{"rendered":"https:\/\/boreait.com\/hu\/?post_type=product&#038;p=11398"},"modified":"2025-09-17T13:21:06","modified_gmt":"2025-09-17T11:21:06","slug":"dell-latitude-rugged-e7214-alaplap-0fy1vn-i7-6600u-eredeti-laptop-alkatresz-tesztelve","status":"publish","type":"product","link":"https:\/\/boreait.com\/hu\/termek\/dell-latitude-rugged-e7214-alaplap-0fy1vn-i7-6600u-eredeti-laptop-alkatresz-tesztelve\/","title":{"rendered":"Dell Latitude Rugged E7214 alaplap 0FY1VN i7-6600U \u2013 Eredeti laptop alkatr\u00e9sz tesztelve"},"content":{"rendered":"<p class=\"\" data-start=\"558\" data-end=\"800\"> \u00c1ll\u00edtsa vissza vagy friss\u00edtse <strong data-start=\"582\" data-end=\"612\">Dell Latitude Rugged E7214<\/strong> k\u00e9sz\u00fcl\u00e9k\u00e9t ezzel az <strong data-start=\"623\" data-end=\"659\">eredeti OEM-alaplappal (0FY.V N)<\/strong>. A kifejezetten az <strong data-start=\"691\" data-end=\"707\">E7214 sorozat<\/strong>hoz tervezett alaplap teljes kompatibilit\u00e1st, massz\u00edv tart\u00f3ss\u00e1got \u00e9s z\u00f6kken\u0151mentes teljes\u00edtm\u00e9nyt biztos\u00edt. CPU: <span data-sheets-root=\"1\">i7-6600U<\/span>.<\/p>\n<p>? data-start=&#8221;860&#8243; data-end=&#8221;882&#8243;>0FY1VN alaplap<\/strong>, nem egy \u00e1ltal\u00e1nos csere<br data-start=\"909\" data-end=\"912\" \/>\u2714 <strong data-start=\"914\" data-end=\"940\">Teljesen tesztelt \u00e9s amp; M\u0171k\u00f6d\u0151<\/strong> \u2013 Biztos\u00edtja a megb\u00edzhat\u00f3s\u00e1got \u00e9s a teljes\u00edtm\u00e9nyt<br data-start=\"978\" data-end=\"981\" \/>\u2714 <strong data-start=\"983\" data-end=\"1015\">Magas laptopokhoz optimaliz\u00e1lva<\/strong> \u2013 Neh\u00e9z k\u00f6rnyezetekhez tervezve<br data-start=\"\u20201046\" data-9\" \/> adatok data-end=&#8221;1194&#8243;>Latitude Rugged E7214<\/strong><\/p>\n<p class=\"\" data-start=\"1198\" data-end=\"1221\">\ud83d\udca1 <strong data-start=\"1201\" data-end=\"1219\">Kompatibilit\u00e1s:<\/strong><\/p>\n<ul data-start=\"1222\" data-end=\"1380\">\n<li class=\"\" data-start=\"1222\" data-end=\"1293\">\n<p class=\"\" data-start=\"1224\" data-end=\"1293\"><strong data-start=\"1224\" data-end=\"1254\">Dell Latitude Rugged E7214<\/strong> (V\u00e1s\u00e1rl\u00e1s el\u0151tt ellen\u0151rizze a modellt)<\/p>\n<\/li>\n<li class=\"\" data-start=\"1294\" data-end=\"1380\">\n<p class=\"\" data-start=\"1296\" data-end=\"1380\">A <strong data-start=\"1318\" data-end=\"1343\">Dell robusztus laptopjaival<\/strong> val\u00f3 egy\u00fcttm\u0171k\u00f6d\u00e9sre tervezt\u00e9k, biztos\u00edtva a tart\u00f3ss\u00e1got \u00e9s a stabilit\u00e1st<\/p>\n<\/li>\n<\/ul>\n<p class=\"\" data-start=\"1382\" data-end=\"1490\">\ud83d\udcf8 <strong data-start=\"1385\" data-end=\"1401\">Val\u00f3di fot\u00f3k:<\/strong> A list\u00e1n szerepl\u0151 k\u00e9pek pontosan azt az alaplapot mutatj\u00e1k, amelyet kapsz \u2013 nincs meglepet\u00e9s!<\/p>\n<p class=\"\" data-start=\"1492\" data-end=\"1604\">\u2753 <strong data-start=\"1494\" data-end=\"1508\">Seg\u00edts\u00e9gre van sz\u00fcks\u00e9ge?<\/strong> Hab\u00e1r nem adunk telep\u00edt\u00e9si utas\u00edt\u00e1sokat, nyugodtan <strong data-start=\"1572\" data-end=\"1586\">\u00fczenjen nek\u00fcnk.<\/strong><\/p>\n<p class=\"\" data-start=\"1606\" data-end=\"1741\">\ud83d\udce6 <strong data-start=\"1609\" data-end=\"1637\">Gyors kisz\u00e1ll\u00edt\u00e1s a vil\u00e1g minden pontj\u00e1ra!<\/strong> Szerezzen <strong data-start=\"1647\" data-end=\"1677\">Dell Latitude Rugged ezzel a <strong>Rugged E2-vel<\/strong> a cs\u00facsra 4<\/strong> data-start=&#8221;1712&#8243; data-end=&#8221;1738&#8243;>OEM 0FY1VN alaplap<\/strong>.<\/p>\n","protected":false},"excerpt":{"rendered":"<p>\u00c1ll\u00edtsa vissza <strong data-start=\"328\" data-end=\"358\">Dell Latitude Rugged E7214<\/strong> teljes funkcionalit\u00e1s\u00e1t ezzel az <strong data-start=\"396\" data-end=\"426\">eredeti 0FY1VN alaplappal<\/strong>. <strong data-start=\"428\" data-end=\"475\">Val\u00f3di fot\u00f3k \u2013 amit l\u00e1tsz, azt kapod!<\/strong><\/p>\n","protected":false},"featured_media":11472,"template":"","meta":[],"product_brand":[],"product_cat":[27],"product_tag":[17],"class_list":{"0":"post-11398","1":"product","2":"type-product","3":"status-publish","4":"has-post-thumbnail","6":"product_cat-motherboards-board-parts","7":"product_tag-dell","9":"first","10":"instock","11":"taxable","12":"shipping-taxable","13":"purchasable","14":"product-type-simple"},"_links":{"self":[{"href":"https:\/\/boreait.com\/hu\/wp-json\/wp\/v2\/product\/11398","targetHints":{"allow":["GET"]}}],"collection":[{"href":"https:\/\/boreait.com\/hu\/wp-json\/wp\/v2\/product"}],"about":[{"href":"https:\/\/boreait.com\/hu\/wp-json\/wp\/v2\/types\/product"}],"wp:featuredmedia":[{"embeddable":true,"href":"https:\/\/boreait.com\/hu\/wp-json\/wp\/v2\/media\/11472"}],"wp:attachment":[{"href":"https:\/\/boreait.com\/hu\/wp-json\/wp\/v2\/media?parent=11398"}],"wp:term":[{"taxonomy":"product_brand","embeddable":true,"href":"https:\/\/boreait.com\/hu\/wp-json\/wp\/v2\/product_brand?post=11398"},{"taxonomy":"product_cat","embeddable":true,"href":"https:\/\/boreait.com\/hu\/wp-json\/wp\/v2\/product_cat?post=11398"},{"taxonomy":"product_tag","embeddable":true,"href":"https:\/\/boreait.com\/hu\/wp-json\/wp\/v2\/product_tag?post=11398"}],"curies":[{"name":"wp","href":"https:\/\/api.w.org\/{rel}","templated":true}]}}