{"id":11397,"date":"2025-09-17T13:19:15","date_gmt":"2025-09-17T11:19:15","guid":{"rendered":"https:\/\/boreait.com\/hu\/?post_type=product&#038;p=11397"},"modified":"2025-09-17T13:21:03","modified_gmt":"2025-09-17T11:21:03","slug":"dell-latitude-robusztus-e7214-laptop-elolap-borito-kepernyotok","status":"publish","type":"product","link":"https:\/\/boreait.com\/hu\/termek\/dell-latitude-robusztus-e7214-laptop-elolap-borito-kepernyotok\/","title":{"rendered":"Dell Latitude robusztus E7214 laptop el\u0151lap bor\u00edt\u00f3 \u2013 k\u00e9perny\u0151tok"},"content":{"rendered":"<p class=\"\" data-start=\"586\" data-end=\"872\">Ny\u00fajtsa vissza <strong data-start=\"626\" data-end=\"663\">Dell Latitude Rugged E7214 laptop<\/strong> megjelen\u00e9s\u00e9t \u00e9s tart\u00f3ss\u00e1g\u00e1t ezzel az <strong data-start=\"674\" data-end=\"709\">eredeti el\u0151lap csere<\/strong>vel. Ez a kifejezetten az <strong data-start=\"741\" data-end=\"764\">E7214 Rugged sorozathoz<\/strong> tervezett el\u0151lap <strong data-start=\"787\" data-end=\"803\">z\u00f6kken\u0151mentes illeszked\u00e9st<\/strong> biztos\u00edt, mik\u00f6zben meg\u0151rzi laptopja tart\u00f3ss\u00e1g\u00e1t \u00e9s robusztus kialak\u00edt\u00e1s\u00e1t. Minden k\u00e1belt tartalmaz!<\/p>\n<p>? t\u00f6k\u00e9letes illeszked\u00e9s<br data-start=\"959\" data-end=\"962\" \/>\u2714 <strong data-start=\"964\" data-end=\"996\">Modell: Latitude Rugged E7214<\/strong> \u2013 Kifejezetten ehhez a sorozathoz tervezt\u00e9k<br data-start=\"1036\" data-end=\"1039\" \/>\u2714 <strong data-start=\"964\" data-end=\"996\"> data-end=&#8221;1073&#8243;>Megv\u00e9di a bels\u0151 alkatr\u00e9szeket<\/strong> \u2013 Megv\u00e9di a kijelz\u0151 ter\u00fclet\u00e9t a port\u00f3l \u00e9s a s\u00e9r\u00fcl\u00e9sekt\u0151l<br data-start=\"1121\" data-end=\"1124\" \/>\u2714 <strong data-start=\"1126\" data-end=\"1143\">Magas kialak\u00edt\u00e1s<\/strong> \u2013 Megtartja a laptop eredeti<br1 data-4. k\u00e9pess\u00e9g\u00e9t data-end=\"1197\" \/>\u2714 <strong data-start=\"1199\" data-end=\"1220\">Egyszer\u0171 telep\u00edt\u00e9s<\/strong> \u2013 A s\u00e9r\u00fclt vagy hi\u00e1nyz\u00f3 el\u0151lap k\u00f6zvetlen cser\u00e9je<\/p>\n<p class=\"\" data-start=\"1276\" data-end=\"1299\">\ud83d\udca1 <strong data-start=\"1279\" data-end=\"1297\">Kompatibilit\u00e1s:<\/strong><\/p>\n<ul data-start=\"1300\" data-end=\"1378\">\n<li class=\"\" data-start=\"1300\" data-end=\"1378\">\n<p class=\"\" data-start=\"1302\" data-end=\"1378\"><strong data-start=\"1302\" data-end=\"1332\">Dell Latitude Rugged E7214<\/strong> (V\u00e1s\u00e1rl\u00e1s el\u0151tt ellen\u0151rizze laptopja modellj\u00e9t)<\/p>\n<\/li>\n<\/ul>\n<p>?<\/p>\n<p class=\"\" data-start=\"1517\" data-end=\"1662\">\u2753 <strong data-start=\"1519\" data-end=\"1539\">Seg\u00edts\u00e9gre van sz\u00fcks\u00e9ge?<\/strong> B\u00e1r nem adunk telep\u00edt\u00e9si \u00fatmutat\u00f3t, nyugodtan <strong data-start=\"1597\" data-end=\"1611\">ha seg\u00edts\u00e9gre van sz\u00fcks\u00e9ge<\/strong>, miel\u0151tt vagy miut\u00e1n seg\u00edts\u00e9gre van sz\u00fcks\u00e9ge. v\u00e1s\u00e1rl\u00e1s.<\/p>\n<p class=\"\" data-start=\"1664\" data-end=\"1805\">\ud83d\udce6 <strong data-start=\"1667\" data-end=\"1695\">Gyors sz\u00e1ll\u00edt\u00e1s a vil\u00e1g minden pontj\u00e1ra!<\/strong> Szerezze be Dell <strong data-start=\"1710\" data-end=\"1747\">gyorsan helyre\u00e1ll\u00edtja a Latitude E721 laptopj\u00e1t \u00e9s a Latitude E721 bor\u00edt\u00e1s\u00e1t \u00e9s burkolat\u00e1t<\/strong> st\u00edlus.<\/p>\n","protected":false},"excerpt":{"rendered":"<p>Cser\u00e9lje ki a s\u00e9r\u00fclt vagy hi\u00e1nyz\u00f3 <strong data-start=\"339\" data-end=\"381\">Dell Latitude Rugged E7214 el\u0151lapburkolatot<\/strong> ezzel az eredeti cser\u00e9vel. T\u00f6k\u00e9letes illeszked\u00e9sre \u00e9s tart\u00f3ss\u00e1gra tervezt\u00e9k. <strong data-start=\"456\" data-end=\"503\">Val\u00f3di fot\u00f3k \u2013 amit l\u00e1tsz, azt kapod!<\/strong><\/p>\n","protected":false},"featured_media":11471,"template":"","meta":[],"product_brand":[],"product_cat":[16],"product_tag":[],"class_list":{"0":"post-11397","1":"product","2":"type-product","3":"status-publish","4":"has-post-thumbnail","6":"product_cat-laptop-housing","8":"first","9":"instock","10":"taxable","11":"shipping-taxable","12":"purchasable","13":"product-type-simple"},"_links":{"self":[{"href":"https:\/\/boreait.com\/hu\/wp-json\/wp\/v2\/product\/11397","targetHints":{"allow":["GET"]}}],"collection":[{"href":"https:\/\/boreait.com\/hu\/wp-json\/wp\/v2\/product"}],"about":[{"href":"https:\/\/boreait.com\/hu\/wp-json\/wp\/v2\/types\/product"}],"wp:featuredmedia":[{"embeddable":true,"href":"https:\/\/boreait.com\/hu\/wp-json\/wp\/v2\/media\/11471"}],"wp:attachment":[{"href":"https:\/\/boreait.com\/hu\/wp-json\/wp\/v2\/media?parent=11397"}],"wp:term":[{"taxonomy":"product_brand","embeddable":true,"href":"https:\/\/boreait.com\/hu\/wp-json\/wp\/v2\/product_brand?post=11397"},{"taxonomy":"product_cat","embeddable":true,"href":"https:\/\/boreait.com\/hu\/wp-json\/wp\/v2\/product_cat?post=11397"},{"taxonomy":"product_tag","embeddable":true,"href":"https:\/\/boreait.com\/hu\/wp-json\/wp\/v2\/product_tag?post=11397"}],"curies":[{"name":"wp","href":"https:\/\/api.w.org\/{rel}","templated":true}]}}