{"id":11393,"date":"2025-09-17T13:19:14","date_gmt":"2025-09-17T11:19:14","guid":{"rendered":"https:\/\/boreait.com\/hu\/?post_type=product&#038;p=11393"},"modified":"2026-03-10T12:52:45","modified_gmt":"2026-03-10T11:52:45","slug":"4-gb-1rx16-pc4-2666v-sc0-11-ddr4-laptop-ram-eredeti-memoriabovites","status":"publish","type":"product","link":"https:\/\/boreait.com\/hu\/termek\/4-gb-1rx16-pc4-2666v-sc0-11-ddr4-laptop-ram-eredeti-memoriabovites\/","title":{"rendered":"4 GB 1Rx16 PC4-2666V SC0 11 DDR4 laptop RAM \u2013 Eredeti mem\u00f3riab\u0151v\u00edt\u00e9s"},"content":{"rendered":"<p class=\"\" data-start=\"573\" data-end=\"833\">B\u0151v\u00edtse laptopja mem\u00f3ri\u00e1j\u00e1t ezzel a <strong data-start=\"612\" data-end=\"661\">4 GB DDR4 2666MHz RAM-mal (1Rx16 PC4-2666V SC0 11)<\/strong> a gyorsabb \u00e9s t\u00f6bbfeladatos munkav\u00e9gz\u00e9s \u00e9rdek\u00e9ben. Ak\u00e1r dolgozik, ak\u00e1r streamel, ak\u00e1r j\u00e1tszik, ez a <strong data-start=\"758\" data-end=\"789\">nagy teljes\u00edtm\u00e9ny\u0171 laptop RAM<\/strong> z\u00f6kken\u0151mentes \u00e9s hat\u00e9kony teljes\u00edtm\u00e9nyt biztos\u00edt.<\/p>\n<p>? sz\u00e1m\u00edt\u00e1stechnika \u00e9s t\u00f6bbfeladatos munkav\u00e9gz\u00e9s<br data-start=\"927\" data-end=\"930\" \/>\u2714 <strong data-start=\"932\" data-end=\"942\">Sebess\u00e9g:<\/strong> <strong data-start=\"943\" data-end=\"973\">2666 MHz (PC4-2666V)<\/strong> v\u00e1laszad\u00e1si k\u00e9pess\u00e9g<br \/> SC0 adatok <strong data-start=\"1083\" data-end=\"1108\">Rangsorol\u00e1s \u00e9s amp; Konfigur\u00e1ci\u00f3:<\/strong> 1Rx16 \u2013 Modern laptop alaplapokhoz optimaliz\u00e1lva<br data-start=\"1157\" data-end=\"1160\" \/>\u2714 <strong data-start=\"1162\" data-end=\"1183\">Energiatakar\u00e9kos:<\/strong> Alacsony energiafogyaszt\u00e1s a hosszabb akkumul\u00e1tor-\u00e9lettartam \u00e9rdek\u00e9ben<\/p>\n<p class=\"\" data-start=\"1233\" data-end=\"1256\">\ud83d\udca1 <strong data-start=\"1236\" data-end=\"1254\">Kompatibilit\u00e1s:<\/strong><\/p>\n<ul data-start=\"1257\" data-end=\"1440\">\n<li class=\"\" data-start=\"1257\" data-end=\"1324\">\n<p class=\"\" data-start=\"1259\" data-end=\"1324\">Kompatibilis <strong data-start=\"1275\" data-end=\"1322\">DDR4 2666MHz SO-DIMM RAM-ot t\u00e1mogat\u00f3 laptopokkal<\/strong><\/p>\n<\/li>\n<li class=\"\" data-start=\"1325\" data-end=\"1440\">\n<p class=\"\" data-start=\"1327\" data-end=\"1440\">Egy\u00fcttm\u0171k\u00f6dik olyan jelent\u0151s m\u00e1rk\u00e1kkal, mint a HP, Dell, Lenovo, ASUS, Acer \u00e9s m\u00e1s (v\u00e1s\u00e1rl\u00e1s el\u0151tt ellen\u0151rizze a rendszer specifik\u00e1ci\u00f3it)<\/p>\n<\/li>\n<\/ul>\n<p class=\"\" data-start=\"1442\" data-end=\"1543\">\ud83d\udcf8 <strong data-start=\"1445\" data-end=\"1461\">Val\u00f3di fot\u00f3k:<\/strong> Az adatlapon szerepl\u0151 k\u00e9pek pontosan azt a term\u00e9ket mutatj\u00e1k, amelyet \u00d6n kap \u2013 nincs meglepet\u00e9s!<\/p>\n<p class=\"\" data-start=\"1545\" data-end=\"1643\">\u2753 <strong data-start=\"1547\" data-end=\"1561\">Seg\u00edts\u00e9gre van sz\u00fcks\u00e9ge?<\/strong> Ha b\u00e1rmilyen k\u00e9rd\u00e9se van a kompatibilit\u00e1st illet\u0151en, nyugodtan \u00edrjon <strong data-start=\"1626\" data-end=\"1640\">\u00fczenet<\/strong><\/strong>.<\/p>\n<p class=\"\" data-start=\"1645\" data-end=\"1781\">\ud83d\udce6 <strong data-start=\"1648\" data-end=\"1676\">Gyors sz\u00e1ll\u00edt\u00e1s a vil\u00e1g minden pontj\u00e1ra!<\/strong> B\u0151v\u00edtse laptopja mem\u00f3ri\u00e1j\u00e1t m\u00e9g ma, \u00e9s \u00e9lvezze a gyorsabb teljes\u00edtm\u00e9nyt a <strong data-start=\"1746\" data-end=\"17 genuine8\">th=&#8221;17 DR RAM&#8221; seg\u00edts\u00e9g\u00e9vel modul<\/strong>.<\/p>\n","protected":false},"excerpt":{"rendered":"<p>N\u00f6velje laptopja teljes\u00edtm\u00e9ny\u00e9t ezzel a <strong data-start=\"337\" data-end=\"386\">4 GB DDR4 2666 MHz RAM-mal (1Rx16 PC4-2666V SC0 11)<\/strong>. Megb\u00edzhat\u00f3, nagy sebess\u00e9g\u0171 mem\u00f3ria a g\u00f6rd\u00fcl\u00e9kenyebb t\u00f6bbfeladatos munkav\u00e9gz\u00e9shez. <strong data-start=\"443\" data-end=\"490\">Val\u00f3di fot\u00f3k \u2013 amit l\u00e1tsz, azt kapod!<\/strong><\/p>\n","protected":false},"featured_media":11455,"template":"","meta":[],"product_brand":[],"product_cat":[40,36],"product_tag":[],"class_list":{"0":"post-11393","1":"product","2":"type-product","3":"status-publish","4":"has-post-thumbnail","6":"product_cat-ddr4","7":"product_cat-ram-memory","9":"first","10":"instock","11":"taxable","12":"shipping-taxable","13":"purchasable","14":"product-type-simple"},"_links":{"self":[{"href":"https:\/\/boreait.com\/hu\/wp-json\/wp\/v2\/product\/11393","targetHints":{"allow":["GET"]}}],"collection":[{"href":"https:\/\/boreait.com\/hu\/wp-json\/wp\/v2\/product"}],"about":[{"href":"https:\/\/boreait.com\/hu\/wp-json\/wp\/v2\/types\/product"}],"wp:featuredmedia":[{"embeddable":true,"href":"https:\/\/boreait.com\/hu\/wp-json\/wp\/v2\/media\/11455"}],"wp:attachment":[{"href":"https:\/\/boreait.com\/hu\/wp-json\/wp\/v2\/media?parent=11393"}],"wp:term":[{"taxonomy":"product_brand","embeddable":true,"href":"https:\/\/boreait.com\/hu\/wp-json\/wp\/v2\/product_brand?post=11393"},{"taxonomy":"product_cat","embeddable":true,"href":"https:\/\/boreait.com\/hu\/wp-json\/wp\/v2\/product_cat?post=11393"},{"taxonomy":"product_tag","embeddable":true,"href":"https:\/\/boreait.com\/hu\/wp-json\/wp\/v2\/product_tag?post=11393"}],"curies":[{"name":"wp","href":"https:\/\/api.w.org\/{rel}","templated":true}]}}