{"id":11391,"date":"2025-09-17T13:19:14","date_gmt":"2025-09-17T11:19:14","guid":{"rendered":"https:\/\/boreait.com\/hu\/?post_type=product&#038;p=11391"},"modified":"2025-09-17T13:20:43","modified_gmt":"2025-09-17T11:20:43","slug":"dell-latitude-7424-5424-5420-robusztus-aramkori-csatlakozokartya-0pt0y1-eredeti-laptop-alkatresz","status":"publish","type":"product","link":"https:\/\/boreait.com\/hu\/termek\/dell-latitude-7424-5424-5420-robusztus-aramkori-csatlakozokartya-0pt0y1-eredeti-laptop-alkatresz\/","title":{"rendered":"Dell Latitude 7424 5424 5420 robusztus \u00e1ramk\u00f6ri csatlakoz\u00f3k\u00e1rtya 0PT0Y1 \u2013 Eredeti laptop alkatr\u00e9sz"},"content":{"rendered":"<p class=\"\" data-start=\"554\" data-end=\"794\"> \u00c1ll\u00edtsa vissza <strong data-start=\"567\" data-end=\"603\">Dell Latitude 7424 5424 5420 strapab\u00edr\u00f3 laptopj\u00e1t<\/strong> ezzel az eredeti <strong data-start=\"614\" data-end=\"648\" data-end=\"648.n\"><\/strong> \u00e1ramk\u00f6ri lappal. Ez a tart\u00f3ss\u00e1gra \u00e9s megb\u00edzhat\u00f3s\u00e1gra tervezett <strong data-start=\"693\" data-end=\"715\">eredeti Dell alkatr\u00e9sz<\/strong> megfelel\u0151 csatlakoz\u00e1st \u00e9s z\u00f6kken\u0151mentes teljes\u00edtm\u00e9nyt biztos\u00edt robusztus laptopja sz\u00e1m\u00e1ra.<\/p>\n<p>? Biztos\u00edtja a kompatibilit\u00e1st \u00e9s a megb\u00edzhat\u00f3s\u00e1got<br data-start=\"882\" data-end=\"885\" \/>\u2714 <strong data-start=\"887\" data-end=\"917\">Latitude-hoz tervezve <\/strong>7424 5424 5420 \u2013 T\u00f6k\u00e9letesen illeszkedik a <strong data-start=\"936\" rugged adatlapokhoz <strong><br \/>D data-start=&#8221;959&#8243; data-end=&#8221;962&#8243; \/>\u2714 <strong data-start=\"964\" data-end=\"1000\">Essential Circuit Junction Board<\/strong> \u2013 Kezeli a t\u00e1pell\u00e1t\u00e1st \u00e9s az alkatr\u00e9szek csatlakoz\u00e1sait<br data-start=\"1042\" data-end=\"1045\" \/>\u2714 <strong data-start=\"964\" data-end=\"1000\">Toughu17&#8243; for7-B&#8221;>Toughu17&#8243; for7-B047 K\u00f6rnyezetek<\/strong> \u2013 Robusztus kialak\u00edt\u00e1s extr\u00e9m k\u00f6r\u00fclm\u00e9nyekhez<br data-start=\"1118\" data-end=\"1121\" \/>\u2714 <strong data-start=\"1123\" data-end=\"1143\">Egyszer\u0171 csere<\/strong> \u2013 Gyorsan cser\u00e9lje ki a r\u00e9gi vagy s\u00e9r\u00fclt k\u00e1rty\u00e1t<\/p>\n<p class=\"\" data-start=\"1192\" data-end=\"1215\">\ud83d\udca1 <strong data-start=\"1195\" data-end=\"1213\">Kompatibilit\u00e1s:<\/strong><\/p>\n<ul data-start=\"1216\" data-end=\"1360\">\n<li class=\"\" data-start=\"1216\" data-end=\"1308\">\n<p class=\"\" data-start=\"1218\" data-end=\"1308\">Kifejezetten a <strong data-start=\"1235\" data-end=\"1271\">Dell Latitude 5424 Rugged Series<\/strong> eset\u00e9n (V\u00e1s\u00e1rl\u00e1s el\u0151tt ellen\u0151rizze a modellt)<\/p>\n<\/li>\n<li class=\"\" data-start=\"1309\" data-end=\"1360\">\n<p class=\"\" data-start=\"1311\" data-end=\"1360\">\u00dagy tervezt\u00e9k, hogy megfeleljen a Dell eredeti specifik\u00e1ci\u00f3inak<\/p>\n<\/li>\n<\/ul>\n<p class=\"\" data-start=\"1362\" data-end=\"1463\">\ud83d\udcf8 <strong data-start=\"1365\" data-end=\"1381\">Val\u00f3di fot\u00f3k:<\/strong> Az adatlapon szerepl\u0151 k\u00e9pek pontosan azt a term\u00e9ket mutatj\u00e1k, amelyet \u00d6n kap \u2013 nincs meglepet\u00e9s!<\/p>\n<p class=\"\" data-start=\"1465\" data-end=\"1619\">\u2753 <strong data-start=\"1467\" data-end=\"1481\">Seg\u00edts\u00e9gre van sz\u00fcks\u00e9ge?<\/strong> Hab\u00e1r nem adunk telep\u00edt\u00e9si utas\u00edt\u00e1sokat, nyugodtan <strong data-start=\"1545\" data-end=\"1559\">\u00fczenjen, ha seg\u00edts\u00e9gre van sz\u00fcks\u00e9ge,<\/strong> a v\u00e1s\u00e1rl\u00e1s el\u0151tt.<\/strong><\/p>\n<p class=\"\" data-start=\"1621\" data-end=\"1746\">\ud83d\udce6 <strong data-start=\"1624\" data-end=\"1652\">Gyors sz\u00e1ll\u00edt\u00e1s a vil\u00e1g minden pontj\u00e1ra!<\/strong> Ezzel a <strong data-start=\"1706\" data-start=\"1621\" data-end=\"1746\">\ud83d\udce6 <strong data-start=\"1624\" data-end=\"1652\">Gyors kisz\u00e1ll\u00edt\u00e1ssal a vil\u00e1g minden pontj\u00e1ra!<\/strong> Ezzel a <strong data-start=\"1706\" data-start=\"1621\" data-end=\"1746\">\ud83d\udce6 csere \u00e1ramk\u00f6ri k\u00e1rty\u00e1val <strong data-start=\"1706\"<\/strong><\/strong>.<\/p>\n","protected":false},"excerpt":{"rendered":"<p>Eredeti <strong data-start=\"322\" data-end=\"374\">Dell Latitude 7424 5424 5420 robusztus \u00e1ramk\u00f6ri csatlakoz\u00f3k\u00e1rtya<\/strong>, t\u00f6k\u00e9letes a s\u00e9r\u00fclt vagy hib\u00e1s alkatr\u00e9sz cser\u00e9j\u00e9hez. <strong data-start=\"424\" data-end=\"471\">Val\u00f3di fot\u00f3k \u2013 amit l\u00e1tsz, azt kapod!<\/strong><\/p>\n","protected":false},"featured_media":11453,"template":"","meta":[],"product_brand":[],"product_cat":[27],"product_tag":[17],"class_list":{"0":"post-11391","1":"product","2":"type-product","3":"status-publish","4":"has-post-thumbnail","6":"product_cat-motherboards-board-parts","7":"product_tag-dell","9":"first","10":"instock","11":"taxable","12":"shipping-taxable","13":"purchasable","14":"product-type-simple"},"_links":{"self":[{"href":"https:\/\/boreait.com\/hu\/wp-json\/wp\/v2\/product\/11391","targetHints":{"allow":["GET"]}}],"collection":[{"href":"https:\/\/boreait.com\/hu\/wp-json\/wp\/v2\/product"}],"about":[{"href":"https:\/\/boreait.com\/hu\/wp-json\/wp\/v2\/types\/product"}],"wp:featuredmedia":[{"embeddable":true,"href":"https:\/\/boreait.com\/hu\/wp-json\/wp\/v2\/media\/11453"}],"wp:attachment":[{"href":"https:\/\/boreait.com\/hu\/wp-json\/wp\/v2\/media?parent=11391"}],"wp:term":[{"taxonomy":"product_brand","embeddable":true,"href":"https:\/\/boreait.com\/hu\/wp-json\/wp\/v2\/product_brand?post=11391"},{"taxonomy":"product_cat","embeddable":true,"href":"https:\/\/boreait.com\/hu\/wp-json\/wp\/v2\/product_cat?post=11391"},{"taxonomy":"product_tag","embeddable":true,"href":"https:\/\/boreait.com\/hu\/wp-json\/wp\/v2\/product_tag?post=11391"}],"curies":[{"name":"wp","href":"https:\/\/api.w.org\/{rel}","templated":true}]}}