{"id":11390,"date":"2025-09-17T13:19:14","date_gmt":"2025-09-17T11:19:14","guid":{"rendered":"https:\/\/boreait.com\/hu\/?post_type=product&#038;p=11390"},"modified":"2025-09-17T13:20:40","modified_gmt":"2025-09-17T11:20:40","slug":"dell-latitude-5424-7424-robusztus-dokkolokartya-d6rv6-eredeti-laptop-cserealkatresz","status":"publish","type":"product","link":"https:\/\/boreait.com\/hu\/termek\/dell-latitude-5424-7424-robusztus-dokkolokartya-d6rv6-eredeti-laptop-cserealkatresz\/","title":{"rendered":"Dell Latitude 5424 7424 robusztus dokkol\u00f3k\u00e1rtya D6RV6 \u2013 eredeti laptop cserealkatr\u00e9sz"},"content":{"rendered":"<p class=\"\" data-start=\"571\" data-end=\"900\">Friss\u00edtse vagy cser\u00e9lje ki <strong data-start=\"595\" data-end=\"638\">Dell Latitude 5424 7424 strapab\u00edr\u00f3 dokkol\u00f3k\u00e1rty\u00e1j\u00e1t<\/strong> ezzel a <strong data-start=\"649\" data-end=\"671\">az eredeti csatlakoz\u00e1st \u00e9s teljes\u00edtm\u00e9nyt biztos\u00edt\u00f3<\/strong>val. Kifejezetten a <strong data-start=\"747\" data-end=\"784\">Dell Latitude 5424 strapab\u00edr\u00f3 laptopokhoz<\/strong> tervezt\u00e9k, ez a dokkol\u00f3k\u00e1rtya stabil \u00e9s hat\u00e9kony dokkol\u00e1si \u00e9lm\u00e9nyt ny\u00fajt laptopja sz\u00e1m\u00e1ra a neh\u00e9z k\u00f6r\u00fclm\u00e9nyek k\u00f6z\u00f6tt.<\/p>\n<p class=\"\" data-start=\"902\" data-end=\"1237\">\ud83d\udd39 <strong data-start=\"905\" data-end=\"922\">F\u0151bb jellemz\u0151k:<\/strong><br data-start=\"922\" data-end=\"925\" \/>\u2714 <strong data-start=\"927\" data-end=\"927\" data-end=\"948\" data-end=\"uine D\u00e9RV6\">End=&#8221;9488ll&#8221; kompatibilit\u00e1s \u00e9s hossz\u00fa t\u00e1v\u00fa tart\u00f3ss\u00e1g<br data-start=\"997\" data-end=\"1000\" \/>\u2714 <strong data-start=\"1002\" data-end=\"1033\">Magas laptopokhoz tervezve<\/strong> \u2013 kem\u00e9ny k\u00f6r\u00fclm\u00e9nyeknek is ellen\u00e1ll<br data-start=\"1071\" data-end=\"107\" data-end=\"\/strong> data-start=&#8221;1076&#8243; data-end=&#8221;1101&#8243;>Dokkol\u00e1shoz optimaliz\u00e1lva<\/strong> \u2013 Z\u00f6kken\u0151mentes integr\u00e1ci\u00f3t tesz lehet\u0151v\u00e9 a Dell dokkol\u00f3\u00e1llom\u00e1sokkal<br data-start=\"1159\" data-end=\"1162\" \/>\u2714 <strong data-start=\"1164\" data-end=\"1185\"<\/strong>K\u00f6nny\u0171 vagy hi\u00e1nyz\u00f3 k\u00e1rtya<\/strong><\/p>\n<p class=\"\" data-start=\"1239\" data-end=\"1262\">\ud83d\udca1 <strong data-start=\"1242\" data-end=\"1260\">Kompatibilit\u00e1s:<\/strong><\/p>\n<ul data-start=\"1263\" data-end=\"1398\">\n<li class=\"\" data-start=\"1263\" data-end=\"1338\">\n<p class=\"\" data-start=\"1265\" data-end=\"1338\"><strong data-start=\"1265\" data-end=\"1301\">Dell Latitude 5424 7424 robusztus laptop<\/strong> (V\u00e1s\u00e1rl\u00e1s el\u0151tt ellen\u0151rizze a modellt)<\/p>\n<\/li>\n<li class=\"\" data-start=\"1339\" data-end=\"1398\">\n<p class=\"\" data-start=\"1341\" data-end=\"1398\">A <strong data-start=\"1363\" data-end=\"1396\">Dell robusztus dokkol\u00f3megold\u00e1saival<\/strong><\/p>\n<p> t\u00f6rt\u00e9n\u0151 haszn\u00e1latra tervezt\u00e9k<\/p>\n<\/li>\n<\/ul>\n<p class=\"\" data-start=\"1400\" data-end=\"1517\">\ud83d\udcf8 <strong data-start=\"1403\" data-end=\"1419\">Val\u00f3di fot\u00f3k:<\/strong> Az adatlapon szerepl\u0151 k\u00e9pek pontosan a <strong data-start=\"1462\" data-end=\"1479\">kapsz<\/strong> fot\u00f3kat mutatj\u00e1k \u2013 nincs rakt\u00e1ron!<\/p>\n<p class=\"\" data-start=\"1519\" data-end=\"1637\">\u2753 <strong data-start=\"1521\" data-end=\"1535\">Seg\u00edts\u00e9gre van sz\u00fcks\u00e9ge?<\/strong> Nem adunk telep\u00edt\u00e9si utas\u00edt\u00e1sokat, de nyugodtan <strong data-start=\"1597\" data-end=\"1611\">\u00fczenjen<\/strong>, ha seg\u00edts\u00e9gre van sz\u00fcks\u00e9ge.<\/strong><\/p>\n<p class=\"\" data-start=\"1639\" data-end=\"1769\">\ud83d\udce6 <strong data-start=\"1642\" data-end=\"1670\">Gyors sz\u00e1ll\u00edt\u00e1s a vil\u00e1g minden pontj\u00e1ra!<\/strong> Hozd vissza robusztus laptopj\u00e1t ezzel a <strong data-start=\"1722\" data-enditude=\"1769\">74uine2 Latitude454 do45-2 De4-vel t\u00e1bla<\/strong>.<\/p>\n","protected":false},"excerpt":{"rendered":"<p>\u00c1ll\u00edtsa vissza a dokkol\u00e1si funkci\u00f3kat ezzel az <strong data-start=\"347\" data-end=\"398\">eredeti Dell Latitude 5424 7424 robusztus dokkol\u00f3k\u00e1rty\u00e1val<\/strong>. Tart\u00f3ss\u00e1gra \u00e9s megb\u00edzhat\u00f3s\u00e1gra tervezve. <strong data-start=\"441\" data-end=\"488\">Val\u00f3di fot\u00f3k \u2013 pontosan azt kapod, ami l\u00e1that\u00f3!<\/strong><\/p>\n","protected":false},"featured_media":11452,"template":"","meta":[],"product_brand":[],"product_cat":[27],"product_tag":[17],"class_list":{"0":"post-11390","1":"product","2":"type-product","3":"status-publish","4":"has-post-thumbnail","6":"product_cat-motherboards-board-parts","7":"product_tag-dell","9":"first","10":"instock","11":"taxable","12":"shipping-taxable","13":"purchasable","14":"product-type-simple"},"_links":{"self":[{"href":"https:\/\/boreait.com\/hu\/wp-json\/wp\/v2\/product\/11390","targetHints":{"allow":["GET"]}}],"collection":[{"href":"https:\/\/boreait.com\/hu\/wp-json\/wp\/v2\/product"}],"about":[{"href":"https:\/\/boreait.com\/hu\/wp-json\/wp\/v2\/types\/product"}],"wp:featuredmedia":[{"embeddable":true,"href":"https:\/\/boreait.com\/hu\/wp-json\/wp\/v2\/media\/11452"}],"wp:attachment":[{"href":"https:\/\/boreait.com\/hu\/wp-json\/wp\/v2\/media?parent=11390"}],"wp:term":[{"taxonomy":"product_brand","embeddable":true,"href":"https:\/\/boreait.com\/hu\/wp-json\/wp\/v2\/product_brand?post=11390"},{"taxonomy":"product_cat","embeddable":true,"href":"https:\/\/boreait.com\/hu\/wp-json\/wp\/v2\/product_cat?post=11390"},{"taxonomy":"product_tag","embeddable":true,"href":"https:\/\/boreait.com\/hu\/wp-json\/wp\/v2\/product_tag?post=11390"}],"curies":[{"name":"wp","href":"https:\/\/api.w.org\/{rel}","templated":true}]}}