{"id":11389,"date":"2025-09-17T13:19:14","date_gmt":"2025-09-17T11:19:14","guid":{"rendered":"https:\/\/boreait.com\/hu\/?post_type=product&#038;p=11389"},"modified":"2025-09-17T13:20:38","modified_gmt":"2025-09-17T11:20:38","slug":"dell-rugged-5424-08f3y8-intel-8265ngw-wi-fi-kartya-eredeti-laptop-alkatresz","status":"publish","type":"product","link":"https:\/\/boreait.com\/hu\/termek\/dell-rugged-5424-08f3y8-intel-8265ngw-wi-fi-kartya-eredeti-laptop-alkatresz\/","title":{"rendered":"Dell Rugged 5424 08F3Y8 Intel 8265NGW Wi-Fi k\u00e1rtya \u2013 Eredeti laptop alkatr\u00e9sz"},"content":{"rendered":"<p class=\"\" data-start=\"606\" data-end=\"954\">Fokozza tov\u00e1bb <strong data-start=\"619\" data-end=\"655\">Dell Rugged 5424 Rugged laptopj\u00e1t<\/strong> az <strong data-start=\"665\" data-end=\"702\">Intel 8265NGW vezet\u00e9k n\u00e9lk\u00fcli modul, nagy teljes\u00edtm\u00e9ny\u0171 Wi-Fi k\u00e1rtya (08<\/strong>Wi-Fi Y k\u00e1rtya) gyors \u00e9s stabil csatlakoz\u00e1sra tervezt\u00e9k. Ak\u00e1r <strong data-start=\"799\" data-end=\"878\">nagyobb internetsebess\u00e9gre, er\u0151sebb jelekre vagy jobb Bluetooth-teljes\u00edtm\u00e9nyre van sz\u00fcks\u00e9ge<\/strong>, ez az <strong data-start=\"885\" data-end=\"913\">eredeti Dell laptop alkatr\u00e9sz<\/strong> a t\u00f6k\u00e9letes friss\u00edt\u00e9s vagy csere.<\/p>\n<p class=\"\" data-start=\"956\" data-end=\"1456\">\ud83d\udd39 <strong data-start=\"959\" data-end=\"976\">F\u0151bb jellemz\u0151k:<\/strong><br data-start=\"976\" data-end=\"979\" \/>\u2714 <strong data-start=\"981\" data-end=\"10.10. Intel r\u00e9sz<\/strong> \u2013 Kiv\u00e1l\u00f3 kompatibilit\u00e1st \u00e9s teljes\u00edtm\u00e9nyt biztos\u00edt<br data-start=\"1060\" data-end=\"1063\" \/>\u2714 <strong data-start=\"1065\" data-end=\"1089\">Modell: Intel 8265NGW<\/strong> \u2013 K\u00e9ts\u00e1vos Wi-Fi \u00e9s amp; Bluetooth 4.2 t\u00e1mogat\u00e1s<br data-start=\"1131\" data-end=\"1134\" \/>\u2714 <strong data-start=\"1136\" data-end=\"1159\">Alkatr\u00e9szsz\u00e1m: 08F3Y8<\/strong> \u2013 Pontos egyez\u00e9s a Dell Rugged 5424 Rugged sorozathoz<br data-start=\"\u27141\" data=\"1210\" adatok adatok\n\n\n\n<p class=\"\" data-start=\"1458\" data-end=\"1481\">\ud83d\udca1 <strong data-start=\"1461\" data-end=\"1479\">Kompatibilit\u00e1s:<\/strong><\/p>\n<ul data-start=\"1482\" data-end=\"1651\">\n<li class=\"\" data-start=\"1482\" data-end=\"1541\">\n<p class=\"\" data-start=\"1484\" data-end=\"1541\">Kifejezetten a <strong data-start=\"1510\" data-end=\"1539\">Dell Rugged 5424 Ruggedhez tervezve (m\u00e1s Dell laptopokkal is kompatibilis).<\/strong><\/p>\n<\/li>\n<li class=\"\" data-start=\"1542\" data-end=\"1651\">\n<p class=\"\" data-start=\"1544\" data-end=\"1651\">Egy\u00fcttm\u0171k\u00f6dik m\u00e1s, <strong data-start=\"1585\" data-end=\"1609\">M.2 2230 Wi-Fi k\u00e1rty\u00e1kat<\/strong> t\u00e1mogat\u00f3 Dell laptopokkal (v\u00e1s\u00e1rl\u00e1s el\u0151tt ellen\u0151rizze a kompatibilit\u00e1st)<\/p>\n<\/li>\n<\/ul>\n<p class=\"\" data-start=\"1653\" data-end=\"1754\">\ud83d\udcf8 <strong data-start=\"1656\" data-end=\"1672\">Val\u00f3di fot\u00f3k:<\/strong> Az adatlapon szerepl\u0151 k\u00e9pek pontosan azt a term\u00e9ket mutatj\u00e1k, amelyet \u00d6n kap \u2013 nincs meglepet\u00e9s!<\/p>\n<p class=\"\" data-start=\"1756\" data-end=\"1910\">\u2753 <strong data-start=\"1758\" data-end=\"1772\">Seg\u00edts\u00e9gre van sz\u00fcks\u00e9ge?<\/strong> Hab\u00e1r nem adunk telep\u00edt\u00e9si utas\u00edt\u00e1sokat, nyugodtan <strong data-start=\"1836\" data-end=\"1850\">\u00fczenjen nek\u00fcnk, miel\u0151tt seg\u00edts\u00e9gre van sz\u00fcks\u00e9ge<\/strong>.<\/strong><\/p>\n<p class=\"\" data-start=\"1912\" data-end=\"2025\">\ud83d\udce6 <strong data-start=\"1915\" data-end=\"1943\">Gyors kisz\u00e1ll\u00edt\u00e1s a vil\u00e1g minden pontj\u00e1ra!<\/strong> Ezzel az <strong data-start=\"1995\" data-end=\"2022\">Genu-Fine k\u00e1rty\u00e1val<\/strong> Wi-Fine><\/strong> \u00e1ll\u00edtsa vissza laptopja cs\u00facsteljes\u00edtm\u00e9ny\u00e9t.<\/p>\n","protected":false},"excerpt":{"rendered":"<p>Friss\u00edtse <strong data-start=\"335\" data-end=\"371\">Dell Rugged 5424 Rugged laptopj\u00e1t<\/strong> ezzel az <strong data-start=\"382\" data-end=\"427\">eredeti Intel 8265NGW Wi-Fi k\u00e1rty\u00e1val (08F3Y8)<\/strong>. Gyors, megb\u00edzhat\u00f3 vezet\u00e9k n\u00e9lk\u00fcli kapcsolatot biztos\u00edt. <strong data-start=\"476\" data-end=\"523\">Val\u00f3di fot\u00f3k \u2013 amit l\u00e1tsz, azt kapod!<\/strong><\/p>\n","protected":false},"featured_media":11451,"template":"","meta":[],"product_brand":[],"product_cat":[27],"product_tag":[17],"class_list":{"0":"post-11389","1":"product","2":"type-product","3":"status-publish","4":"has-post-thumbnail","6":"product_cat-motherboards-board-parts","7":"product_tag-dell","9":"first","10":"instock","11":"taxable","12":"shipping-taxable","13":"purchasable","14":"product-type-simple"},"_links":{"self":[{"href":"https:\/\/boreait.com\/hu\/wp-json\/wp\/v2\/product\/11389","targetHints":{"allow":["GET"]}}],"collection":[{"href":"https:\/\/boreait.com\/hu\/wp-json\/wp\/v2\/product"}],"about":[{"href":"https:\/\/boreait.com\/hu\/wp-json\/wp\/v2\/types\/product"}],"wp:featuredmedia":[{"embeddable":true,"href":"https:\/\/boreait.com\/hu\/wp-json\/wp\/v2\/media\/11451"}],"wp:attachment":[{"href":"https:\/\/boreait.com\/hu\/wp-json\/wp\/v2\/media?parent=11389"}],"wp:term":[{"taxonomy":"product_brand","embeddable":true,"href":"https:\/\/boreait.com\/hu\/wp-json\/wp\/v2\/product_brand?post=11389"},{"taxonomy":"product_cat","embeddable":true,"href":"https:\/\/boreait.com\/hu\/wp-json\/wp\/v2\/product_cat?post=11389"},{"taxonomy":"product_tag","embeddable":true,"href":"https:\/\/boreait.com\/hu\/wp-json\/wp\/v2\/product_tag?post=11389"}],"curies":[{"name":"wp","href":"https:\/\/api.w.org\/{rel}","templated":true}]}}