{"id":11388,"date":"2025-09-17T13:19:13","date_gmt":"2025-09-17T11:19:13","guid":{"rendered":"https:\/\/boreait.com\/hu\/?post_type=product&#038;p=11388"},"modified":"2025-09-17T13:20:36","modified_gmt":"2025-09-17T11:20:36","slug":"dell-latitude-5424-robusztus-taroloajto-eredeti-laptop-alkatresz","status":"publish","type":"product","link":"https:\/\/boreait.com\/hu\/termek\/dell-latitude-5424-robusztus-taroloajto-eredeti-laptop-alkatresz\/","title":{"rendered":"Dell Latitude 5424 robusztus t\u00e1rol\u00f3ajt\u00f3 \u2013 Eredeti laptop-alkatr\u00e9sz"},"content":{"rendered":"<p class=\"\" data-start=\"604\" data-end=\"685\"><strong data-start=\"607\" data-end=\"683\">Dell Latitude 5424 robusztus t\u00e1rol\u00e1si ajt\u00f3 \u2013 Eredeti cserealkatr\u00e9sz<\/strong><\/p>\n<p class=\"\" data-start=\"687\" data-end=\"967\">Tartsa kiv\u00e1l\u00f3 \u00e1llapotban <strong data-start=\"697\" data-end=\"733\">Dell Latitude 5424 robusztus laptopj\u00e1t<\/strong> ezzel az <strong data-start=\"761\" data-end=\"793\">eredeti t\u00e1rhelyajt\u00f3val<\/strong>. Ezt az <strong data-start=\"800\" data-end=\"817\">OEM Dell-alkatr\u00e9szt<\/strong> \u00fagy tervezt\u00e9k, hogy biztons\u00e1gosan megv\u00e9dje laptopja t\u00e1rol\u00f3meghajt\u00f3j\u00e1t a port\u00f3l, nedvess\u00e9gt\u0151l \u00e9s s\u00e9r\u00fcl\u00e9sekt\u0151l, \u00edgy biztos\u00edtva a hossz\u00fa \u00e9lettartamot zord k\u00f6r\u00fclm\u00e9nyek k\u00f6z\u00f6tt is.<\/p>\n<p>? adatok data-end=&#8221;1148&#8243;>Megv\u00e9di a t\u00e1rol\u00f3meghajt\u00f3t<\/strong> \u2013 v\u00e9d a port\u00f3l, \u00fct\u00e9sekt\u0151l \u00e9s a k\u00f6rnyezeti hat\u00e1sokt\u00f3l<br data-start=\"1207\" data-end=\"1210\" \/>\u2714 <strong data-start=\"1212\" data-end=\"1233\">K\u00f6nny\u0171 telep\u00edt\u00e9s<\/strong> \u2013 Cser\u00e9lje ki percek alatt<br 2 vagy 8 ajtaj\u00e1t. data-end=\"1283\" \/>\u2714 <strong data-start=\"1285\" data-end=\"1305\">Tart\u00f3s &amp; Robusztus<\/strong> \u2013 \u00dagy tervezt\u00e9k, hogy ellen\u00e1lljon a neh\u00e9z k\u00f6r\u00fclm\u00e9nyeknek<\/p>\n<p class=\"\" data-start=\"1349\" data-end=\"1372\">\ud83d\udca1 <strong data-start=\"1352\" data-end=\"1370\">Kompatibilit\u00e1s:<\/strong><\/p>\n<ul data-start=\"1373\" data-end=\"1459\">\n<li class=\"\" data-start=\"1373\" data-end=\"1413\">\n<p class=\"\" data-start=\"1375\" data-end=\"1413\"><strong data-start=\"1375\" data-end=\"1404\">Dell Latitude 5424 Rugged<\/strong> sorozat<\/p>\n<\/li>\n<li class=\"\" data-start=\"1414\" data-end=\"1459\">\n<p class=\"\" data-start=\"1416\" data-end=\"1459\">V\u00e1s\u00e1rl\u00e1s el\u0151tt ellen\u0151rizze laptopja modellj\u00e9t<\/p>\n<\/li>\n<\/ul>\n<p class=\"\" data-start=\"1461\" data-end=\"1562\">\ud83d\udcf8 <strong data-start=\"1464\" data-end=\"1480\">Val\u00f3di fot\u00f3k:<\/strong> Az adatlapon szerepl\u0151 k\u00e9pek pontosan azt a term\u00e9ket mutatj\u00e1k, amelyet \u00d6n kap \u2013 nincs meglepet\u00e9s!<\/p>\n<p class=\"\" data-start=\"1564\" data-end=\"1707\">\u2753 <strong data-start=\"1566\" data-end=\"1580\">Seg\u00edts\u00e9gre van sz\u00fcks\u00e9ge?<\/strong> Telep\u00edt\u00e9si utas\u00edt\u00e1sokat nem adunk, de nyugodtan <strong data-start=\"1642\" data-end=\"1656\">tegye meg \u00fczenet\u00e9t, ha v\u00e1s\u00e1rl\u00e1s el\u0151tt vagy ut\u00e1n<\/strong> van k\u00e9rd\u00e9se.<\/strong><\/p>\n<p class=\"\" data-start=\"1709\" data-end=\"1837\">\ud83d\udce6 <strong data-start=\"1712\" data-end=\"1740\">Gyors sz\u00e1ll\u00edt\u00e1s a vil\u00e1g minden pontj\u00e1ra!<\/strong> \u00c1ll\u00edtsa vissza laptopja teljes v\u00e9delm\u00e9t ezzel a <strong data-start=\"1791\" data-end=\"1834\"<\/strong>genuinep access door<\/strong> ruginep access door<\/strong> t\u00e1rol\u00f3val.<\/p>\n","protected":false},"excerpt":{"rendered":"<p class=\"\" data-start=\"307\" data-end=\"523\">Cser\u00e9lje ki a s\u00e9r\u00fclt vagy hi\u00e1nyz\u00f3 <strong data-start=\"339\" data-end=\"388\">Dell Latitude 5424 Rugged Storage Access Door-t<\/strong> erre az <strong data-start=\"399\" data-end=\"419\">eredeti OEM alkatr\u00e9szre<\/strong>. Biztons\u00e1gos v\u00e9delmet biztos\u00edt laptopja t\u00e1rhely\u00e9nek. <strong data-start=\"474\" data-end=\"521\">Val\u00f3di fot\u00f3k \u2013 amit l\u00e1tsz, azt kapod!<\/strong><\/p>\n","protected":false},"featured_media":11450,"template":"","meta":[],"product_brand":[],"product_cat":[16],"product_tag":[17],"class_list":{"0":"post-11388","1":"product","2":"type-product","3":"status-publish","4":"has-post-thumbnail","6":"product_cat-laptop-housing","7":"product_tag-dell","9":"first","10":"instock","11":"taxable","12":"shipping-taxable","13":"purchasable","14":"product-type-simple"},"_links":{"self":[{"href":"https:\/\/boreait.com\/hu\/wp-json\/wp\/v2\/product\/11388","targetHints":{"allow":["GET"]}}],"collection":[{"href":"https:\/\/boreait.com\/hu\/wp-json\/wp\/v2\/product"}],"about":[{"href":"https:\/\/boreait.com\/hu\/wp-json\/wp\/v2\/types\/product"}],"wp:featuredmedia":[{"embeddable":true,"href":"https:\/\/boreait.com\/hu\/wp-json\/wp\/v2\/media\/11450"}],"wp:attachment":[{"href":"https:\/\/boreait.com\/hu\/wp-json\/wp\/v2\/media?parent=11388"}],"wp:term":[{"taxonomy":"product_brand","embeddable":true,"href":"https:\/\/boreait.com\/hu\/wp-json\/wp\/v2\/product_brand?post=11388"},{"taxonomy":"product_cat","embeddable":true,"href":"https:\/\/boreait.com\/hu\/wp-json\/wp\/v2\/product_cat?post=11388"},{"taxonomy":"product_tag","embeddable":true,"href":"https:\/\/boreait.com\/hu\/wp-json\/wp\/v2\/product_tag?post=11388"}],"curies":[{"name":"wp","href":"https:\/\/api.w.org\/{rel}","templated":true}]}}