{"id":11386,"date":"2025-09-17T13:19:13","date_gmt":"2025-09-17T11:19:13","guid":{"rendered":"https:\/\/boreait.com\/hu\/?post_type=product&#038;p=11386"},"modified":"2025-09-17T13:20:30","modified_gmt":"2025-09-17T11:20:30","slug":"dell-latitude-5424-robusztus-hdmi-es-soros-port-ajto-eredeti-laptopfedel","status":"publish","type":"product","link":"https:\/\/boreait.com\/hu\/termek\/dell-latitude-5424-robusztus-hdmi-es-soros-port-ajto-eredeti-laptopfedel\/","title":{"rendered":"Dell Latitude 5424 robusztus HDMI \u00e9s soros port ajt\u00f3 \u2013 Eredeti laptopfed\u00e9l"},"content":{"rendered":"<p class=\"\" data-start=\"551\" data-end=\"825\">Gy\u0151z\u0151dj\u00f6n meg arr\u00f3l, hogy <strong data-start=\"563\" data-end=\"599\">Dell Latitude 5424 robusztus laptopja<\/strong> v\u00e9dett marad ezzel az <strong data-start=\"626\" data-end=\"661\">eredeti HDMI \u00e9s amp; Soros port ajt\u00f3<\/strong>t. Ez a kifejezetten a <strong data-start=\"689\" data-end=\"725\">Dell Latitude 5424 Rugged modellekhez<\/strong> tervezett tart\u00f3s burkolat seg\u00edt meg\u00f3vni laptopja portjait a port\u00f3l, t\u00f6rmel\u00e9kt\u0151l \u00e9s v\u00e9letlen s\u00e9r\u00fcl\u00e9sekt\u0151l.<\/p>\n<p class=\"\" data-start=\"827\" data-end=\"1155\">\ud83d\udd39 <strong data-start=\"830\" data-end=\"847\">F\u0151bb jellemz\u0151k:<\/strong><br data-start=\"847\" data-end=\"850\" \/>\u2714 <strong data-start=\"852\" data-end=\"852\" data-end=\"87 Ens\">t\u00f6k\u00e9letesen illeszkedik tart\u00f3ss\u00e1g<br data-start=\"910\" data-end=\"913\" \/>\u2714 <strong data-start=\"915\" data-end=\"947\">V\u00e9di a HDMI-t \u00e9s a Soros portok<\/strong> \u2013 t\u00e1vol tartja a port \u00e9s a nedvess\u00e9get<br data-start=\"977\" data-end=\"980\" \/>\u2714 <strong data-start=\"982\" data-end=\"1002\">Magas \u00e9s strapab\u00edr\u00f3; Tart\u00f3s<\/strong> \u2013 Extr\u00e9m k\u00f6rnyezetekhez k\u00e9sz\u00fclt<br data-start=\"1034\" data-end=\"1037\" \/>\u2714 <strong data-start=\"1039\" data-end=\"1075\">Pontosan illeszkedik a Dell Latitude 5424-hez<\/strong> \u2013 Nincs sz\u00fcks\u00e9g m\u00f3dos\u00edt\u00e1sra<br data-start=\"1101\" data-4\" \/> <strong data-start=\"1101\" data-4\" \/> data-start=&#8221;1106&#8243; data-end=&#8221;1125&#8243;>K\u00f6nnyen cser\u00e9lhet\u0151<\/strong> \u2013 egyszer\u0171en pattintsa a hely\u00e9re<\/p>\n<p class=\"\" data-start=\"1157\" data-end=\"1180\">\ud83d\udca1 <strong data-start=\"1160\" data-end=\"1178\">Kompatibilit\u00e1s:<\/strong><\/p>\n<ul data-start=\"1181\" data-end=\"1318\">\n<li class=\"\" data-start=\"1181\" data-end=\"1248\">\n<p class=\"\" data-start=\"1183\" data-end=\"1248\">Kifejezetten <strong data-start=\"1209\" data-end=\"1238\">Dell Latitude 5424 robusztus<\/strong> laptopokhoz<\/p>\n<\/li>\n<li class=\"\" data-start=\"1249\" data-end=\"1318\">\n<p class=\"\" data-start=\"1251\" data-end=\"1318\">V\u00e1s\u00e1rl\u00e1s el\u0151tt ellen\u0151rizze a laptop modellj\u00e9t a kompatibilit\u00e1s \u00e9rdek\u00e9ben<\/p>\n<\/li>\n<\/ul>\n<p class=\"\" data-start=\"1320\" data-end=\"1423\">\ud83d\udcf8 <strong data-start=\"1323\" data-end=\"1339\">Val\u00f3di fot\u00f3k:<\/strong> Az adatlapon szerepl\u0151 k\u00e9pek pontosan azt a term\u00e9ket mutatj\u00e1k, amelyet \u00d6n kap \u2013 nincs meglepet\u00e9s!<\/p>\n<p class=\"\" data-start=\"1425\" data-end=\"1571\">\u2753 <strong data-start=\"1427\" data-end=\"1441\">Seg\u00edts\u00e9gre van sz\u00fcks\u00e9ge?<\/strong> Telep\u00edt\u00e9si utas\u00edt\u00e1sokat nem adunk, de <strong data-start=\"1498\" data-end=\"1512\"><\/p>\n<p> vagy v\u00e1s\u00e1rl\u00e1s el\u0151tt \u00fczenetet k\u00fcldhet nek\u00fcnk<\/strong>.<\/p>\n<p class=\"\" data-start=\"1573\" data-end=\"1700\">\ud83d\udce6 <strong data-start=\"1576\" data-end=\"1604\">Gyors sz\u00e1ll\u00edt\u00e1s az eg\u00e9sz vil\u00e1gon!<\/strong> Szerezze be <strong data-start=\"1614\" data-end=\"1660\">Dell Latitude \u00e9s 5424 HDMI-j\u00e9t Serial Port Door<\/strong> m\u00e9g ma, \u00e9s \u00f3vja laptopj\u00e1t.<\/p>\n","protected":false},"excerpt":{"rendered":"<p>Eredeti <strong data-start=\"322\" data-end=\"375\">Dell Latitude 5424 strapab\u00edr\u00f3 HDMI \u00e9s amp; soros port ajt\u00f3<\/strong>t. Megv\u00e9di a portokat a port\u00f3l, szennyez\u0151d\u00e9sekt\u0151l \u00e9s s\u00e9r\u00fcl\u00e9sekt\u0151l. <strong data-start=\"421\" data-end=\"468\">Val\u00f3di fot\u00f3k \u2013 amit l\u00e1tsz, azt kapod!<\/strong><\/p>\n","protected":false},"featured_media":11442,"template":"","meta":[],"product_brand":[],"product_cat":[16],"product_tag":[17],"class_list":{"0":"post-11386","1":"product","2":"type-product","3":"status-publish","4":"has-post-thumbnail","6":"product_cat-laptop-housing","7":"product_tag-dell","9":"first","10":"instock","11":"taxable","12":"shipping-taxable","13":"purchasable","14":"product-type-simple"},"_links":{"self":[{"href":"https:\/\/boreait.com\/hu\/wp-json\/wp\/v2\/product\/11386","targetHints":{"allow":["GET"]}}],"collection":[{"href":"https:\/\/boreait.com\/hu\/wp-json\/wp\/v2\/product"}],"about":[{"href":"https:\/\/boreait.com\/hu\/wp-json\/wp\/v2\/types\/product"}],"wp:featuredmedia":[{"embeddable":true,"href":"https:\/\/boreait.com\/hu\/wp-json\/wp\/v2\/media\/11442"}],"wp:attachment":[{"href":"https:\/\/boreait.com\/hu\/wp-json\/wp\/v2\/media?parent=11386"}],"wp:term":[{"taxonomy":"product_brand","embeddable":true,"href":"https:\/\/boreait.com\/hu\/wp-json\/wp\/v2\/product_brand?post=11386"},{"taxonomy":"product_cat","embeddable":true,"href":"https:\/\/boreait.com\/hu\/wp-json\/wp\/v2\/product_cat?post=11386"},{"taxonomy":"product_tag","embeddable":true,"href":"https:\/\/boreait.com\/hu\/wp-json\/wp\/v2\/product_tag?post=11386"}],"curies":[{"name":"wp","href":"https:\/\/api.w.org\/{rel}","templated":true}]}}