{"id":11385,"date":"2025-09-17T13:19:13","date_gmt":"2025-09-17T11:19:13","guid":{"rendered":"https:\/\/boreait.com\/hu\/?post_type=product&#038;p=11385"},"modified":"2025-09-17T13:20:28","modified_gmt":"2025-09-17T11:20:28","slug":"dell-latitude-5424-robusztus-ujjlenyomat-olvaso-eredeti-biometrikus-laptop-alkatresz","status":"publish","type":"product","link":"https:\/\/boreait.com\/hu\/termek\/dell-latitude-5424-robusztus-ujjlenyomat-olvaso-eredeti-biometrikus-laptop-alkatresz\/","title":{"rendered":"Dell Latitude 5424 robusztus ujjlenyomat-olvas\u00f3 \u2013 Eredeti biometrikus laptop alkatr\u00e9sz"},"content":{"rendered":"<p class=\"\" data-start=\"557\" data-end=\"844\">Fokozza <strong data-start=\"586\" data-end=\"615\">Dell Latitude 5424 Rugged<\/strong> laptopja biztons\u00e1g\u00e1t ezzel az <strong data-start=\"633\" data-end=\"664\">eredeti ujjlenyomat-olvas\u00f3val<\/strong>. A tart\u00f3ss\u00e1gra \u00e9s pontoss\u00e1gra tervezett biometrikus szkenner <strong data-start=\"735\" data-end=\"762\">gyors \u00e9s biztons\u00e1gos bejelentkez\u00e9st<\/strong> tesz lehet\u0151v\u00e9, \u00edgy elengedhetetlen friss\u00edt\u00e9s a szakemberek \u00e9s a biztons\u00e1gtudatos felhaszn\u00e1l\u00f3k sz\u00e1m\u00e1ra.<\/p>\n<p>? kompatibilit\u00e1s \u00e9s megb\u00edzhat\u00f3s\u00e1g<br data-start=\"937\" data-end=\"940\" \/>\u2714 <strong data-start=\"942\" data-end=\"964\">Biometrikus biztons\u00e1g<\/strong> \u2013 Lehet\u0151v\u00e9 teszi a gyors \u00e9s biztons\u00e1gos ujjlenyomat-hiteles\u00edt\u00e9st<br data-start=\"1017\" data-end=\"1020\" \/>\u2714 <strong data-end=\"1020\" \/>2-2&#8243; data-end=&#8221;1037&#8243;>T\u00f6k\u00e9letes illeszked\u00e9s<\/strong> \u2013 Kifejezetten <strong data-start=\"1066\" data-end=\"1095\">Dell Latitude 5424 strapab\u00edr\u00f3<\/strong> laptopokhoz tervezve<br data-start=\"1103\" data-end=\"1106\" \/>\u2714 <strong data-start=\"1108\" - Az \u00d6n adatainak \u00fajratelep\u00edt\u00e9se<\/strong>1108 r\u00e9gi vagy nem m\u0171k\u00f6d\u0151 ujjlenyomat-szkenner probl\u00e9mamentesen<br data-start=\"1195\" data-end=\"1198\" \/>\u2714 <strong data-start=\"1200\" data-end=\"1220\">Tart\u00f3s \u00e9s amp; Robusztus<\/strong> \u2013 \u00dagy tervezt\u00e9k, hogy ellen\u00e1lljon a neh\u00e9z k\u00f6r\u00fclm\u00e9nyeknek<\/p>\n<p class=\"\" data-start=\"1264\" data-end=\"1287\">\ud83d\udca1 <strong data-start=\"1267\" data-end=\"1285\">Kompatibilit\u00e1s:<\/strong><\/p>\n<ul data-start=\"1288\" data-end=\"1472\">\n<li class=\"\" data-start=\"1288\" data-end=\"1391\">\n<p class=\"\" data-start=\"1290\" data-end=\"1391\">Kifejezetten a <strong data-start=\"1316\" data-end=\"1345\">Dell Latitude 5424 Rugged<\/strong>hez tervezve (V\u00e1s\u00e1rl\u00e1s el\u0151tt ellen\u0151rizze laptopja modellj\u00e9t)<\/p>\n<\/li>\n<li class=\"\" data-start=\"1392\" data-end=\"1472\">\n<p class=\"\" data-start=\"1394\" data-end=\"1472\">Az OEM r\u00e9sz biztos\u00edtja a <strong data-start=\"1411\" data-end=\"1435\">z\u00f6kken\u0151mentes integr\u00e1ci\u00f3t<\/strong> laptopja biztons\u00e1gi rendszer\u00e9vel<\/p>\n<\/li>\n<\/ul>\n<p class=\"\" data-start=\"1474\" data-end=\"1598\">\ud83d\udcf8 <strong data-start=\"1477\" data-end=\"1493\">Val\u00f3di fot\u00f3k:<\/strong> Az adatlapon szerepl\u0151 k\u00e9peken a <strong data-start=\"1532\" data-end=\"1560\">pontos ujjlenyomat-olvas\u00f3<\/strong> kapsz<\/strong>!<\/p>\n<p class=\"\" data-start=\"1600\" data-end=\"1736\">\u2753 <strong data-start=\"1602\" data-end=\"1616\">Seg\u00edts\u00e9gre van sz\u00fcks\u00e9ge?<\/strong> Telep\u00edt\u00e9si utas\u00edt\u00e1sokat nem adunk, de b\u00e1tran <strong data-start=\"1678\" data-end=\"1692\">k\u00fcldj\u00f6n seg\u00edts\u00e9get<\/strong> vagy \u00fczenetet<\/strong> el\u0151zetesen.<\/p>\n<p class=\"\" data-start=\"1738\" data-end=\"1860\">\ud83d\udce6 <strong data-start=\"1741\" data-end=\"1769\">Gyors sz\u00e1ll\u00edt\u00e1s a vil\u00e1g minden pontj\u00e1ra!<\/strong> Szerezze vissza laptopja biometrikus biztons\u00e1g\u00e1t ezzel az <strong data-start=\"1822\" data-end=\"1860\">p<\/strong>ujjlenyomat-olvas\u00f3val<\/strong>Dell<\/p>\n","protected":false},"excerpt":{"rendered":"<p>Friss\u00edtse <strong data-start=\"328\" data-end=\"357\">Dell Latitude 5424 Rugged<\/strong> laptopj\u00e1t ezzel az <strong data-start=\"375\" data-end=\"405\">eredeti ujjlenyomat-olvas\u00f3val<\/strong> a biztons\u00e1gos, biometrikus bejelentkez\u00e9s \u00e9rdek\u00e9ben. <strong data-start=\"435\" data-end=\"474\">Val\u00f3di fot\u00f3k \u2013 azt kapod, amit l\u00e1tsz!<\/strong><\/p>\n","protected":false},"featured_media":11440,"template":"","meta":[],"product_brand":[],"product_cat":[27],"product_tag":[17],"class_list":{"0":"post-11385","1":"product","2":"type-product","3":"status-publish","4":"has-post-thumbnail","6":"product_cat-motherboards-board-parts","7":"product_tag-dell","9":"first","10":"instock","11":"taxable","12":"shipping-taxable","13":"purchasable","14":"product-type-simple"},"_links":{"self":[{"href":"https:\/\/boreait.com\/hu\/wp-json\/wp\/v2\/product\/11385","targetHints":{"allow":["GET"]}}],"collection":[{"href":"https:\/\/boreait.com\/hu\/wp-json\/wp\/v2\/product"}],"about":[{"href":"https:\/\/boreait.com\/hu\/wp-json\/wp\/v2\/types\/product"}],"wp:featuredmedia":[{"embeddable":true,"href":"https:\/\/boreait.com\/hu\/wp-json\/wp\/v2\/media\/11440"}],"wp:attachment":[{"href":"https:\/\/boreait.com\/hu\/wp-json\/wp\/v2\/media?parent=11385"}],"wp:term":[{"taxonomy":"product_brand","embeddable":true,"href":"https:\/\/boreait.com\/hu\/wp-json\/wp\/v2\/product_brand?post=11385"},{"taxonomy":"product_cat","embeddable":true,"href":"https:\/\/boreait.com\/hu\/wp-json\/wp\/v2\/product_cat?post=11385"},{"taxonomy":"product_tag","embeddable":true,"href":"https:\/\/boreait.com\/hu\/wp-json\/wp\/v2\/product_tag?post=11385"}],"curies":[{"name":"wp","href":"https:\/\/api.w.org\/{rel}","templated":true}]}}