{"id":11384,"date":"2025-09-17T13:19:13","date_gmt":"2025-09-17T11:19:13","guid":{"rendered":"https:\/\/boreait.com\/hu\/?post_type=product&#038;p=11384"},"modified":"2025-09-17T13:20:25","modified_gmt":"2025-09-17T11:20:25","slug":"dell-rugged-5420-gps-tabla-eredeti-oem-laptop-alkatresz-0dxrjf-dxrjf","status":"publish","type":"product","link":"https:\/\/boreait.com\/hu\/termek\/dell-rugged-5420-gps-tabla-eredeti-oem-laptop-alkatresz-0dxrjf-dxrjf\/","title":{"rendered":"Dell Rugged 5420 GPS t\u00e1bla \u2013 Eredeti OEM laptop alkatr\u00e9sz \u2013 0DXRJF DXRJF"},"content":{"rendered":"<p class=\"\" data-start=\"533\" data-end=\"841\">Fokozza <strong data-start=\"546\" data-end=\"568\">Dell Rugged 5420<\/strong> k\u00e9sz\u00fcl\u00e9k\u00e9t ezzel az <strong data-start=\"579\" data-end=\"604\">eredeti OEM GPS k\u00e1rty\u00e1val<\/strong>, amelyet arra terveztek, hogy \u00fczleti alkalmaz\u00e1sokhoz, pontos helymeghat\u00e1roz\u00e1shoz \u00e9s biztons\u00e1gi alkalmaz\u00e1sokhoz ny\u00fajtson. Ez a modul az eredeti alkatr\u00e9sz <strong data-start=\"723\" data-end=\"745\">k\u00f6zvetlen cser\u00e9je<\/strong>, amely biztos\u00edtja a teljes kompatibilit\u00e1st \u00e9s a laptopj\u00e1val val\u00f3 z\u00f6kken\u0151mentes integr\u00e1ci\u00f3t.<\/p>\n<p>? DXRJF<\/strong> \u2013 Biztos\u00edtja a megb\u00edzhat\u00f3s\u00e1got \u00e9s a teljes kompatibilit\u00e1st<br data-start=\"938\" data-end=\"941\" \/>\u2714 <strong data-start=\"943\" data-end=\"964\">GPS-funkci\u00f3k<\/strong> \u2013 Pontos helymeghat\u00e1roz\u00e1st \u00e9s nyomon k\u00f6vet\u00e9st tesz lehet\u0151v\u00e9<br data-start=\"\u27141010\" data-1-\" \/> adatok data-start=&#8221;1136&#8243; data-end=&#8221;1139&#8243; \/>\u2714 <strong data-start=\"1141\" data-end=\"1164\">T\u00f6m\u00f6r\u00edt\u00e9s \u00e9s t\u00f6m\u00f6r\u00edt\u00e9s; Hat\u00e9kony<\/strong> \u2013 Minim\u00e1lis hat\u00e1s az akkumul\u00e1tor \u00e9lettartam\u00e1ra<\/p>\n<p class=\"\" data-start=\"1201\" data-end=\"1224\">\ud83d\udca1 <strong data-start=\"1204\" data-end=\"1222\">Kompatibilit\u00e1s:<\/strong><\/p>\n<ul data-start=\"1225\" data-end=\"1357\">\n<li class=\"\" data-start=\"1225\" data-end=\"1295\">\n<p class=\"\" data-start=\"1227\" data-end=\"1295\"><strong data-start=\"1227\" data-end=\"1249\">Dell Rugged 5420<\/strong> (V\u00e1s\u00e1rl\u00e1s el\u0151tt ellen\u0151rizze a laptop modellj\u00e9t)<\/p>\n<\/li>\n<li class=\"\" data-start=\"1296\" data-end=\"1357\">\n<p class=\"\" data-start=\"1298\" data-end=\"1357\">Szabv\u00e1nyos bels\u0151 kapcsolat GPS-kompatibilis Dell laptopokhoz<\/p>\n<\/li>\n<\/ul>\n<p class=\"\" data-start=\"1359\" data-end=\"1468\">\ud83d\udcf8 <strong data-start=\"1362\" data-end=\"1378\">Val\u00f3di fot\u00f3k:<\/strong> A list\u00e1ban szerepl\u0151 k\u00e9pek pontosan azt a GPS-t\u00e1bl\u00e1t mutatj\u00e1k, amelyet kapni fog \u2013 nincs stock fot\u00f3!<\/p>\n<p class=\"\" data-start=\"1470\" data-end=\"1622\">\u2753 <strong data-start=\"1472\" data-end=\"1486\">Seg\u00edts\u00e9gre van sz\u00fcks\u00e9ge?<\/strong> Telep\u00edt\u00e9si utas\u00edt\u00e1sokat nem adunk, de nyugodtan <strong data-start=\"1548\" data-end=\"1562\">seg\u00edts\u00e9gre van sz\u00fcks\u00e9ge<\/strong>, ha seg\u00edts\u00e9gre van sz\u00fcks\u00e9ge a v\u00e1s\u00e1rl\u00e1s ut\u00e1n.<\/strong><\/p>\n<p class=\"\" data-start=\"1624\" data-end=\"1739\">\ud83d\udce6 <strong data-start=\"1627\" data-end=\"1655\">Gyors sz\u00e1ll\u00edt\u00e1s a vil\u00e1g minden pontj\u00e1ra!<\/strong> Szerelje fel laptopj\u00e1t GPS funkci\u00f3val ennek a <strong data-start=\"1715\" data-end=\"1736\">gene<\/strong> r\u00e9sz<\/strong>nek a seg\u00edts\u00e9g\u00e9vel.<\/p>\n","protected":false},"excerpt":{"rendered":"<p>Friss\u00edtse <strong data-start=\"313\" data-end=\"335\">Dell Rugged 5420<\/strong> k\u00e9sz\u00fcl\u00e9k\u00e9t ezzel az <strong data-start=\"346\" data-end=\"371\">eredeti OEM GPS-k\u00e1rty\u00e1val<\/strong> a pontos helyk\u00f6vet\u00e9s \u00e9rdek\u00e9ben. <strong data-start=\"403\" data-end=\"450\">Val\u00f3di fot\u00f3k \u2013 amit l\u00e1tsz, azt kapod!<\/strong><\/p>\n","protected":false},"featured_media":11438,"template":"","meta":[],"product_brand":[],"product_cat":[27],"product_tag":[17],"class_list":{"0":"post-11384","1":"product","2":"type-product","3":"status-publish","4":"has-post-thumbnail","6":"product_cat-motherboards-board-parts","7":"product_tag-dell","9":"first","10":"instock","11":"taxable","12":"shipping-taxable","13":"purchasable","14":"product-type-simple"},"_links":{"self":[{"href":"https:\/\/boreait.com\/hu\/wp-json\/wp\/v2\/product\/11384","targetHints":{"allow":["GET"]}}],"collection":[{"href":"https:\/\/boreait.com\/hu\/wp-json\/wp\/v2\/product"}],"about":[{"href":"https:\/\/boreait.com\/hu\/wp-json\/wp\/v2\/types\/product"}],"wp:featuredmedia":[{"embeddable":true,"href":"https:\/\/boreait.com\/hu\/wp-json\/wp\/v2\/media\/11438"}],"wp:attachment":[{"href":"https:\/\/boreait.com\/hu\/wp-json\/wp\/v2\/media?parent=11384"}],"wp:term":[{"taxonomy":"product_brand","embeddable":true,"href":"https:\/\/boreait.com\/hu\/wp-json\/wp\/v2\/product_brand?post=11384"},{"taxonomy":"product_cat","embeddable":true,"href":"https:\/\/boreait.com\/hu\/wp-json\/wp\/v2\/product_cat?post=11384"},{"taxonomy":"product_tag","embeddable":true,"href":"https:\/\/boreait.com\/hu\/wp-json\/wp\/v2\/product_tag?post=11384"}],"curies":[{"name":"wp","href":"https:\/\/api.w.org\/{rel}","templated":true}]}}