{"id":1138,"date":"2025-09-17T09:55:09","date_gmt":"2025-09-17T07:55:09","guid":{"rendered":"https:\/\/boreait.com\/hu\/?post_type=product&#038;p=1138"},"modified":"2025-09-17T09:56:12","modified_gmt":"2025-09-17T07:56:12","slug":"dell-inspiron-n7010-hangszoro-melynyomo-0v90rm","status":"publish","type":"product","link":"https:\/\/boreait.com\/hu\/termek\/dell-inspiron-n7010-hangszoro-melynyomo-0v90rm\/","title":{"rendered":"Dell Inspiron N7010 hangsz\u00f3r\u00f3 m\u00e9lynyom\u00f3 0V90RM"},"content":{"rendered":"<p>Jav\u00edtsa Dell Inspiron N7010 laptopja hangteljes\u00edtm\u00e9ny\u00e9t az eredeti 0V90RM m\u00e9lynyom\u00f3 hangsz\u00f3r\u00f3val. Ha eddig hi\u00e1nyzott a gazdag \u00e9s m\u00e9ly basszus a zen\u00e9b\u0151l \u00e9s a filmekb\u0151l, ez a cserehangsz\u00f3r\u00f3 a t\u00f6k\u00e9letes megold\u00e1s az \u00d6n \u00e1ltal v\u00e1gyott mag\u00e1val ragad\u00f3 hang\u00e9lm\u00e9ny helyre\u00e1ll\u00edt\u00e1s\u00e1ra.<\/p>\n<p>A 0V90RM m\u00e9lynyom\u00f3t kifejezetten \u00fagy tervezt\u00e9k, hogy illeszkedjen a Dell Inspiron N7010 modellhez, \u00e9s z\u00f6kken\u0151mentesen m\u0171k\u00f6dj\u00f6n. Kompatibilit\u00e1sa biztos\u00edtja, hogy hib\u00e1tlanul m\u0171k\u00f6dj\u00f6n egy\u00fctt a laptop audiorendszer\u00e9vel, \u00e9s er\u0151teljes, alacsony frekvenci\u00e1j\u00fa hangz\u00e1st biztos\u00edt a moziszer\u0171bb \u00e9s mag\u00e1val ragad\u00f3bb sz\u00f3rakoz\u00e1si \u00e9lm\u00e9ny \u00e9rdek\u00e9ben.<\/p>\n<p>A 0V90RM m\u00e9lynyom\u00f3 telep\u00edt\u00e9se egyszer\u0171, \u00e9s nem ig\u00e9nyel speci\u00e1lis m\u0171szaki ismereteket. Az eredeti Dell cserealkatr\u00e9szekbe val\u00f3 befektet\u00e9s garant\u00e1lja a hossz\u00fa t\u00e1v\u00fa teljes\u00edtm\u00e9nyt \u00e9s megb\u00edzhat\u00f3s\u00e1got. El\u0151fordulhat, hogy az ut\u00e1ngy\u00e1rtott hangsz\u00f3r\u00f3k nem biztos\u00edtanak ugyanolyan szint\u0171 hangmin\u0151s\u00e9get vagy tart\u00f3ss\u00e1got, \u00e9s kompatibilit\u00e1si probl\u00e9m\u00e1khoz vagy id\u0151 el\u0151tti meghib\u00e1sod\u00e1shoz vezethetnek.<\/p>\n<p>A 0V90RM m\u00e9lynyom\u00f3val megn\u00f6velt m\u00e9lyhangokat \u00e9s mag\u00e1val ragad\u00f3bb hang\u00e9lm\u00e9nyt \u00e9lvezhet Dell Inspiron N7010 laptopj\u00e1n. Ak\u00e1r akci\u00f3d\u00fas filmeket n\u00e9z, j\u00e1tszol, ak\u00e1r zen\u00e9t hallgat, ez a kiv\u00e1l\u00f3 min\u0151s\u00e9g\u0171 m\u00e9lynyom\u00f3 \u00faj szintre emeli sz\u00f3rakoz\u00e1s\u00e1t.<\/p>\n<p>Ne el\u00e9gedjen meg a lapos \u00e9s halv\u00e1ny hanggal. Cser\u00e9lje le elhaszn\u00e1l\u00f3dott vagy s\u00e9r\u00fclt m\u00e9lynyom\u00f3j\u00e1t az eredeti Dell 0V90RM hangsz\u00f3r\u00f3ra, \u00e9s fedezze fel \u00fajra a m\u00e9ly \u00e9s er\u0151teljes basszust, amelyr\u0151l eddig hi\u00e1nyzott. Alak\u00edtsa \u00e1t laptopj\u00e1t egy hordozhat\u00f3 sz\u00f3rakoztat\u00f3 berendez\u00e9ss\u00e9, \u00e9s \u00e9lvezze a gazdag, moziszer\u0171 hangz\u00e1st, b\u00e1rhov\u00e1 is megy.<\/p>\n","protected":false},"excerpt":{"rendered":"<p>Fokozza Dell Inspiron N7010 laptopja m\u00e9lyhang- \u00e9s hangmin\u0151s\u00e9g\u00e9t az eredeti 0V90RM m\u00e9lynyom\u00f3 hangsz\u00f3r\u00f3val. Ez a kiv\u00e1l\u00f3 min\u0151s\u00e9g\u0171 cserealkatr\u00e9sz biztos\u00edtja, hogy m\u00e9ly \u00e9s er\u0151teljes hangz\u00e1sban r\u00e9szes\u00fclj\u00f6n, \u00e9s a sz\u00f3rakoz\u00e1s \u00e9lm\u00e9ny\u00e9t a k\u00f6vetkez\u0151 szintre emeli.<\/p>\n","protected":false},"featured_media":1194,"template":"","meta":[],"product_brand":[],"product_cat":[18],"product_tag":[17],"class_list":{"0":"post-1138","1":"product","2":"type-product","3":"status-publish","4":"has-post-thumbnail","6":"product_cat-laptop-speakers","7":"product_tag-dell","9":"first","10":"instock","11":"taxable","12":"shipping-taxable","13":"purchasable","14":"product-type-simple"},"_links":{"self":[{"href":"https:\/\/boreait.com\/hu\/wp-json\/wp\/v2\/product\/1138","targetHints":{"allow":["GET"]}}],"collection":[{"href":"https:\/\/boreait.com\/hu\/wp-json\/wp\/v2\/product"}],"about":[{"href":"https:\/\/boreait.com\/hu\/wp-json\/wp\/v2\/types\/product"}],"wp:featuredmedia":[{"embeddable":true,"href":"https:\/\/boreait.com\/hu\/wp-json\/wp\/v2\/media\/1194"}],"wp:attachment":[{"href":"https:\/\/boreait.com\/hu\/wp-json\/wp\/v2\/media?parent=1138"}],"wp:term":[{"taxonomy":"product_brand","embeddable":true,"href":"https:\/\/boreait.com\/hu\/wp-json\/wp\/v2\/product_brand?post=1138"},{"taxonomy":"product_cat","embeddable":true,"href":"https:\/\/boreait.com\/hu\/wp-json\/wp\/v2\/product_cat?post=1138"},{"taxonomy":"product_tag","embeddable":true,"href":"https:\/\/boreait.com\/hu\/wp-json\/wp\/v2\/product_tag?post=1138"}],"curies":[{"name":"wp","href":"https:\/\/api.w.org\/{rel}","templated":true}]}}