{"id":11373,"date":"2025-09-17T13:18:49","date_gmt":"2025-09-17T11:18:49","guid":{"rendered":"https:\/\/boreait.com\/hu\/?post_type=product&#038;p=11373"},"modified":"2025-09-17T13:20:00","modified_gmt":"2025-09-17T11:20:00","slug":"dell-latitude-5420-akkumulator-led-allapotjelzo-ivd04-0801-9021e00-oem","status":"publish","type":"product","link":"https:\/\/boreait.com\/hu\/termek\/dell-latitude-5420-akkumulator-led-allapotjelzo-ivd04-0801-9021e00-oem\/","title":{"rendered":"Dell Latitude 5420 akkumul\u00e1tor LED \u00e1llapotjelz\u0151 IVD04 0801-9021E00 OEM"},"content":{"rendered":"<p class=\"\" data-start=\"409\" data-end=\"716\">Cser\u00e9lje ki a hib\u00e1s vagy hi\u00e1nyz\u00f3 akkumul\u00e1tor\u00e1llapot-jelz\u0151f\u00e9nyt ezzel a <strong data-start=\"523\" data-end=\"550\">Latitude .40 Rugged 140<\/strong>Rugged 140<\/strong> <strong data-start=\"468\" data-end=\"514\">haszn\u00e1lt OEM Dell akkumul\u00e1tor LED-\u00e1llapotjelz\u0151vel<\/strong> A cikksz\u00e1mok a k\u00f6vetkez\u0151k: <strong data-start=\"573\" data-end=\"582\">IVD04<\/strong> \u00e9s <strong data-start=\"587\" data-end=\"603\">0801-9021E00<\/strong>. Ez az eredeti Dell-alkatr\u00e9sz ide\u00e1lis a teljes LED-funkci\u00f3k helyre\u00e1ll\u00edt\u00e1s\u00e1hoz \u00e9s az akkumul\u00e1tor-fel\u00fcgyelethez strapab\u00edr\u00f3 rendszereken.<\/p>\n<p class=\"\" data-start=\"718\" data-end=\"742\">\u2705 <strong data-start=\"720\" data-end=\"740\">Kompatibilis:<\/strong><\/p>\n<ul data-start=\"743\" data-end=\"773\">\n<li class=\"\" data-start=\"743\" data-end=\"773\">\n<p class=\"\" data-start=\"745\" data-end=\"773\">Dell Latitude 14 Rugged 5420<\/p>\n<\/li>\n<\/ul>\n<p class=\"\" data-start=\"775\" data-end=\"796\">\u2705 <strong data-start=\"777\" data-end=\"794\">Alkatr\u00e9szsz\u00e1mok:<\/strong><\/p>\n<ul data-start=\"797\" data-end=\"821\">\n<li class=\"\" data-start=\"797\" data-end=\"806\">\n<p class=\"\" data-start=\"799\" data-end=\"806\">IVD04<\/p>\n<\/li>\n<li class=\"\" data-start=\"807\" data-end=\"821\">\n<p class=\"\" data-start=\"809\" data-end=\"821\">0801-9021E00<\/p>\n<\/li>\n<\/ul>\n<p class=\"\" data-start=\"823\" data-end=\"842\">\u2705 <strong data-start=\"825\" data-end=\"840\">Kiemel\u00e9sek:<\/strong><\/p>\n<ul data-start=\"843\" data-end=\"1008\">\n<li class=\"\" data-start=\"843\" data-end=\"871\">\n<p class=\"\" data-start=\"845\" data-end=\"871\">Eredeti Dell laptop alkatr\u00e9sz<\/p>\n<\/li>\n<li class=\"\" data-start=\"872\" data-end=\"914\">\n<p class=\"\" data-start=\"874\" data-end=\"914\">Az akkumul\u00e1tor t\u00f6lt\u00f6tts\u00e9g\u00e9t \u00e9s az eg\u00e9szs\u00e9gi \u00e1llapotot mutatja<\/p>\n<\/li>\n<li class=\"\" data-start=\"915\" data-end=\"960\">\n<p class=\"\" data-start=\"917\" data-end=\"960\">Teljesen tesztelt, haszn\u00e1lt, de kiv\u00e1l\u00f3 \u00e1llapotban<\/p>\n<\/li>\n<li class=\"\" data-start=\"961\" data-end=\"1008\">\n<p class=\"\" data-start=\"963\" data-end=\"1008\">K\u00f6nnyen telep\u00edthet\u0151 laptopjav\u00edt\u00f3 technikusok sz\u00e1m\u00e1ra<\/p>\n<\/li>\n<\/ul>\n<p class=\"\" data-start=\"1010\" data-end=\"1137\">T\u00f6k\u00e9letes professzion\u00e1lis jav\u00edt\u00e1sokhoz \u00e9s azoknak, akik min\u0151s\u00e9gi <strong data-start=\"1070\" data-end=\"1091\">Dell laptop alkatr\u00e9szeket<\/strong> szereznek be, OEM megb\u00edzhat\u00f3s\u00e1ggal. Gyors sz\u00e1ll\u00edt\u00e1s Eur\u00f3p\u00e1b\u00f3l.<\/p>\n","protected":false},"excerpt":{"rendered":"<p>Haszn\u00e1lt OEM akkumul\u00e1tor LED \u00e1llapotjelz\u0151 (IVD04 \/ 0801-9021E00) a Dell Latitude 14 Rugged 5420-hoz. Megb\u00edzhat\u00f3 cserealkatr\u00e9sz Dell laptophoz.<\/p>\n","protected":false},"featured_media":11427,"template":"","meta":[],"product_brand":[],"product_cat":[20],"product_tag":[17],"class_list":{"0":"post-11373","1":"product","2":"type-product","3":"status-publish","4":"has-post-thumbnail","6":"product_cat-cables","7":"product_tag-dell","9":"first","10":"instock","11":"taxable","12":"shipping-taxable","13":"purchasable","14":"product-type-simple"},"_links":{"self":[{"href":"https:\/\/boreait.com\/hu\/wp-json\/wp\/v2\/product\/11373","targetHints":{"allow":["GET"]}}],"collection":[{"href":"https:\/\/boreait.com\/hu\/wp-json\/wp\/v2\/product"}],"about":[{"href":"https:\/\/boreait.com\/hu\/wp-json\/wp\/v2\/types\/product"}],"wp:featuredmedia":[{"embeddable":true,"href":"https:\/\/boreait.com\/hu\/wp-json\/wp\/v2\/media\/11427"}],"wp:attachment":[{"href":"https:\/\/boreait.com\/hu\/wp-json\/wp\/v2\/media?parent=11373"}],"wp:term":[{"taxonomy":"product_brand","embeddable":true,"href":"https:\/\/boreait.com\/hu\/wp-json\/wp\/v2\/product_brand?post=11373"},{"taxonomy":"product_cat","embeddable":true,"href":"https:\/\/boreait.com\/hu\/wp-json\/wp\/v2\/product_cat?post=11373"},{"taxonomy":"product_tag","embeddable":true,"href":"https:\/\/boreait.com\/hu\/wp-json\/wp\/v2\/product_tag?post=11373"}],"curies":[{"name":"wp","href":"https:\/\/api.w.org\/{rel}","templated":true}]}}