{"id":11358,"date":"2025-09-17T13:18:22","date_gmt":"2025-09-17T11:18:22","guid":{"rendered":"https:\/\/boreait.com\/hu\/?post_type=product&#038;p=11358"},"modified":"2025-09-17T13:19:53","modified_gmt":"2025-09-17T11:19:53","slug":"oem-dell-rugged-5424-also-fedel-07x19c-eredeti-laptop-cserealkatresz","status":"publish","type":"product","link":"https:\/\/boreait.com\/hu\/termek\/oem-dell-rugged-5424-also-fedel-07x19c-eredeti-laptop-cserealkatresz\/","title":{"rendered":"OEM Dell Rugged 5424 als\u00f3 fed\u00e9l 07x19c \u2013 Eredeti laptop cserealkatr\u00e9sz"},"content":{"rendered":"<p class=\"\" data-start=\"538\" data-end=\"759\">Cser\u00e9lje ki a s\u00e9r\u00fclt vagy hi\u00e1nyz\u00f3 als\u00f3 fedelet erre az <strong data-start=\"593\" data-end=\"641\">OEM Dell Rugged 5424 als\u00f3 tokkal (07x19c)<\/strong>. Ez egy <strong data-start=\"653\" data-end=\"674\">eredeti Dell alkatr\u00e9sz<\/strong>, amely t\u00f6k\u00e9letes illeszked\u00e9st \u00e9s tart\u00f3ss\u00e1got biztos\u00edt massz\u00edv <strong data-start=\"732\" data-end=\"756\">strapab\u00edr\u00f3 5424-es laptopj\u00e1hoz<\/strong>.<\/p>\n<p>? adatok data-start=&#8221;904&#8243; data-end=&#8221;928&#8243;>Tart\u00f3s konstrukci\u00f3<\/strong> \u2013 A Rugged\u00a0 5424 robusztus kialak\u00edt\u00e1s\u00e1hoz k\u00e9sz\u00fclt<br data-start=\"984\" data-end=\"987\" \/>\u2714 <strong data-start=\"989\" data-end=\"1009\">El\u0151re v\u00e1gott ny\u00edl\u00e1sok, ny\u00edl\u00e1sok \u00e9s ny\u00edl\u00e1sok<\/strong> pontok<br data-start=\"1067\" data-end=\"1070\" \/>\u2714 <strong data-start=\"1072\" data-end=\"1093\">Egyszer\u0171 telep\u00edt\u00e9s<\/strong> \u2013 Gyorsan \u00e9s probl\u00e9mamentesen cser\u00e9lje ki a r\u00e9gi als\u00f3 tokj\u00e1t<\/p>\n<p class=\"\" data-start=\"1153\" data-end=\"1176\">\ud83d\udca1 <strong data-start=\"1156\" data-end=\"1174\">Kompatibilit\u00e1s:<\/strong><\/p>\n<ul data-start=\"1177\" data-end=\"1317\">\n<li class=\"\" data-start=\"1177\" data-end=\"1266\">\n<p class=\"\" data-start=\"1179\" data-end=\"1266\">Kifejezetten a <strong data-start=\"1205\" data-end=\"1227\">Dell Rugged\u00a0 5424-hez<\/strong> (V\u00e1s\u00e1rl\u00e1s el\u0151tt ellen\u0151rizze a modellt)<\/p>\n<\/li>\n<li class=\"\" data-start=\"1267\" data-end=\"1317\">\n<p class=\"\" data-start=\"1269\" data-end=\"1317\">A 07x19c cikksz\u00e1m k\u00f6zvetlen cser\u00e9je<\/p>\n<\/li>\n<\/ul>\n<p class=\"\" data-start=\"1319\" data-end=\"1420\">\ud83d\udcf8 <strong data-start=\"1322\" data-end=\"1338\">Val\u00f3di fot\u00f3k:<\/strong> Az adatlapon szerepl\u0151 k\u00e9pek pontosan azt a term\u00e9ket mutatj\u00e1k, amelyet \u00d6n kap \u2013 nincs meglepet\u00e9s!<\/p>\n<p class=\"\" data-start=\"1422\" data-end=\"1576\">\u2753 <strong data-start=\"1424\" data-end=\"1438\">Seg\u00edts\u00e9gre van sz\u00fcks\u00e9ge?<\/strong> Hab\u00e1r nem adunk telep\u00edt\u00e9si utas\u00edt\u00e1sokat, nyugodtan <strong data-start=\"1502\" data-end=\"1516\">\u00fczenjen, ha seg\u00edts\u00e9gre van sz\u00fcks\u00e9ge,<\/strong> a v\u00e1s\u00e1rl\u00e1s el\u0151tt.<\/strong><\/p>\n<p class=\"\" data-start=\"1578\" data-end=\"1709\">\ud83d\udce6 <strong data-start=\"1581\" data-end=\"1609\">Gyors kisz\u00e1ll\u00edt\u00e1s a vil\u00e1g minden pontj\u00e1ra!<\/strong> Szerezze be <strong data-start=\"1619\" data-end=\"1641\">Dell Rugged 542-vel<\/strong> ezzel a <strong>top42-vel. data-start=&#8221;1670&#8243; data-end=&#8221;1706&#8243;>eredeti als\u00f3 bor\u00edt\u00f3 csere<\/strong>.<\/p>\n","protected":false},"excerpt":{"rendered":"<p>Eredeti <strong data-start=\"325\" data-end=\"370\">Dell Rugged 5424 als\u00f3 burkolat (07x19c)<\/strong> \u2013 az OEM csere a t\u00f6k\u00e9letes illeszked\u00e9s\u00e9rt. <strong data-start=\"408\" data-end=\"455\">Val\u00f3di fot\u00f3k \u2013 pontosan azt kapod, amit l\u00e1tsz!<\/strong><\/p>\n","protected":false},"featured_media":11421,"template":"","meta":[],"product_brand":[],"product_cat":[16],"product_tag":[17],"class_list":{"0":"post-11358","1":"product","2":"type-product","3":"status-publish","4":"has-post-thumbnail","6":"product_cat-laptop-housing","7":"product_tag-dell","9":"first","10":"instock","11":"taxable","12":"shipping-taxable","13":"purchasable","14":"product-type-simple"},"_links":{"self":[{"href":"https:\/\/boreait.com\/hu\/wp-json\/wp\/v2\/product\/11358","targetHints":{"allow":["GET"]}}],"collection":[{"href":"https:\/\/boreait.com\/hu\/wp-json\/wp\/v2\/product"}],"about":[{"href":"https:\/\/boreait.com\/hu\/wp-json\/wp\/v2\/types\/product"}],"wp:featuredmedia":[{"embeddable":true,"href":"https:\/\/boreait.com\/hu\/wp-json\/wp\/v2\/media\/11421"}],"wp:attachment":[{"href":"https:\/\/boreait.com\/hu\/wp-json\/wp\/v2\/media?parent=11358"}],"wp:term":[{"taxonomy":"product_brand","embeddable":true,"href":"https:\/\/boreait.com\/hu\/wp-json\/wp\/v2\/product_brand?post=11358"},{"taxonomy":"product_cat","embeddable":true,"href":"https:\/\/boreait.com\/hu\/wp-json\/wp\/v2\/product_cat?post=11358"},{"taxonomy":"product_tag","embeddable":true,"href":"https:\/\/boreait.com\/hu\/wp-json\/wp\/v2\/product_tag?post=11358"}],"curies":[{"name":"wp","href":"https:\/\/api.w.org\/{rel}","templated":true}]}}