{"id":11357,"date":"2025-09-17T13:18:22","date_gmt":"2025-09-17T11:18:22","guid":{"rendered":"https:\/\/boreait.com\/hu\/?post_type=product&#038;p=11357"},"modified":"2025-09-17T13:19:50","modified_gmt":"2025-09-17T11:19:50","slug":"risen-pc-dvd-uj-es-lezart-epic-fantasy-rpg-a-deep-silvertol","status":"publish","type":"product","link":"https:\/\/boreait.com\/hu\/termek\/risen-pc-dvd-uj-es-lezart-epic-fantasy-rpg-a-deep-silvertol\/","title":{"rendered":"Risen (PC DVD) &#8211; \u00daj \u00e9s lez\u00e1rt | Epic Fantasy RPG a Deep Silvert\u0151l"},"content":{"rendered":"<p class=\"\" data-start=\"501\" data-end=\"534\"><strong data-start=\"501\" data-end=\"534\">Risen (PC DVD) \u2013 \u00daj &amp; Lez\u00e1rt<\/strong><\/p>\n<p>ra<\/p>\n<p class=\"\" data-start=\"536\" data-end=\"840\">L\u00e9pjen be a <em data-start=\"578\" data-end=\"585\">Risen<\/em> s\u00f6t\u00e9t \u00e9s mag\u00e1val ragad\u00f3 vil\u00e1g\u00e1ba, a Deep Silver \u00e9s Piranha Bytes, az elismert g\u00f3tikus sorozat alkot\u00f3inak fantasy szerepj\u00e1t\u00e9ka. A rejt\u00e9lyes f\u00f6ldreng\u00e9sek \u00e1ltal s\u00fajtott, \u0151si vad\u00e1llatokkal k\u00fasz\u00f3 szigeten, Faranga sziget\u00e9n az \u00d6n tettei alak\u00edtj\u00e1k a vil\u00e1g sors\u00e1t.<\/p>\n<p class=\"\" data-start=\"842\" data-end=\"862\">\u2694\ufe0f <strong data-start=\"845\" data-end=\"862\">F\u0151bb jellemz\u0151k:<\/strong><\/p>\n<ul data-start=\"863\" data-end=\"1191\">\n<li class=\"\" data-start=\"863\" data-end=\"953\">\n<p class=\"\" data-start=\"865\" data-end=\"953\">V\u00e1laszd el a sorsodat: v\u00e1lj mesteri kardforgat\u00f3v\u00e1, k\u00e9pzett harcoss\u00e1 vagy er\u0151s m\u00e1guss\u00e1.<\/p>\n<\/li>\n<li class=\"\" data-start=\"954\" data-end=\"1003\">\n<p class=\"\" data-start=\"956\" data-end=\"1003\">T\u00f6bb mint 60 \u00f3r\u00e1nyi mag\u00e1val ragad\u00f3, ny\u00edlt vil\u00e1g\u00fa j\u00e1t\u00e9k.<\/p>\n<\/li>\n<li class=\"\" data-start=\"1004\" data-end=\"1071\">\n<p class=\"\" data-start=\"1006\" data-end=\"1071\">Sz\u00e1mtalan mell\u00e9kk\u00fcldet\u00e9s, vesz\u00e9lyes l\u00e9nyek \u00e9s rejtett kincsek.<\/p>\n<\/li>\n<li class=\"\" data-start=\"1072\" data-end=\"1133\">\n<p class=\"\" data-start=\"1074\" data-end=\"1133\">M\u00e9ly, t\u00f6rt\u00e9netk\u00f6zpont\u00fa \u00e9lm\u00e9ny, ahol minden d\u00f6nt\u00e9s sz\u00e1m\u00edt.<\/p>\n<\/li>\n<li class=\"\" data-start=\"1134\" data-end=\"1191\">\n<p class=\"\" data-start=\"1136\" data-end=\"1191\">Tov\u00e1bbfejlesztve a DirectX 9.0c-hez | Kompatibilis Windows PC-vel.<\/p>\n<\/li>\n<\/ul>\n<p class=\"\" data-start=\"1193\" data-end=\"1298\">\ud83c\udf81 <strong data-start=\"1196\" data-end=\"1209\">\u00c1llapot<\/strong>: vadonat\u00faj, gy\u00e1rilag lepecs\u00e9telt.<br data-start=\"1240\" data-end=\"1243\" \/>\ud83d\udcc0 <strong data-4\"start data-end=\"1258\">Platform<\/strong>: PC DVD<br data-start=\"1266\" data-end=\"1269\" \/>\ud83d\udc64 <strong data-start=\"1272\" data-end=\"1286\">Korhat\u00e1r-besorol\u00e1s<\/strong>: 16+ (PEGI)<\/p>\n<p class=\"\" data-start=\"1300\" data-end=\"1384\">T\u00f6k\u00e9letes v\u00e1laszt\u00e1s azoknak a gy\u0171jt\u0151knek vagy RPG-rajong\u00f3knak, akik lebilincsel\u0151 \u00e9s hangulatos kalandra v\u00e1gynak.<\/p>\n","protected":false},"excerpt":{"rendered":"<p>V\u00e1gjon bele egy epikus utaz\u00e1sra a <em data-start=\"276\" data-end=\"283\">Risen<\/em>ben, egy kavicsos \u00e9s hangulatos RPG-ben, amely egy titokzatos szigeten j\u00e1tsz\u00f3dik. N\u00e9zz szembe hal\u00e1los l\u00e9nyekkel, alak\u00edtsd a sorsod, \u00e9s alak\u00edtsd a k\u00f6r\u00fcl\u00f6tted l\u00e9v\u0151 vil\u00e1got. \u00daj \u00e9s gy\u00e1rilag z\u00e1rt PC DVD verzi\u00f3.<\/p>\n","protected":false},"featured_media":11419,"template":"","meta":[],"product_brand":[],"product_cat":[90],"product_tag":[],"class_list":{"0":"post-11357","1":"product","2":"type-product","3":"status-publish","4":"has-post-thumbnail","6":"product_cat-vintage-antiques-retro","8":"first","9":"instock","10":"taxable","11":"shipping-taxable","12":"purchasable","13":"product-type-simple"},"_links":{"self":[{"href":"https:\/\/boreait.com\/hu\/wp-json\/wp\/v2\/product\/11357","targetHints":{"allow":["GET"]}}],"collection":[{"href":"https:\/\/boreait.com\/hu\/wp-json\/wp\/v2\/product"}],"about":[{"href":"https:\/\/boreait.com\/hu\/wp-json\/wp\/v2\/types\/product"}],"wp:featuredmedia":[{"embeddable":true,"href":"https:\/\/boreait.com\/hu\/wp-json\/wp\/v2\/media\/11419"}],"wp:attachment":[{"href":"https:\/\/boreait.com\/hu\/wp-json\/wp\/v2\/media?parent=11357"}],"wp:term":[{"taxonomy":"product_brand","embeddable":true,"href":"https:\/\/boreait.com\/hu\/wp-json\/wp\/v2\/product_brand?post=11357"},{"taxonomy":"product_cat","embeddable":true,"href":"https:\/\/boreait.com\/hu\/wp-json\/wp\/v2\/product_cat?post=11357"},{"taxonomy":"product_tag","embeddable":true,"href":"https:\/\/boreait.com\/hu\/wp-json\/wp\/v2\/product_tag?post=11357"}],"curies":[{"name":"wp","href":"https:\/\/api.w.org\/{rel}","templated":true}]}}