{"id":11356,"date":"2025-09-17T13:18:22","date_gmt":"2025-09-17T11:18:22","guid":{"rendered":"https:\/\/boreait.com\/hu\/?post_type=product&#038;p=11356"},"modified":"2025-09-17T13:19:45","modified_gmt":"2025-09-17T11:19:45","slug":"titkos-fajlok-tunguska-pc-dvd-uj-es-lezart-grafikus-kalandjatek","status":"publish","type":"product","link":"https:\/\/boreait.com\/hu\/termek\/titkos-fajlok-tunguska-pc-dvd-uj-es-lezart-grafikus-kalandjatek\/","title":{"rendered":"Titkos f\u00e1jlok: Tunguska (PC DVD) &#8211; \u00daj \u00e9s lez\u00e1rt grafikus kalandj\u00e1t\u00e9k"},"content":{"rendered":"<p class=\"\" data-start=\"594\" data-end=\"907\">Mer\u00fclj\u00f6n el az \u00f6sszeesk\u00fcv\u00e9sek, m\u00edtoszok \u00e9s glob\u00e1lis titkok izgalmas vil\u00e1g\u00e1ban a <em data-start=\"670\" data-end=\"694\">Titkos akt\u00e1k: Tunguszka<\/em> seg\u00edts\u00e9g\u00e9vel. Ebben a kritikusok \u00e1ltal elismert \u201epoint and click\u201d kalandban elk\u00eds\u00e9ri Nin\u00e1t \u00e9s Maxet egy l\u00e9legzetel\u00e1ll\u00edt\u00f3 utaz\u00e1sra, hogy felt\u00e1rja apja titokzatos elt\u0171n\u00e9se \u00e9s a val\u00f3s Tunguska esem\u00e9ny m\u00f6g\u00f6tt megh\u00faz\u00f3d\u00f3 igazs\u00e1got.<\/p>\n<p class=\"\" data-start=\"909\" data-end=\"1142\">T\u00f6bb mint 80 r\u00e9szletes helysz\u00ednnel, 25 \u00e9leth\u0171 3D-s karakterrel \u00e9s olyan l\u00e9gk\u00f6ri hat\u00e1sokkal, mint a val\u00f3s idej\u0171 vil\u00e1g\u00edt\u00e1s, \u00e1rny\u00e9kok \u00e9s id\u0151j\u00e1r\u00e1s, ez a j\u00e1t\u00e9k mag\u00e1val ragad\u00f3 \u00e9s filmszer\u0171 \u00e9lm\u00e9nyt ny\u00fajt, amely kih\u00edv\u00e1st jelent a nyomoz\u00f3i \u00f6szt\u00f6neidnek.<\/p>\n<p class=\"\" data-start=\"1144\" data-end=\"1160\">\ud83d\udd0d <strong data-start=\"1147\" data-end=\"1160\">Jellemz\u0151k:<\/strong><\/p>\n<ul data-start=\"1161\" data-end=\"1431\">\n<li class=\"\" data-start=\"1161\" data-end=\"1205\">\n<p class=\"\" data-start=\"1163\" data-end=\"1205\">Bonyolult fejt\u00f6r\u0151k \u00e9s lebilincsel\u0151 t\u00f6rt\u00e9net<\/p>\n<\/li>\n<li class=\"\" data-start=\"1206\" data-end=\"1246\">\n<p class=\"\" data-start=\"1208\" data-end=\"1246\">80+ gy\u00f6ny\u00f6r\u0171en megjelen\u00edtett h\u00e1tt\u00e9r<\/p>\n<\/li>\n<li class=\"\" data-start=\"1247\" data-end=\"1289\">\n<p class=\"\" data-start=\"1249\" data-end=\"1289\">Val\u00f3s idej\u0171 f\u00e9ny- \u00e9s id\u0151j\u00e1r\u00e1si hat\u00e1sok<\/p>\n<\/li>\n<li class=\"\" data-start=\"1290\" data-end=\"1334\">\n<p class=\"\" data-start=\"1292\" data-end=\"1334\">Teljes hangj\u00e1t\u00e9k arcanim\u00e1ci\u00f3kkal<\/p>\n<\/li>\n<li class=\"\" data-start=\"1335\" data-end=\"1386\">\n<p class=\"\" data-start=\"1337\" data-end=\"1386\">G\u00f6rgethet\u0151 k\u00f6rnyezetek \u00e9s filmes jelenetek<\/p>\n<\/li>\n<li class=\"\" data-start=\"1387\" data-end=\"1431\">\n<p class=\"\" data-start=\"1389\" data-end=\"1431\">Az igazi Tunguska-jelens\u00e9g ihlette<\/p>\n<\/li>\n<\/ul>\n<p class=\"\" data-start=\"1433\" data-end=\"1460\">\ud83c\udfae <strong data-start=\"1436\" data-end=\"1460\">Rendszerk\u00f6vetelm\u00e9nyek:<\/strong><\/p>\n<ul data-start=\"1461\" data-end=\"1672\">\n<li class=\"\" data-start=\"1461\" data-end=\"1497\">\n<p class=\"\" data-start=\"1463\" data-end=\"1497\">T\u00e1mogatott oper\u00e1ci\u00f3s rendszer: Windows XP \/ Vista<\/p>\n<\/li>\n<li class=\"\" data-start=\"1498\" data-end=\"1518\">\n<p class=\"\" data-start=\"1500\" data-end=\"1518\">Processzor: 1 GHz<\/p>\n<\/li>\n<li class=\"\" data-start=\"1519\" data-end=\"1560\">\n<p class=\"\" data-start=\"1521\" data-end=\"1560\">RAM: 512 MB (Vista: 1 GB aj\u00e1nlott)<\/p>\n<\/li>\n<li class=\"\" data-start=\"1561\" data-end=\"1621\">\n<p class=\"\" data-start=\"1563\" data-end=\"1621\">Grafika: 32 MB (dedik\u00e1lt k\u00e1rtya, nincs integr\u00e1lt grafika)<\/p>\n<\/li>\n<li class=\"\" data-start=\"1622\" data-end=\"1646\">\n<p class=\"\" data-start=\"1624\" data-end=\"1646\">HDD: 2 GB szabad hely<\/p>\n<\/li>\n<li class=\"\" data-start=\"1647\" data-end=\"1672\">\n<p class=\"\" data-start=\"1649\" data-end=\"1672\">DirectX 9.0 vagy \u00fajabb<\/p>\n<\/li>\n<\/ul>\n<p class=\"\" data-start=\"1674\" data-end=\"1803\">\u2705 <strong data-start=\"1676\" data-end=\"1690\">\u00c1llapot:<\/strong> Vadonat\u00faj, bontatlan, gy\u00e1rilag lez\u00e1rt<br data-start=\"1726\" data-end=\"1729\" \/>-\ud83d\udcc0 <strong data-start=\"1729\" \/>-2. data-end=&#8221;1745&#8243;>Platform:<\/strong> PC DVD-ROM<br data-start=\"1756\" data-end=\"1759\" \/>\ud83d\udce6 \u00d3vatosan sz\u00e1ll\u00edtjuk v\u00e9d\u0151csomagol\u00e1sban<\/p>\n<p class=\"\" data-start=\"1805\" data-end=\"1944\">Ak\u00e1r a klasszikus kalandok h\u00edve, ak\u00e1r a t\u00f6rt\u00e9nelmi titkok felt\u00e1r\u00e1sa, a <em data-start=\"1884\" data-end=\"1908\">Titkos akt\u00e1k: Tunguska<\/em> elengedhetetlen kell\u00e9ke a gy\u0171jtem\u00e9ny\u00e9nek.<\/p>\n","protected":false},"excerpt":{"rendered":"<p>Fedjen fel egy lebilincsel\u0151 rejt\u00e9lyt a <em data-start=\"292\" data-end=\"316\">Secret Files: Tunguska<\/em>ban, egy klasszikus point-and-click grafikus kalandban, amelyet az igazi Tunguska esem\u00e9ny ihletett. Vadonat\u00faj, gy\u00e1rilag lez\u00e1rt, j\u00e1t\u00e9kra k\u00e9sz Windows XP\/Vista rendszeren.<\/p>\n","protected":false},"featured_media":11417,"template":"","meta":[],"product_brand":[],"product_cat":[90],"product_tag":[],"class_list":{"0":"post-11356","1":"product","2":"type-product","3":"status-publish","4":"has-post-thumbnail","6":"product_cat-vintage-antiques-retro","8":"first","9":"instock","10":"taxable","11":"shipping-taxable","12":"purchasable","13":"product-type-simple"},"_links":{"self":[{"href":"https:\/\/boreait.com\/hu\/wp-json\/wp\/v2\/product\/11356","targetHints":{"allow":["GET"]}}],"collection":[{"href":"https:\/\/boreait.com\/hu\/wp-json\/wp\/v2\/product"}],"about":[{"href":"https:\/\/boreait.com\/hu\/wp-json\/wp\/v2\/types\/product"}],"wp:featuredmedia":[{"embeddable":true,"href":"https:\/\/boreait.com\/hu\/wp-json\/wp\/v2\/media\/11417"}],"wp:attachment":[{"href":"https:\/\/boreait.com\/hu\/wp-json\/wp\/v2\/media?parent=11356"}],"wp:term":[{"taxonomy":"product_brand","embeddable":true,"href":"https:\/\/boreait.com\/hu\/wp-json\/wp\/v2\/product_brand?post=11356"},{"taxonomy":"product_cat","embeddable":true,"href":"https:\/\/boreait.com\/hu\/wp-json\/wp\/v2\/product_cat?post=11356"},{"taxonomy":"product_tag","embeddable":true,"href":"https:\/\/boreait.com\/hu\/wp-json\/wp\/v2\/product_tag?post=11356"}],"curies":[{"name":"wp","href":"https:\/\/api.w.org\/{rel}","templated":true}]}}