{"id":11355,"date":"2025-09-17T13:18:21","date_gmt":"2025-09-17T11:18:21","guid":{"rendered":"https:\/\/boreait.com\/hu\/?post_type=product&#038;p=11355"},"modified":"2025-09-17T13:19:38","modified_gmt":"2025-09-17T11:19:38","slug":"diablo-ii-lord-of-destruction-pc-mac-uj-es-lefedetett-blizzard","status":"publish","type":"product","link":"https:\/\/boreait.com\/hu\/termek\/diablo-ii-lord-of-destruction-pc-mac-uj-es-lefedetett-blizzard\/","title":{"rendered":"Diablo II Lord of Destruction \u2013 PC\/MAC \u2013 \u00daJ \u00c9S LEFEDETETT Blizzard"},"content":{"rendered":"<p class=\"\" data-start=\"446\" data-end=\"666\">Tapasztalja meg a Sanctuary legend\u00e1s vil\u00e1g\u00e1t a legteljesebb form\u00e1j\u00e1ban a <strong data-start=\"521\" data-end=\"555\">Diablo II: Lord of Destruction<\/strong> seg\u00edts\u00e9g\u00e9vel \u2013 a kritikusok \u00e1ltal elismert=&#8221;Diablo II&#8221; hivatalos kieg\u00e9sz\u00edt\u0151je, amelyet a <strong data-start=\"521\" data-end=\"555\"><\/strong> fejlesztett ki: <strong data-start=\"521\" data-end=\"555\" Sz\u00f3rakoz\u00e1s<\/strong>.<\/p>\n<p class=\"\" data-start=\"668\" data-end=\"850\">Ez egy <strong data-start=\"678\" data-end=\"700\">100%-ban eredeti p\u00e9ld\u00e1ny<\/strong>, a <strong data-start=\"714\" data-end=\"735\">BestSeller sorozat<\/strong> r\u00e9sze, \u00e9s ez a <strong data-start=\"678\" data-end=\"700\">100%-ban eredeti p\u00e9ld\u00e1ny<\/strong>, \u00e9s ez a <strong data-start=\"714\" data-end=\"735\">BestSeller sorozat<\/strong> r\u00e9sze, \u00e9s ez a <strong data-start=\"678\" data-end=\"700\">\u00faj gy\u00e1ri adatok lez\u00e1rt<\/strong>on \u2013 fel nem bontva. Igazi gy\u00f6ngyszem a gy\u0171jt\u0151knek vagy a retro j\u00e1t\u00e9kok szerelmeseinek.<\/p>\n<h4 class=\"\" data-start=\"852\" data-end=\"866\">Jellemz\u0151k:<\/h4>\n<ul data-start=\"867\" data-end=\"1272\">\n<li class=\"\" data-start=\"867\" data-end=\"946\">\n<p class=\"\" data-start=\"869\" data-end=\"946\">K\u00e9t tov\u00e1bbi j\u00e1tszhat\u00f3 karakteroszt\u00e1ly: az <strong data-start=\"916\" data-end=\"928\">Assassin<\/strong> \u00e9s a <strong data-start=\"937\" data-end=\"946\">druida<\/strong><\/p>\n<\/li>\n<li class=\"\" data-start=\"947\" data-end=\"1006\">\n<p class=\"\" data-start=\"949\" data-end=\"1006\">Tov\u00e1bbfejlesztett grafika, ak\u00e1r <strong data-start=\"984\" data-end=\"1006\">800&#215;600-as felbont\u00e1s<\/strong><\/p>\n<\/li>\n<li class=\"\" data-start=\"1007\" data-end=\"1084\">\n<p class=\"\" data-start=\"1009\" data-end=\"1084\">\u00daj \u00f6t\u00f6dik felvon\u00e1s epikus csat\u00e1kkal, meger\u0151s\u00edtett er\u0151d\u00edtm\u00e9nyekkel \u00e9s ostromh\u00e1bor\u00faval<\/p>\n<\/li>\n<li class=\"\" data-start=\"1085\" data-end=\"1149\">\n<p class=\"\" data-start=\"1087\" data-end=\"1149\">T\u00f6bb sz\u00e1z \u00faj elem, k\u00f6zt\u00fck var\u00e1zslatos, egyedi \u00e9s be\u00e1ll\u00edtott felszerel\u00e9s<\/p>\n<\/li>\n<li class=\"\" data-start=\"1150\" data-end=\"1201\">\n<p class=\"\" data-start=\"1152\" data-end=\"1201\">B\u0151v\u00edtett t\u00e1rol\u00f3 a jobb k\u00e9szletkezel\u00e9s\u00e9rt<\/p>\n<\/li>\n<li class=\"\" data-start=\"1202\" data-end=\"1272\">\n<p class=\"\" data-start=\"1204\" data-end=\"1272\">Online t\u00f6bbj\u00e1t\u00e9kos a <strong data-start=\"1227\" data-end=\"1241\">Battle.net<\/strong>en kereszt\u00fcl (eur\u00f3pai szervereken j\u00e1tszhat\u00f3)<\/p>\n<\/li>\n<\/ul>\n<p class=\"\" data-start=\"1274\" data-end=\"1380\">Ez a m\u00e1solat kompatibilis a <strong data-start=\"1303\" data-end=\"1320\">PC\/MAC CD-ROM-mal<\/strong>, \u00e9s az eredeti <strong data-start=\"1348\" data-end=\"1361\">Diablo II<\/strong> alapj\u00e1t\u00e9kra van sz\u00fcks\u00e9g.<\/strong><\/p>\n<p class=\"\" data-start=\"1382\" data-end=\"1434\">Besorol\u00e1s: <strong data-start=\"1388\" data-end=\"1395\">16+<\/strong>. Dolby Digital audio t\u00e1mogat\u00e1st tartalmaz.<\/p>\n<p class=\"\" data-start=\"1436\" data-end=\"1616\">\ud83d\udd25 Ak\u00e1r szeretn\u00e9 kieg\u00e9sz\u00edteni Blizzard-gy\u0171jtem\u00e9ny\u00e9t, \u00fajra megl\u00e1togatni minden id\u0151k egyik legnagyobb ARPG-j\u00e9t, vagy egyszer\u0171en csak birtokolni egy lez\u00e1rt j\u00e1t\u00e9kt\u00f6rt\u00e9netet \u2013 ez a lehet\u0151s\u00e9g.<\/p>\n<p class=\"\" data-start=\"1618\" data-end=\"1683\"><strong data-start=\"1618\" data-end=\"1683\">Megjegyz\u00e9s: Ez egy vadonat\u00faj, gy\u00e1rilag lez\u00e1rt elem. Soha nem nyitott\u00e1k ki.<\/strong><\/p>\n","protected":false},"excerpt":{"rendered":"<p>Az eredeti Diablo II: Lord of Destruction kieg\u00e9sz\u00edt\u0151, amelyet a Blizzard Entertainment \u00e1ll\u00edtott be. Gy\u00e1rilag lez\u00e1rt, nem volt kinyitva. Az ikonikus akci\u00f3-RPG gy\u0171jt\u0151inek \u00e9s rajong\u00f3inak k\u00f6telez\u0151 darab. Kompatibilis PC\/MAC-vel.<\/p>\n","protected":false},"featured_media":11409,"template":"","meta":[],"product_brand":[],"product_cat":[90],"product_tag":[],"class_list":{"0":"post-11355","1":"product","2":"type-product","3":"status-publish","4":"has-post-thumbnail","6":"product_cat-vintage-antiques-retro","8":"first","9":"instock","10":"taxable","11":"shipping-taxable","12":"purchasable","13":"product-type-simple"},"_links":{"self":[{"href":"https:\/\/boreait.com\/hu\/wp-json\/wp\/v2\/product\/11355","targetHints":{"allow":["GET"]}}],"collection":[{"href":"https:\/\/boreait.com\/hu\/wp-json\/wp\/v2\/product"}],"about":[{"href":"https:\/\/boreait.com\/hu\/wp-json\/wp\/v2\/types\/product"}],"wp:featuredmedia":[{"embeddable":true,"href":"https:\/\/boreait.com\/hu\/wp-json\/wp\/v2\/media\/11409"}],"wp:attachment":[{"href":"https:\/\/boreait.com\/hu\/wp-json\/wp\/v2\/media?parent=11355"}],"wp:term":[{"taxonomy":"product_brand","embeddable":true,"href":"https:\/\/boreait.com\/hu\/wp-json\/wp\/v2\/product_brand?post=11355"},{"taxonomy":"product_cat","embeddable":true,"href":"https:\/\/boreait.com\/hu\/wp-json\/wp\/v2\/product_cat?post=11355"},{"taxonomy":"product_tag","embeddable":true,"href":"https:\/\/boreait.com\/hu\/wp-json\/wp\/v2\/product_tag?post=11355"}],"curies":[{"name":"wp","href":"https:\/\/api.w.org\/{rel}","templated":true}]}}