{"id":11354,"date":"2025-09-17T13:18:21","date_gmt":"2025-09-17T11:18:21","guid":{"rendered":"https:\/\/boreait.com\/hu\/?post_type=product&#038;p=11354"},"modified":"2025-09-17T13:19:34","modified_gmt":"2025-09-17T11:19:34","slug":"vintage-zajecar-jugoszlavia-porcelan-kave-teakeszlet-6-csesze-es-cseszealj","status":"publish","type":"product","link":"https:\/\/boreait.com\/hu\/termek\/vintage-zajecar-jugoszlavia-porcelan-kave-teakeszlet-6-csesze-es-cseszealj\/","title":{"rendered":"Vintage Zajecar Jugoszl\u00e1via porcel\u00e1n k\u00e1v\u00e9\/teak\u00e9szlet \u2013 6 cs\u00e9sze \u00e9s cs\u00e9szealj"},"content":{"rendered":"<p class=\"\" data-start=\"475\" data-end=\"849\">Tegye id\u0151tlen var\u00e1zs\u00e1t asztal\u00e1hoz ezzel a remek <strong data-start=\"528\" data-end=\"560\">sz\u00fcreti porcel\u00e1n k\u00e1v\u00e9\/te\u00e1s k\u00e9szlettel<\/strong> a <strong data-start=\"566\" data-end=\"577\">zaje\u010dar<\/strong>b\u00f3l, Jugoszl\u00e1v\u00e1b\u00f3l. Ez a teljes k\u00e9szlet <strong data-start=\"618\" data-end=\"656\">6 finoman megmunk\u00e1lt eszpressz\u00f3 cs\u00e9sz\u00e9t<\/strong> \u00e9s a hozz\u00e1ill\u0151 cs\u00e9szealjakat tartalmaz, mindegyik <strong data-start=\"694\" data-end=\"732\">romantikus 18. sz\u00e1zadi jelenetekkel<\/strong> egy h\u00e1zasp\u00e1rr\u00f3l a kertben, <strong lombozattal \u00e9s 8 adatokkal k\u00f6r\u00fclv\u00e9ve. data-end=\"823\">finom arany d\u00edsz\u00edt\u00e9s<\/strong> a sz\u00e9leken \u00e9s a foganty\u00fakon.<\/p>\n<p class=\"\" data-start=\"851\" data-end=\"1090\">Ez a Jugoszl\u00e1via felboml\u00e1sa el\u0151tt k\u00e9sz\u00fclt k\u00e9szlet a kelet-eur\u00f3pai porcel\u00e1n eleganci\u00e1j\u00e1t \u00e9s min\u0151s\u00e9g\u00e9t t\u00fckr\u00f6zi a XX. sz\u00e1zad k\u00f6zep\u00e9t\u0151l. Az alj\u00e1n a gy\u00e1rt\u00f3 jelz\u00e9se igazolja eredetis\u00e9g\u00e9t: <strong data-start=\"1062\" data-end=\"1089\">TP Zaje\u010dar \u2013 Jugoszl\u00e1via<\/strong>.<\/p>\n<p class=\"\" data-start=\"1092\" data-end=\"1249\"><strong data-start=\"1092\" data-end=\"1106\">\u00c1llapot:<\/strong><br data-start=\"1106\" data-end=\"1109\" \/>Minden darab kiv\u00e1l\u00f3 vintage \u00e1llapotban van, nincs t\u00f6r\u00e9s vagy reped\u00e9s. Kisebb kop\u00e1s lehet az arany d\u00edsz\u00edt\u0151elemen, ami az \u00e9letkort\u00f3l \u00e9s a haszn\u00e1latt\u00f3l f\u00fcgg.<\/p>\n<p class=\"\" data-start=\"1251\" data-end=\"1266\"><strong data-start=\"1251\" data-end=\"1264\">Tartalmazza:<\/strong><\/p>\n<ul data-start=\"1267\" data-end=\"1353\">\n<li class=\"\" data-start=\"1267\" data-end=\"1286\">\n<p class=\"\" data-start=\"1269\" data-end=\"1286\">6 cs\u00e9sze eszpressz\u00f3<\/p>\n<\/li>\n<li class=\"\" data-start=\"1287\" data-end=\"1309\">\n<p class=\"\" data-start=\"1289\" data-end=\"1309\">6 hozz\u00e1ill\u0151 cs\u00e9szealj<\/p>\n<\/li>\n<li class=\"\" data-start=\"1310\" data-end=\"1353\">\n<p class=\"\" data-start=\"1312\" data-end=\"1353\">Eredeti vintage diz\u00e1jn \u2013 modell sz. 160<\/p>\n<\/li>\n<\/ul>\n<p class=\"\" data-start=\"1355\" data-end=\"1518\">T\u00f6k\u00e9letes v\u00e1laszt\u00e1s a gy\u0171jt\u0151knek, a vintage szerelmeseinek, vagy b\u00e1rkinek, aki \u00e9rt\u00e9keli a finom eur\u00f3pai k\u00e9zm\u0171vess\u00e9get. Haszn\u00e1ld ki\u00e1ll\u00edt\u00e1sra, vagy k\u00e1v\u00e9z\u00e1si ritu\u00e1l\u00e9i b\u00e1jos kieg\u00e9sz\u00edt\u0151jek\u00e9nt.<\/p>\n<p class=\"\" data-start=\"1520\" data-end=\"1568\">\ud83d\udce6 <strong data-start=\"1523\" data-end=\"1568\">\u00d3vatosan \u00e9s v\u00e9d\u0151csomagol\u00e1ssal sz\u00e1ll\u00edtjuk.<\/strong><\/p>\n","protected":false},"excerpt":{"rendered":"<p>Gy\u00f6ny\u00f6r\u0171 vintage porcel\u00e1n k\u00e1v\u00e9k\u00e9szlet, Zaje\u010dar, Jugoszl\u00e1via. Tartalmaz 6 finoman d\u00edsz\u00edtett cs\u00e9sz\u00e9t, hozz\u00e1ill\u0151 cs\u00e9szealjakkal, romantikus rokok\u00f3 st\u00edlus\u00fa jelenetekkel \u00e9s eleg\u00e1ns arany d\u00edsz\u00edt\u00e9ssel. T\u00f6k\u00e9letes gy\u0171jt\u0151i t\u00e1rgy vagy kifinomult aj\u00e1nd\u00e9k.<\/p>\n","protected":false},"featured_media":11406,"template":"","meta":[],"product_brand":[],"product_cat":[90],"product_tag":[],"class_list":{"0":"post-11354","1":"product","2":"type-product","3":"status-publish","4":"has-post-thumbnail","6":"product_cat-vintage-antiques-retro","8":"first","9":"instock","10":"taxable","11":"shipping-taxable","12":"purchasable","13":"product-type-simple"},"_links":{"self":[{"href":"https:\/\/boreait.com\/hu\/wp-json\/wp\/v2\/product\/11354","targetHints":{"allow":["GET"]}}],"collection":[{"href":"https:\/\/boreait.com\/hu\/wp-json\/wp\/v2\/product"}],"about":[{"href":"https:\/\/boreait.com\/hu\/wp-json\/wp\/v2\/types\/product"}],"wp:featuredmedia":[{"embeddable":true,"href":"https:\/\/boreait.com\/hu\/wp-json\/wp\/v2\/media\/11406"}],"wp:attachment":[{"href":"https:\/\/boreait.com\/hu\/wp-json\/wp\/v2\/media?parent=11354"}],"wp:term":[{"taxonomy":"product_brand","embeddable":true,"href":"https:\/\/boreait.com\/hu\/wp-json\/wp\/v2\/product_brand?post=11354"},{"taxonomy":"product_cat","embeddable":true,"href":"https:\/\/boreait.com\/hu\/wp-json\/wp\/v2\/product_cat?post=11354"},{"taxonomy":"product_tag","embeddable":true,"href":"https:\/\/boreait.com\/hu\/wp-json\/wp\/v2\/product_tag?post=11354"}],"curies":[{"name":"wp","href":"https:\/\/api.w.org\/{rel}","templated":true}]}}