{"id":11353,"date":"2025-09-17T13:18:21","date_gmt":"2025-09-17T11:18:21","guid":{"rendered":"https:\/\/boreait.com\/hu\/?post_type=product&#038;p=11353"},"modified":"2025-09-17T13:19:27","modified_gmt":"2025-09-17T11:19:27","slug":"kovacsoltvas-4-gyertyatarto-allvany-rusztikus-fekete-fem-dekor-kezzel-keszitett-europaban","status":"publish","type":"product","link":"https:\/\/boreait.com\/hu\/termek\/kovacsoltvas-4-gyertyatarto-allvany-rusztikus-fekete-fem-dekor-kezzel-keszitett-europaban\/","title":{"rendered":"Kov\u00e1csoltvas 4 gyertyatart\u00f3 \u00e1llv\u00e1ny \u2013 rusztikus fekete f\u00e9m dekor \u2013 k\u00e9zzel k\u00e9sz\u00edtett Eur\u00f3p\u00e1ban"},"content":{"rendered":"<p class=\"\" data-start=\"434\" data-end=\"664\">Tegye var\u00e1zs\u00e1t \u00e9s karakter\u00e9t ter\u00e9nek ezzel a gy\u00f6ny\u00f6r\u0171en kidolgozott kov\u00e1csoltvas gyertyatart\u00f3 \u00e1llv\u00e1nnyal. Ez a n\u00e9gyoszlopos gyertya t\u00e1rol\u00e1s\u00e1ra tervezett, massz\u00edv fekete f\u00e9m\u00e1llv\u00e1ny ide\u00e1lis meleg, rusztikus hangulat megteremt\u00e9s\u00e9hez b\u00e1rmely helyis\u00e9gben.<\/p>\n<p class=\"\" data-start=\"666\" data-end=\"953\">Az \u00edvelt l\u00e1bak stabilit\u00e1st \u00e9s egyedi antik eszt\u00e9tik\u00e1t biztos\u00edtanak, \u00edgy alkalmasak otthoni dekor\u00e1ci\u00f3ra, asztalk\u00f6z\u00e9pre, szertart\u00e1sokra vagy ak\u00e1r szabadt\u00e9ri \u00f6sszej\u00f6vetelekre. Ak\u00e1r egy hangulatos est\u00e9t d\u00edsz\u00edt, ak\u00e1r egy k\u00fcl\u00f6nleges esem\u00e9nyt tervez, ez a gyertyatart\u00f3 egyszerre funkcion\u00e1lis \u00e9s dekorat\u00edv.<\/p>\n<p class=\"\" data-start=\"955\" data-end=\"968\"><strong data-start=\"955\" data-end=\"968\">Jellemz\u0151k:<\/strong><\/p>\n<ul data-start=\"969\" data-end=\"1224\">\n<li class=\"\" data-start=\"969\" data-end=\"1010\">\n<p class=\"\" data-start=\"971\" data-end=\"1010\">4 oszlopos gyertya t\u00e1rol\u00e1s\u00e1ra alkalmas (nem tartoz\u00e9k)<\/p>\n<\/li>\n<li class=\"\" data-start=\"1011\" data-end=\"1043\">\n<p class=\"\" data-start=\"1013\" data-end=\"1043\">Tart\u00f3s kov\u00e1csoltvasb\u00f3l k\u00e9sz\u00fclt<\/p>\n<\/li>\n<li class=\"\" data-start=\"1044\" data-end=\"1067\">\n<p class=\"\" data-start=\"1046\" data-end=\"1067\">Rusztikus fekete fel\u00fclet<\/p>\n<\/li>\n<li class=\"\" data-start=\"1068\" data-end=\"1116\">\n<p class=\"\" data-start=\"1070\" data-end=\"1116\">\u00cdrbe l\u00e1bak a stabilit\u00e1s \u00e9s a vintage vonzer\u0151 \u00e9rdek\u00e9ben<\/p>\n<\/li>\n<li class=\"\" data-start=\"1117\" data-end=\"1169\">\n<p class=\"\" data-start=\"1119\" data-end=\"1169\">Nagyon alkalmas otthonra, esk\u00fcv\u0151kre, szertart\u00e1sokra \u00e9s esem\u00e9nyekre<\/p>\n<\/li>\n<li class=\"\" data-start=\"1170\" data-end=\"1224\">\n<p class=\"\" data-start=\"1172\" data-end=\"1224\">M\u00e9retek: Magass\u00e1g: 15 cm (6 h\u00fcvelyk), \u00e1tm\u00e9r\u0151: 23 cm (9 h\u00fcvelyk)<\/p>\n<\/li>\n<\/ul>\n<p class=\"\" data-start=\"1226\" data-end=\"1307\">Alak\u00edtson \u00e1t b\u00e1rmilyen teret id\u0151tlen elegancia \u00e9s vill\u00f3dz\u00f3 gyertyaf\u00e9ny seg\u00edts\u00e9g\u00e9vel.<\/p>\n","protected":false},"excerpt":{"rendered":"<p>Eleg\u00e1ns \u00e9s massz\u00edv kov\u00e1csoltvas gyertyatart\u00f3 n\u00e9gy oszlopos gyerty\u00e1hoz. T\u00f6k\u00e9letes rusztikus lakberendez\u00e9shez, k\u00f6z\u00e9ppontokhoz vagy spiritu\u00e1lis k\u00f6rnyezethez. Fekete f\u00e9m kivitel, hajl\u00edtott l\u00e1bakkal a vintage \u00e9rint\u00e9s\u00e9rt.<\/p>\n","protected":false},"featured_media":11405,"template":"","meta":[],"product_brand":[],"product_cat":[90],"product_tag":[],"class_list":{"0":"post-11353","1":"product","2":"type-product","3":"status-publish","4":"has-post-thumbnail","6":"product_cat-vintage-antiques-retro","8":"first","9":"instock","10":"taxable","11":"shipping-taxable","12":"purchasable","13":"product-type-simple"},"_links":{"self":[{"href":"https:\/\/boreait.com\/hu\/wp-json\/wp\/v2\/product\/11353","targetHints":{"allow":["GET"]}}],"collection":[{"href":"https:\/\/boreait.com\/hu\/wp-json\/wp\/v2\/product"}],"about":[{"href":"https:\/\/boreait.com\/hu\/wp-json\/wp\/v2\/types\/product"}],"wp:featuredmedia":[{"embeddable":true,"href":"https:\/\/boreait.com\/hu\/wp-json\/wp\/v2\/media\/11405"}],"wp:attachment":[{"href":"https:\/\/boreait.com\/hu\/wp-json\/wp\/v2\/media?parent=11353"}],"wp:term":[{"taxonomy":"product_brand","embeddable":true,"href":"https:\/\/boreait.com\/hu\/wp-json\/wp\/v2\/product_brand?post=11353"},{"taxonomy":"product_cat","embeddable":true,"href":"https:\/\/boreait.com\/hu\/wp-json\/wp\/v2\/product_cat?post=11353"},{"taxonomy":"product_tag","embeddable":true,"href":"https:\/\/boreait.com\/hu\/wp-json\/wp\/v2\/product_tag?post=11353"}],"curies":[{"name":"wp","href":"https:\/\/api.w.org\/{rel}","templated":true}]}}