{"id":11352,"date":"2025-09-17T13:18:21","date_gmt":"2025-09-17T11:18:21","guid":{"rendered":"https:\/\/boreait.com\/hu\/?post_type=product&#038;p=11352"},"modified":"2025-09-17T13:19:25","modified_gmt":"2025-09-17T11:19:25","slug":"seneca-15-reszes-aranyozott-torta-evoeszkoz-keszlet-hartvergoldet-uj","status":"publish","type":"product","link":"https:\/\/boreait.com\/hu\/termek\/seneca-15-reszes-aranyozott-torta-evoeszkoz-keszlet-hartvergoldet-uj\/","title":{"rendered":"Seneca 15 r\u00e9szes aranyozott torta ev\u0151eszk\u00f6z k\u00e9szlet \u2013 Hartvergoldet, \u00faj"},"content":{"rendered":"<p class=\"\" data-start=\"451\" data-end=\"758\">Adjon id\u0151tlen eleganci\u00e1t asztal\u00e1hoz ezzel a luxus, 15 r\u00e9szes, aranyozott torta ev\u0151eszk\u00f6zk\u00e9szlettel, amelyet a <strong data-start=\"559\" data-end=\"569\">Seneca<\/strong> k\u00e9sz\u00edtett. A <strong data-start=\"578\" data-end=\"595\">Hartvergoldet<\/strong> (kem\u00e9ny arannyal bevont) jel\u00f6l\u00e9ssel ell\u00e1tott darabok mindegyike r\u00e9szletes r\u00f3zsa mot\u00edvumot \u00e9s kifinomult fel\u00fcletet tartalmaz, \u00edgy ide\u00e1lis k\u00fcl\u00f6nleges alkalmakra, \u00fcnnepekre vagy el\u0151kel\u0151 aj\u00e1nd\u00e9kk\u00e9nt.<\/p>\n<p class=\"\" data-start=\"760\" data-end=\"885\">Ez az <strong data-start=\"765\" data-end=\"796\">\u00fcnnepi k\u00e1v\u00e9- \u00e9s s\u00fctem\u00e9nyk\u00e9szlet<\/strong> (Festliche Kaffeetafelgarnitur) mindent tartalmaz, ami a desszertek st\u00edlusos felszolg\u00e1l\u00e1s\u00e1hoz sz\u00fcks\u00e9ges:<\/p>\n<ul data-start=\"886\" data-end=\"1015\">\n<li class=\"\" data-start=\"886\" data-end=\"917\">\n<p class=\"\" data-start=\"888\" data-end=\"917\">6 aranyozott desszertvilla<\/p>\n<\/li>\n<li class=\"\" data-start=\"918\" data-end=\"945\">\n<p class=\"\" data-start=\"920\" data-end=\"945\">6 aranyozott te\u00e1skan\u00e1l<\/p>\n<\/li>\n<li class=\"\" data-start=\"946\" data-end=\"969\">\n<p class=\"\" data-start=\"948\" data-end=\"969\">1 nagy tortaszerver<\/p>\n<\/li>\n<li class=\"\" data-start=\"970\" data-end=\"990\">\n<p class=\"\" data-start=\"972\" data-end=\"990\">1 pite\/tortak\u00e9s<\/p>\n<\/li>\n<li class=\"\" data-start=\"991\" data-end=\"1015\">\n<p class=\"\" data-start=\"993\" data-end=\"1015\">1 kan\u00e1l cukor vagy tejsz\u00edn<\/p>\n<\/li>\n<\/ul>\n<p class=\"\" data-start=\"1017\" data-end=\"1033\">\ud83d\udc8e <strong data-start=\"1020\" data-end=\"1033\">Jellemz\u0151k:<\/strong><\/p>\n<ul data-start=\"1034\" data-end=\"1265\">\n<li class=\"\" data-start=\"1034\" data-end=\"1089\">\n<p class=\"\" data-start=\"1036\" data-end=\"1089\">Kiv\u00e1l\u00f3 min\u0151s\u00e9g\u0171 <strong data-start=\"1049\" data-end=\"1080\">aranyozott (Hartvergoldet)<\/strong> kivitel<\/p>\n<\/li>\n<li class=\"\" data-start=\"1090\" data-end=\"1132\">\n<p class=\"\" data-start=\"1092\" data-end=\"1132\">D\u00edszes <strong data-start=\"1099\" data-end=\"1114\">r\u00f3zsamint\u00e1s<\/strong> minden foganty\u00fan<\/p>\n<\/li>\n<li class=\"\" data-start=\"1133\" data-end=\"1183\">\n<p class=\"\" data-start=\"1135\" data-end=\"1183\">Eredeti doboz\u00e1ban, v\u00e9d\u0151csomagol\u00e1ssal \u00e9rkezik<\/p>\n<\/li>\n<li class=\"\" data-start=\"1184\" data-end=\"1212\">\n<p class=\"\" data-start=\"1186\" data-end=\"1212\"><strong data-start=\"1186\" data-end=\"1210\">vadonat\u00faj \u00e9s nem haszn\u00e1lt<\/strong><\/p>\n<\/li>\n<li class=\"\" data-start=\"1213\" data-end=\"1265\">\n<p class=\"\" data-start=\"1215\" data-end=\"1265\">A hagyom\u00e1nyos eleganci\u00e1j\u00e1r\u00f3l ismert <strong data-start=\"1223\" data-end=\"1233\">Seneca<\/strong> k\u00e9sz\u00edtette<\/p>\n<\/li>\n<\/ul>\n<p class=\"\" data-start=\"1267\" data-end=\"1418\">T\u00f6k\u00e9letes esk\u00fcv\u0151kh\u00f6z, \u00e9vfordul\u00f3khoz, tead\u00e9lut\u00e1nokhoz vagy a finom vintage st\u00edlus\u00fa \u00e9tk\u00e9szletek gy\u0171jt\u0151ihez. Emelje fel a desszert prezent\u00e1ci\u00f3j\u00e1t egy aranys\u00e1rg\u00e1val.<\/p>\n","protected":false},"excerpt":{"rendered":"<p>Eleg\u00e1ns 15 r\u00e9szes, aranyozott torta ev\u0151eszk\u00f6zk\u00e9szlet a Seneca c\u00e9gt\u0151l. Tartalmazza a vill\u00e1kat, kanalakat, s\u00fctem\u00e9nyt\u00e1lakat \u00e9s a cukorkan\u00e1lat. T\u00f6k\u00e9letes \u00fcnnepi k\u00e1v\u00e9z\u00e1shoz &amp; torta pillanatai. Vadonat \u00faj \u00e9s nem haszn\u00e1lt.<\/p>\n","protected":false},"featured_media":11403,"template":"","meta":[],"product_brand":[],"product_cat":[90],"product_tag":[],"class_list":{"0":"post-11352","1":"product","2":"type-product","3":"status-publish","4":"has-post-thumbnail","6":"product_cat-vintage-antiques-retro","8":"first","9":"instock","10":"taxable","11":"shipping-taxable","12":"purchasable","13":"product-type-simple"},"_links":{"self":[{"href":"https:\/\/boreait.com\/hu\/wp-json\/wp\/v2\/product\/11352","targetHints":{"allow":["GET"]}}],"collection":[{"href":"https:\/\/boreait.com\/hu\/wp-json\/wp\/v2\/product"}],"about":[{"href":"https:\/\/boreait.com\/hu\/wp-json\/wp\/v2\/types\/product"}],"wp:featuredmedia":[{"embeddable":true,"href":"https:\/\/boreait.com\/hu\/wp-json\/wp\/v2\/media\/11403"}],"wp:attachment":[{"href":"https:\/\/boreait.com\/hu\/wp-json\/wp\/v2\/media?parent=11352"}],"wp:term":[{"taxonomy":"product_brand","embeddable":true,"href":"https:\/\/boreait.com\/hu\/wp-json\/wp\/v2\/product_brand?post=11352"},{"taxonomy":"product_cat","embeddable":true,"href":"https:\/\/boreait.com\/hu\/wp-json\/wp\/v2\/product_cat?post=11352"},{"taxonomy":"product_tag","embeddable":true,"href":"https:\/\/boreait.com\/hu\/wp-json\/wp\/v2\/product_tag?post=11352"}],"curies":[{"name":"wp","href":"https:\/\/api.w.org\/{rel}","templated":true}]}}