{"id":11351,"date":"2025-09-17T13:18:21","date_gmt":"2025-09-17T11:18:21","guid":{"rendered":"https:\/\/boreait.com\/hu\/?post_type=product&#038;p=11351"},"modified":"2025-09-17T13:19:22","modified_gmt":"2025-09-17T11:19:22","slug":"vintage-devalbor-cerve-italy-windrose-8db-whisky-szett-nem-hasznalt-dobozaban","status":"publish","type":"product","link":"https:\/\/boreait.com\/hu\/termek\/vintage-devalbor-cerve-italy-windrose-8db-whisky-szett-nem-hasznalt-dobozaban\/","title":{"rendered":"Vintage Devalbor Cerve Italy Windrose 8db whisky szett &#8211; nem haszn\u00e1lt, doboz\u00e1ban"},"content":{"rendered":"<p class=\"\" data-start=\"473\" data-end=\"749\">Vigyen id\u0151t\u00e1ll\u00f3 olasz eleganci\u00e1t a barware kollekci\u00f3j\u00e1ba ezzel a leny\u0171g\u00f6z\u0151 <strong data-start=\"551\" data-end=\"611\">\u00e9vj\u00e1rat\u00fa Devalbor by Cerve &#8222;Windrose&#8221; 8 r\u00e9szes whiskyk\u00e9szlettel<\/strong>. Olaszorsz\u00e1gban k\u00e9sz\u00fclt \u00e9s <strong data-start=\"644\" data-end=\"678\">soha nem haszn\u00e1lt, kifog\u00e1stalan \u00e1llapotban<\/strong> meg\u0151rizve ez a ritka k\u00e9szlet igazi gy\u00f6ngyszem a gy\u0171jt\u0151k \u00e9s a retro st\u00edlus szerelmesei sz\u00e1m\u00e1ra.<\/p>\n<p class=\"\" data-start=\"751\" data-end=\"872\">A k\u00e9szlet tartalma:<br data-start=\"768\" data-end=\"771\" \/>\u2022 6 db finoman megmunk\u00e1lt whiskys poh\u00e1r<br data-start=\"805\" data-end=\"808\" \/>\u2022 1 db hozz\u00e1ill\u0151 poh\u00e1r j\u00e9gv\u00f6d\u00f6r&#8221;\/\u2022 8&#8243;-8 data>4 1 k\u00e9szlet \u00e1tl\u00e1tsz\u00f3 m\u0171anyag fog\u00f3<\/p>\n<p class=\"\" data-start=\"874\" data-end=\"1167\">Minden darabon egy finom <strong data-start=\"905\" data-end=\"945\">vir\u00e1gmot\u00edvum tal\u00e1lhat\u00f3 piros \u00e9s arany r\u00f3zs\u00e1kkal<\/strong>, amelyet finom arany \u00e9kezetek kereteznek, amelyek t\u00fckr\u00f6zik az <strong data-start=\"1006\" olasz diz\u00e1jn<\/strong>3<\/strong>adatai.2. Minden alkatr\u00e9sz biztons\u00e1gosan az <strong data-start=\"1072\" data-end=\"1112\">eredeti hungarocell csomagol\u00e1sban \u00e9s dobozban<\/strong> tal\u00e1lhat\u00f3, amely a \u201eWindrose\u201d nevet \u00e9s a bemutat\u00f3t mutatja.<\/p>\n<p class=\"\" data-start=\"1169\" data-end=\"1325\">Ak\u00e1r vintage-rajong\u00f3 vagy, ak\u00e1r \u00fcveg\u00e1ru-gy\u0171jt\u0151 vagy, ak\u00e1r csak egy csipetnyi nosztalgikus b\u00e1jt szeretne var\u00e1zsolni otthoni b\u00e1rj\u00e1ba, ez a k\u00e9szlet a t\u00f6k\u00e9letes megtal\u00e1l\u00e1s.<\/p>\n<p class=\"\" data-start=\"1327\" data-end=\"1481\">\u2705 Olaszorsz\u00e1gban k\u00e9sz\u00fclt<br data-start=\"1342\" data-end=\"1345\" \/>\u2705 Eredeti \u00e9vj\u00e1rat (nem haszn\u00e1lt)<br data-start=\"1373\" data-end=\"1376\" \/><br data-0 Eredeti csomagol\u00e1s data-end=\"1408\" \/>\u2705 Eleg\u00e1ns vir\u00e1gmint\u00e1s arany d\u00edsz\u00edt\u00e9ssel<br data-start=\"1446\" data-end=\"1449\" \/>\u2705 Ide\u00e1lis aj\u00e1nd\u00e9koz\u00e1shoz vagy bemutat\u00f3hoz<\/p>\n<p class=\"\" data-start=\"1483\" data-end=\"1559\">Ne hagyja ki a lehet\u0151s\u00e9get, hogy birtokba vegye ezt a gy\u00f6ny\u00f6r\u0171 olasz k\u00e9zm\u0171ves alkot\u00e1st!<\/p>\n","protected":false},"excerpt":{"rendered":"<p>Eleg\u00e1ns 8 r\u00e9szes vintage whisky k\u00e9szlet a Devalbor Cerve Italy-t\u00f3l \u2013 soha nem haszn\u00e1lt, eredeti doboz\u00e1ban. Tartalmaz 6 vir\u00e1gos whiskys poharat, hozz\u00e1ill\u0151 j\u00e9gv\u00f6dr\u00f6t \u00e9s fog\u00f3t. Ritka gy\u0171jt\u0151i t\u00e1rgy finom olasz diz\u00e1jnnal.<\/p>\n","protected":false},"featured_media":11401,"template":"","meta":[],"product_brand":[],"product_cat":[90],"product_tag":[],"class_list":{"0":"post-11351","1":"product","2":"type-product","3":"status-publish","4":"has-post-thumbnail","6":"product_cat-vintage-antiques-retro","8":"first","9":"instock","10":"taxable","11":"shipping-taxable","12":"purchasable","13":"product-type-simple"},"_links":{"self":[{"href":"https:\/\/boreait.com\/hu\/wp-json\/wp\/v2\/product\/11351","targetHints":{"allow":["GET"]}}],"collection":[{"href":"https:\/\/boreait.com\/hu\/wp-json\/wp\/v2\/product"}],"about":[{"href":"https:\/\/boreait.com\/hu\/wp-json\/wp\/v2\/types\/product"}],"wp:featuredmedia":[{"embeddable":true,"href":"https:\/\/boreait.com\/hu\/wp-json\/wp\/v2\/media\/11401"}],"wp:attachment":[{"href":"https:\/\/boreait.com\/hu\/wp-json\/wp\/v2\/media?parent=11351"}],"wp:term":[{"taxonomy":"product_brand","embeddable":true,"href":"https:\/\/boreait.com\/hu\/wp-json\/wp\/v2\/product_brand?post=11351"},{"taxonomy":"product_cat","embeddable":true,"href":"https:\/\/boreait.com\/hu\/wp-json\/wp\/v2\/product_cat?post=11351"},{"taxonomy":"product_tag","embeddable":true,"href":"https:\/\/boreait.com\/hu\/wp-json\/wp\/v2\/product_tag?post=11351"}],"curies":[{"name":"wp","href":"https:\/\/api.w.org\/{rel}","templated":true}]}}