{"id":11350,"date":"2025-09-17T13:18:21","date_gmt":"2025-09-17T11:18:21","guid":{"rendered":"https:\/\/boreait.com\/hu\/?post_type=product&#038;p=11350"},"modified":"2025-09-17T13:19:18","modified_gmt":"2025-09-17T11:19:18","slug":"vintage-uveg-szett-dugoval-18cm","status":"publish","type":"product","link":"https:\/\/boreait.com\/hu\/termek\/vintage-uveg-szett-dugoval-18cm\/","title":{"rendered":"Vintage \u00fcveg szett dug\u00f3val, 18cm"},"content":{"rendered":"<p class=\"\" data-start=\"484\" data-end=\"749\">Egy csipetnyi vintage eleganci\u00e1t var\u00e1zsolhat konyh\u00e1j\u00e1ba vagy \u00e9tkez\u0151asztal\u00e1ba ezzel a gy\u00f6ny\u00f6r\u0171, k\u00e9t \u00fcvegb\u0151l \u00e1ll\u00f3 k\u00e9szlettel. Mindegyik palack klasszikus diz\u00e1jnnal rendelkezik, csiszolt \u00fcvegdug\u00f3val \u00e9s \u00edvelt foganty\u00faval a k\u00f6nny\u0171 ki\u00f6nt\u00e9s \u00e9rdek\u00e9ben. T\u00f6k\u00e9letes olajhoz, ecethez vagy dekor\u00e1ci\u00f3s haszn\u00e1latra.<\/p>\n<p class=\"\" data-start=\"751\" data-end=\"771\">\ud83d\udfe2 <strong data-start=\"754\" data-end=\"771\">F\u0151bb jellemz\u0151k:<\/strong><\/p>\n<ul data-start=\"772\" data-end=\"1085\">\n<li class=\"\" data-start=\"772\" data-end=\"827\">\n<p class=\"\" data-start=\"774\" data-end=\"827\">A k\u00e9szlet 2 db megfelel\u0151 dug\u00f3s \u00fcveget tartalmaz<\/p>\n<\/li>\n<li class=\"\" data-start=\"828\" data-end=\"877\">\n<p class=\"\" data-start=\"830\" data-end=\"877\">Haszn\u00e1lva<\/p>\n<\/li>\n<li class=\"\" data-start=\"878\" data-end=\"913\">\n<p class=\"\" data-start=\"880\" data-end=\"913\">F\u00e9m \u00e1llv\u00e1ny \/ t\u00e1lca mell\u00e9kelve<\/p>\n<\/li>\n<li class=\"\" data-start=\"914\" data-end=\"957\">\n<p class=\"\" data-start=\"916\" data-end=\"957\">Teljes magass\u00e1g: 18 cm (kb. 7 h\u00fcvelyk)<\/p>\n<\/li>\n<li class=\"\" data-start=\"958\" data-end=\"1000\">\n<p class=\"\" data-start=\"960\" data-end=\"1000\">Teljes t\u00f6meg: 600 g (kb. 1,32 font)<\/p>\n<\/li>\n<li class=\"\" data-start=\"1001\" data-end=\"1033\">\n<p class=\"\" data-start=\"1003\" data-end=\"1033\">Eleg\u00e1ns vintage st\u00edlus\u00fa diz\u00e1jn<\/p>\n<\/li>\n<li class=\"\" data-start=\"1034\" data-end=\"1085\">\n<p class=\"\" data-start=\"1036\" data-end=\"1085\">Ide\u00e1lis gy\u0171jt\u0151knek, konyhai dekor\u00e1ci\u00f3nak vagy napi haszn\u00e1latra<\/p>\n<\/li>\n<\/ul>\n<p class=\"\" data-start=\"1087\" data-end=\"1225\">Ez egy dekorat\u00edv, m\u00e9gis funkcion\u00e1lis kieg\u00e9sz\u00edt\u0151je minden konyh\u00e1nak, ak\u00e1r vend\u00e9geket szolg\u00e1l ki, ak\u00e1r egyszer\u0171en csak fokozza saj\u00e1t \u00e9tkez\u00e9si \u00e9lm\u00e9ny\u00e9t.<\/p>\n","protected":false},"excerpt":{"rendered":"<p>Eleg\u00e1ns k\u00e9szlet, k\u00e9t vintage st\u00edlus\u00fa \u00fcveg cumis\u00fcvegb\u0151l, csiszolt dug\u00f3kkal.<\/p>\n","protected":false},"featured_media":11399,"template":"","meta":[],"product_brand":[],"product_cat":[90],"product_tag":[],"class_list":{"0":"post-11350","1":"product","2":"type-product","3":"status-publish","4":"has-post-thumbnail","6":"product_cat-vintage-antiques-retro","8":"first","9":"instock","10":"taxable","11":"shipping-taxable","12":"purchasable","13":"product-type-simple"},"_links":{"self":[{"href":"https:\/\/boreait.com\/hu\/wp-json\/wp\/v2\/product\/11350","targetHints":{"allow":["GET"]}}],"collection":[{"href":"https:\/\/boreait.com\/hu\/wp-json\/wp\/v2\/product"}],"about":[{"href":"https:\/\/boreait.com\/hu\/wp-json\/wp\/v2\/types\/product"}],"wp:featuredmedia":[{"embeddable":true,"href":"https:\/\/boreait.com\/hu\/wp-json\/wp\/v2\/media\/11399"}],"wp:attachment":[{"href":"https:\/\/boreait.com\/hu\/wp-json\/wp\/v2\/media?parent=11350"}],"wp:term":[{"taxonomy":"product_brand","embeddable":true,"href":"https:\/\/boreait.com\/hu\/wp-json\/wp\/v2\/product_brand?post=11350"},{"taxonomy":"product_cat","embeddable":true,"href":"https:\/\/boreait.com\/hu\/wp-json\/wp\/v2\/product_cat?post=11350"},{"taxonomy":"product_tag","embeddable":true,"href":"https:\/\/boreait.com\/hu\/wp-json\/wp\/v2\/product_tag?post=11350"}],"curies":[{"name":"wp","href":"https:\/\/api.w.org\/{rel}","templated":true}]}}