{"id":1135,"date":"2025-09-17T09:55:09","date_gmt":"2025-09-17T07:55:09","guid":{"rendered":"https:\/\/boreait.com\/hu\/?post_type=product&#038;p=1135"},"modified":"2026-01-09T10:19:05","modified_gmt":"2026-01-09T09:19:05","slug":"eredeti-dell-latitude-e7450-sata-merevlemezes-csatlakozolap-2n4j0-02n4j0","status":"publish","type":"product","link":"https:\/\/boreait.com\/hu\/termek\/eredeti-dell-latitude-e7450-sata-merevlemezes-csatlakozolap-2n4j0-02n4j0\/","title":{"rendered":"EREDETI DELL LATITUDE E7450 SATA MEREVLEMEZES CSATLAKOZ\u00d3LAP 2N4J0 02N4J0"},"content":{"rendered":"<p>A SATA merevlemez-csatlakoz\u00f3k\u00e1rtya alapvet\u0151 \u00f6sszetev\u0151, amely lehet\u0151v\u00e9 teszi, hogy laptopja kommunik\u00e1ljon a merevlemezzel, lehet\u0151v\u00e9 t\u00e9ve az adat\u00e1tvitelt \u00e9s -t\u00e1rol\u00e1st. Id\u0151vel a csatlakoz\u00f3k elhaszn\u00e1l\u00f3dhatnak vagy megs\u00e9r\u00fclhetnek, ami adat\u00e1tviteli probl\u00e9m\u00e1khoz vagy ak\u00e1r a merevlemez teljes meghib\u00e1sod\u00e1s\u00e1hoz vezethet. Ne k\u00f6ss\u00f6n kompromisszumot a teljes\u00edtm\u00e9ny ter\u00e9n, \u00e9s ne kock\u00e1ztassa \u00e9rt\u00e9kes adatainak elveszt\u00e9s\u00e9t \u2013 cser\u00e9lje ki a r\u00e9gi csatlakoz\u00f3k\u00e1rty\u00e1t az Eredeti Dell 2N4J0-ra (02N4J0), \u00e9s \u00e9lvezze a megb\u00edzhat\u00f3 t\u00e1rol\u00e1si megold\u00e1sokkal j\u00e1r\u00f3 nyugalmat.<\/p>\n<p>A Dell \u00e1ltal tervezett \u00e9s gy\u00e1rtott SATA merevlemez-csatlakoz\u00f3k\u00e1rtya hiteles OEM-alkatr\u00e9sz, amely a legmagasabb szint\u0171 kompatibilit\u00e1st \u00e9s teljes\u00edtm\u00e9nyt biztos\u00edtja Latitude E7450 laptopja sz\u00e1m\u00e1ra. A 2N4J0 (02N4J0) modellel biztos lehet benne, hogy t\u00f6k\u00e9letesen illeszkedik, \u00e9s z\u00f6kken\u0151mentesen m\u0171k\u00f6dik a laptop hardver\u00e9vel.<\/p>\n<p>A telep\u00edt\u00e9s gyerekj\u00e1t\u00e9k m\u00e9g azok sz\u00e1m\u00e1ra is, akik nem rendelkeznek kiterjedt m\u0171szaki szak\u00e9rtelemmel. Egyszer\u0171en t\u00e1vol\u00edtsa el a r\u00e9gi csatlakoz\u00f3k\u00e1rty\u00e1t, \u00e9s cser\u00e9lje ki az Eredeti Dell SATA merevlemez-csatlakoz\u00f3k\u00e1rty\u00e1ra 2N4J0 (02N4J0). Nem kell agg\u00f3dnia a kompatibilit\u00e1s vagy a bonyolult elj\u00e1r\u00e1sok miatt \u2013 \u00fagy tervezt\u00e9k, hogy a friss\u00edt\u00e9si folyamat z\u00f6kken\u0151mentes \u00e9s egyszer\u0171 legyen.<\/p>\n<p>Ha a Dell Latitude E7450 a legjobb teljes\u00edtm\u00e9nyt ny\u00fajtja, fektessen be az eredeti Dell SATA 2N4J0 (02N4J0) merevlemez-csatlakoz\u00f3k\u00e1rty\u00e1ba. \u00c1ll\u00edtsa vissza az optim\u00e1lis adat\u00e1tviteli \u00e9s t\u00e1rol\u00e1si k\u00e9pess\u00e9geket, biztos\u00edtva ezzel, hogy laptopja a legjobb teljes\u00edtm\u00e9nyt ny\u00fajtsa. Ne el\u00e9gedjen meg kevesebbel, ha fontos laptop\u00f6sszetev\u0151kr\u0151l van sz\u00f3 \u2013 v\u00e1lassza az Eredeti Dell 2N4J0 (02N4J0) k\u00e9sz\u00fcl\u00e9ket, \u00e9s tapasztalja meg a k\u00fcl\u00f6nbs\u00e9get a megb\u00edzhat\u00f3s\u00e1g \u00e9s a teljes\u00edtm\u00e9ny ter\u00e9n.<\/p>\n","protected":false},"excerpt":{"rendered":"<p>Haszn\u00e1lja ki a Dell Latitude E7450-ben rejl\u0151 teljes potenci\u00e1lt az Eredeti Dell SATA 2N4J0 (02N4J0) merevlemez-csatlakoz\u00f3k\u00e1rty\u00e1val. Ez a kiv\u00e1l\u00f3 min\u0151s\u00e9g\u0171 csatlakoz\u00f3k\u00e1rtya t\u00f6k\u00e9letes helyettes\u00edti a megl\u00e9v\u0151t, biztos\u00edtva a z\u00f6kken\u0151mentes \u00e9s megb\u00edzhat\u00f3 kapcsolatot a laptop merevlemeze \u00e9s az alaplap k\u00f6z\u00f6tt.<\/p>\n","protected":false},"featured_media":1191,"template":"","meta":[],"product_brand":[],"product_cat":[27],"product_tag":[17],"class_list":{"0":"post-1135","1":"product","2":"type-product","3":"status-publish","4":"has-post-thumbnail","6":"product_cat-motherboards-board-parts","7":"product_tag-dell","9":"first","10":"instock","11":"taxable","12":"shipping-taxable","13":"purchasable","14":"product-type-simple"},"_links":{"self":[{"href":"https:\/\/boreait.com\/hu\/wp-json\/wp\/v2\/product\/1135","targetHints":{"allow":["GET"]}}],"collection":[{"href":"https:\/\/boreait.com\/hu\/wp-json\/wp\/v2\/product"}],"about":[{"href":"https:\/\/boreait.com\/hu\/wp-json\/wp\/v2\/types\/product"}],"wp:featuredmedia":[{"embeddable":true,"href":"https:\/\/boreait.com\/hu\/wp-json\/wp\/v2\/media\/1191"}],"wp:attachment":[{"href":"https:\/\/boreait.com\/hu\/wp-json\/wp\/v2\/media?parent=1135"}],"wp:term":[{"taxonomy":"product_brand","embeddable":true,"href":"https:\/\/boreait.com\/hu\/wp-json\/wp\/v2\/product_brand?post=1135"},{"taxonomy":"product_cat","embeddable":true,"href":"https:\/\/boreait.com\/hu\/wp-json\/wp\/v2\/product_cat?post=1135"},{"taxonomy":"product_tag","embeddable":true,"href":"https:\/\/boreait.com\/hu\/wp-json\/wp\/v2\/product_tag?post=1135"}],"curies":[{"name":"wp","href":"https:\/\/api.w.org\/{rel}","templated":true}]}}