{"id":11349,"date":"2025-09-17T13:18:20","date_gmt":"2025-09-17T11:18:20","guid":{"rendered":"https:\/\/boreait.com\/hu\/?post_type=product&#038;p=11349"},"modified":"2025-09-17T13:19:11","modified_gmt":"2025-09-17T11:19:11","slug":"vintage-milano-uvegedeny-fedovel-28-cm-11-soha-nem-hasznalt-olaszorszag","status":"publish","type":"product","link":"https:\/\/boreait.com\/hu\/termek\/vintage-milano-uvegedeny-fedovel-28-cm-11-soha-nem-hasznalt-olaszorszag\/","title":{"rendered":"Vintage Milano \u00fcveged\u00e9ny fed\u0151vel \u2013 28 cm (11&#8243;) \u2013 Soha nem haszn\u00e1lt \u2013 Olaszorsz\u00e1g"},"content":{"rendered":"<p class=\"\" data-start=\"489\" data-end=\"692\">Adjon egy csipetnyi olasz eleganci\u00e1t konyh\u00e1j\u00e1ba vagy kirakatpolc\u00e1ba ezzel a gy\u00f6ny\u00f6r\u0171 vintage \u00fcveged\u00e9nnyel a <strong data-start=\"601\" data-end=\"629\">Milano Servizio kokt\u00e9l<\/strong>b\u00f3l, amelyet a <strong data-start=\"636\" digon-end-Vovoendria \u00e1ll\u00edtott be. S.p.A.<\/strong>, k\u00e9zzel k\u00e9sz\u00edtett Olaszorsz\u00e1gban.<\/p>\n<p class=\"\" data-start=\"694\" data-end=\"899\">Ezen a list\u00e1n <strong data-start=\"716\" data-end=\"762\">csak a nagy, hozz\u00e1ill\u0151 tet\u0151vel ell\u00e1tott \u00fcveged\u00e9ny<\/strong> szerepel \u2013 poharakat nem tartalmaz. A darab <strong data-start=\"804\" data-end=\"823\">soha nem volt haszn\u00e1lva<\/strong>, <strong data-start=\"834\" data-end=\"857\">kiv\u00e1l\u00f3 \u00e1llapot\u00fa<\/strong>, nincs rajta t\u00f6r\u00e9s, reped\u00e9s vagy kop\u00e1s.<\/p>\n<p class=\"\" data-start=\"901\" data-end=\"1036\">Klasszikus hornyolt kialak\u00edt\u00e1s\u00e1nak \u00e9s robusztus fel\u00e9p\u00edt\u00e9s\u00e9nek k\u00f6sz\u00f6nhet\u0151en kiv\u00e1l\u00f3an alkalmas s\u00fctem\u00e9nyek, cukork\u00e1k, sz\u00e1raz\u00e1ruk t\u00e1rol\u00e1s\u00e1ra vagy egyszer\u0171en dekor\u00e1ci\u00f3s elemk\u00e9nt.<\/p>\n<p class=\"\" data-start=\"1038\" data-end=\"1051\"><strong data-start=\"1038\" data-end=\"1051\">Jellemz\u0151k:<\/strong><\/p>\n<ul data-start=\"1052\" data-end=\"1313\">\n<li class=\"\" data-start=\"1052\" data-end=\"1083\">\n<p class=\"\" data-start=\"1054\" data-end=\"1083\">Autentikus olasz \u00fcveg\u00e1ru<\/p>\n<\/li>\n<li class=\"\" data-start=\"1084\" data-end=\"1113\">\n<p class=\"\" data-start=\"1086\" data-end=\"1113\">Magass\u00e1g: 28 cm (11 h\u00fcvelyk)<\/p>\n<\/li>\n<li class=\"\" data-start=\"1114\" data-end=\"1143\">\n<p class=\"\" data-start=\"1116\" data-end=\"1143\">S\u00faly: 2,2 kg (4,85 font)<\/p>\n<\/li>\n<li class=\"\" data-start=\"1144\" data-end=\"1190\">\n<p class=\"\" data-start=\"1146\" data-end=\"1190\">Gy\u00e1rt\u00f3: Vetreria di Borgonovo S.p.A.<\/p>\n<\/li>\n<li class=\"\" data-start=\"1191\" data-end=\"1229\">\n<p class=\"\" data-start=\"1193\" data-end=\"1229\">Sz\u00e1rmaz\u00e1si hely: Borgonovo, Piacenza, Olaszorsz\u00e1g<\/p>\n<\/li>\n<li class=\"\" data-start=\"1230\" data-end=\"1263\">\n<p class=\"\" data-start=\"1232\" data-end=\"1263\">Anyaga: \u00e1tl\u00e1tsz\u00f3 pr\u00e9selt \u00fcveg<\/p>\n<\/li>\n<li class=\"\" data-start=\"1264\" data-end=\"1280\">\n<p class=\"\" data-start=\"1266\" data-end=\"1280\">Fed\u0151 mell\u00e9kelve<\/p>\n<\/li>\n<li class=\"\" data-start=\"1281\" data-end=\"1298\">\n<p class=\"\" data-start=\"1283\" data-end=\"1298\">Vintage st\u00edlus<\/p>\n<\/li>\n<li class=\"\" data-start=\"1299\" data-end=\"1313\">\n<p class=\"\" data-start=\"1301\" data-end=\"1313\">Soha nem haszn\u00e1lt<\/p>\n<\/li>\n<\/ul>\n<p class=\"\" data-start=\"1315\" data-end=\"1401\">Gy\u00f6ny\u00f6r\u0171, id\u0151tlen darab gy\u0171jt\u0151knek, dekor\u00e1toroknak vagy a finom \u00fcveg\u00e1ru szerelmeseinek.<\/p>\n","protected":false},"excerpt":{"rendered":"<p>Eleg\u00e1ns vintage \u00fcveged\u00e9ny Olaszorsz\u00e1gb\u00f3l, Vetreria di Borgonovot\u00f3l. 28 cm (11&#8243;) magas \u00e9s 2,2 kg (4,85 font) s\u00faly\u00fa. Soha nem haszn\u00e1lt, nincs reped\u00e9s vagy reped\u00e9s. Csak az ed\u00e9nyt \u00e9s a fedelet tartalmazza \u2013 poharak n\u00e9lk\u00fcl.<\/p>\n","protected":false},"featured_media":11379,"template":"","meta":[],"product_brand":[],"product_cat":[90],"product_tag":[],"class_list":{"0":"post-11349","1":"product","2":"type-product","3":"status-publish","4":"has-post-thumbnail","6":"product_cat-vintage-antiques-retro","8":"first","9":"instock","10":"taxable","11":"shipping-taxable","12":"purchasable","13":"product-type-simple"},"_links":{"self":[{"href":"https:\/\/boreait.com\/hu\/wp-json\/wp\/v2\/product\/11349","targetHints":{"allow":["GET"]}}],"collection":[{"href":"https:\/\/boreait.com\/hu\/wp-json\/wp\/v2\/product"}],"about":[{"href":"https:\/\/boreait.com\/hu\/wp-json\/wp\/v2\/types\/product"}],"wp:featuredmedia":[{"embeddable":true,"href":"https:\/\/boreait.com\/hu\/wp-json\/wp\/v2\/media\/11379"}],"wp:attachment":[{"href":"https:\/\/boreait.com\/hu\/wp-json\/wp\/v2\/media?parent=11349"}],"wp:term":[{"taxonomy":"product_brand","embeddable":true,"href":"https:\/\/boreait.com\/hu\/wp-json\/wp\/v2\/product_brand?post=11349"},{"taxonomy":"product_cat","embeddable":true,"href":"https:\/\/boreait.com\/hu\/wp-json\/wp\/v2\/product_cat?post=11349"},{"taxonomy":"product_tag","embeddable":true,"href":"https:\/\/boreait.com\/hu\/wp-json\/wp\/v2\/product_tag?post=11349"}],"curies":[{"name":"wp","href":"https:\/\/api.w.org\/{rel}","templated":true}]}}