{"id":11348,"date":"2025-09-17T13:18:20","date_gmt":"2025-09-17T11:18:20","guid":{"rendered":"https:\/\/boreait.com\/hu\/?post_type=product&#038;p=11348"},"modified":"2025-09-17T13:19:04","modified_gmt":"2025-09-17T11:19:04","slug":"lcd-kepernyo-156-huvelykes-fhd-ips-30-tus-erintesmentes-dell-precision-3540-3541-hez-uj","status":"publish","type":"product","link":"https:\/\/boreait.com\/hu\/termek\/lcd-kepernyo-156-huvelykes-fhd-ips-30-tus-erintesmentes-dell-precision-3540-3541-hez-uj\/","title":{"rendered":"LCD-k\u00e9perny\u0151 15,6 h\u00fcvelykes FHD IPS 30 t\u0171s \u00e9rint\u00e9smentes Dell Precision 3540\/3541-hez \u2013 \u00daj"},"content":{"rendered":"<p><strong>T\u00e9nyleges LCD-k\u00e9perny\u0151s modell: B156HAN02.5 \u2013 TELJESEN KOMPATIBILIS A Dell Precision 3540 3541 LAPTOP K\u00c9PERNY\u0150VEL<\/strong><\/p>\n<p data-start=\"395\" data-end=\"611\">Friss\u00edtse Dell Precision laptopj\u00e1t ezzel a <strong data-start=\"440\" data-end=\"485\">kiv\u00e1l\u00f3 min\u0151s\u00e9g\u0171 15,6&#8243; Full HD IPS LCD k\u00e9perny\u0151vel<\/strong>. A <strong data-start=\"500\" data-end=\"530\" \">D44 Precision &#8222;>3,54 Precision &#8222;>30 a kijelz\u0151 \u00e9les l\u00e1tv\u00e1nyt, \u00e9l\u00e9nk sz\u00edneket \u00e9s sz\u00e9les betekint\u00e9si sz\u00f6geket biztos\u00edt.<\/p>\n<h4 data-start=\"613\" data-end=\"647\"><strong data-start=\"618\" data-end=\"645\">Term\u00e9kspecifik\u00e1ci\u00f3k:<\/strong><\/h4>\n<p data-start=\"648\" data-end=\"963\">\u2714 <strong data-start=\"650\" data-end=\"672\">Kompatibilis modellek:<\/strong> Dell Precision 3540 \/ 3541<br data-start=\"699\" data-end=\"702=\"702\" \/>\u2714 <strong data-4\"start data-end=\"713\">M\u00e9ret:<\/strong> 15,6 h\u00fcvelyk<br data-start=\"725\" data-end=\"728\" \/>\u2714 <strong data-start=\"730\" data-end=\"745\">Felbont\u00e1s:<\/strong> Full HD (1920&#215;1080)<br data-start=\"765\" 8\" \/strong data\" \/> data-start=&#8221;770&#8243; data-end=&#8221;785&#8243;>Panel t\u00edpusa:<\/strong> IPS (S\u00edkon bel\u00fcli v\u00e1lt\u00e1s)<br data-start=\"810\" data-end=\"813\" data-is-only-node=\"\" \/>\u2714 <strong data-start=\"815\" data-end=\"829\">DP-csatlakoz\u00f3:<\/strong>30-pin-e data-end=&#8221;843&#8243; \/>\u2714 <strong data-start=\"845\" data-end=\"863\">\u00c9rint\u00e9ses t\u00e1mogat\u00e1s:<\/strong> Nem (nem \u00e9rint\u00e9ses)<br data-start=\"878\" data-end=\"881\" \/>\u2714 <strong data-start=\"883\" data-end=\"896\">Nem tartalmaz z\u00e1r\u00f3jeleket:<\/strong>9 adatot&#8221;tart&#8221; data-end=&#8221;912&#8243; \/>\u2714 <strong data-start=\"914\" data-end=\"931\">Telep\u00edt\u00e9s:<\/strong> \u00d6ntapad\u00f3 cs\u00edkok mell\u00e9kelve<\/p>\n<p data-start=\"965\" data-end=\"1100\">Ez a <strong data-start=\"970\" data-end=\"993\">vadonat\u00faj LCD-panel<\/strong> t\u00f6k\u00e9letesen helyettes\u00edti a s\u00e9r\u00fclt vagy hib\u00e1s k\u00e9perny\u0151t. K\u00e9rj\u00fck, v\u00e1s\u00e1rl\u00e1s el\u0151tt ellen\u0151rizze a kompatibilit\u00e1st.<\/p>\n<p data-start=\"1102\" data-end=\"1173\" data-is-last-node=\"\" data-is-only-node=\"\">\ud83d\udca1 <strong data-start=\"1105\" data-end=\"1114\">Megjegyz\u00e9s:<\/strong> A legjobb eredm\u00e9ny \u00e9rdek\u00e9ben professzion\u00e1lis telep\u00edt\u00e9s javasolt.<\/p>\n","protected":false},"excerpt":{"rendered":"<p>Vadonat\u00faj <strong data-start=\"161\" data-end=\"193\">15,6&#8243; Full HD IPS LCD k\u00e9perny\u0151<\/strong> a <strong data-start=\"198\" data-end=\"228\">Dell Precision 3540 \/ 3541<\/strong>hez. <strong data-start=\"241\" data-end=\"265 \">DP vagy<\/strong>e, <strong>connect data-start=&#8221;267&#8243; data-end=&#8221;288&#8243;>\u00e9rint\u00e9s n\u00e9lk\u00fcli kijelz\u0151<\/strong> \u00e9s <strong data-start=\"294\" data-end=\"318\">\u00f6ntapad\u00f3 cs\u00edkok<\/strong> az egyszer\u0171 telep\u00edt\u00e9s \u00e9rdek\u00e9ben.<\/p>\n","protected":false},"featured_media":11378,"template":"","meta":[],"product_brand":[],"product_cat":[81,71],"product_tag":[17],"class_list":{"0":"post-11348","1":"product","2":"type-product","3":"status-publish","4":"has-post-thumbnail","6":"product_cat-15-6-new-laptop-screens-lcd-panels","7":"product_cat-new-laptop-screens-lcd-panels","8":"product_tag-dell","10":"first","11":"instock","12":"taxable","13":"shipping-taxable","14":"purchasable","15":"product-type-simple"},"_links":{"self":[{"href":"https:\/\/boreait.com\/hu\/wp-json\/wp\/v2\/product\/11348","targetHints":{"allow":["GET"]}}],"collection":[{"href":"https:\/\/boreait.com\/hu\/wp-json\/wp\/v2\/product"}],"about":[{"href":"https:\/\/boreait.com\/hu\/wp-json\/wp\/v2\/types\/product"}],"wp:featuredmedia":[{"embeddable":true,"href":"https:\/\/boreait.com\/hu\/wp-json\/wp\/v2\/media\/11378"}],"wp:attachment":[{"href":"https:\/\/boreait.com\/hu\/wp-json\/wp\/v2\/media?parent=11348"}],"wp:term":[{"taxonomy":"product_brand","embeddable":true,"href":"https:\/\/boreait.com\/hu\/wp-json\/wp\/v2\/product_brand?post=11348"},{"taxonomy":"product_cat","embeddable":true,"href":"https:\/\/boreait.com\/hu\/wp-json\/wp\/v2\/product_cat?post=11348"},{"taxonomy":"product_tag","embeddable":true,"href":"https:\/\/boreait.com\/hu\/wp-json\/wp\/v2\/product_tag?post=11348"}],"curies":[{"name":"wp","href":"https:\/\/api.w.org\/{rel}","templated":true}]}}