{"id":11347,"date":"2025-09-17T13:18:20","date_gmt":"2025-09-17T11:18:20","guid":{"rendered":"https:\/\/boreait.com\/hu\/?post_type=product&#038;p=11347"},"modified":"2025-09-17T13:19:04","modified_gmt":"2025-09-17T11:19:04","slug":"lcd-kepernyo-156-fhd-ips-30-tus-erintesmentes-dell-latitude-5500-5501-uj","status":"publish","type":"product","link":"https:\/\/boreait.com\/hu\/termek\/lcd-kepernyo-156-fhd-ips-30-tus-erintesmentes-dell-latitude-5500-5501-uj\/","title":{"rendered":"LCD-k\u00e9perny\u0151 15,6&#8243; FHD IPS 30 t\u0171s \u00e9rint\u00e9smentes Dell Latitude 5500 5501 &#8211; \u00daj"},"content":{"rendered":"<p><strong>T\u00e9nyleges LCD-k\u00e9perny\u0151s modell: B156HAN02.5 \u2013 TELJESEN KOMPATIBILIS A Dell Latitude 5500 5501 LAPTOP K\u00c9PERNY\u0150VEL<\/strong><\/p>\n<p data-start=\"424\" data-end=\"712\">Cser\u00e9lje ki s\u00e9r\u00fclt vagy hib\u00e1s laptopja k\u00e9perny\u0151j\u00e9t erre a <strong data-start=\"479\" data-end=\"523\">kiv\u00e1l\u00f3 min\u0151s\u00e9g\u0171 15,6&#8243; Full HD IPS LCD panelre<\/strong>, amelyet kifejezetten a k\u00f6vetkez\u0151h\u00f6z terveztek: <strong data-start=\"551\" data-end=\"580\">50 Latitude<\/strong>5.0>51. Az \u00e9les l\u00e1tv\u00e1nyt, sz\u00e9les betekint\u00e9si sz\u00f6geket \u00e9s \u00e9l\u00e9nk sz\u00ednpontoss\u00e1got k\u00edn\u00e1l\u00f3 k\u00e9perny\u0151 jav\u00edtja laptopja megjelen\u00edt\u00e9si teljes\u00edtm\u00e9ny\u00e9t.<\/p>\n<h4 data-start=\"714\" data-end=\"738\"><strong data-start=\"719\" data-end=\"736\">F\u0151bb jellemz\u0151k:<\/strong><\/h4>\n<p data-start=\"739\" data-end=\"1053\">\u2714 <strong data-start=\"741\" data-end=\"763\">Kompatibilis modellek:<\/strong> Dell Latitude 5500 \/ 5501<br data-start=\"789\" data-end=\"792\" \/>\u2714 <strong data-4\"start data-end=\"803\">M\u00e9ret:<\/strong> 15,6 h\u00fcvelyk<br data-start=\"815\" data-end=\"818\" \/>\u2714 <strong data-start=\"820\" data-end=\"835\">Felbont\u00e1s:<\/strong> Full HD (1920 x 1080)<br data-start=\"885\" <strong>&#8222;-end&#8221; \/> data-start=&#8221;860&#8243; data-end=&#8221;875&#8243;>Panel t\u00edpusa:<\/strong> IPS (s\u00edkon bel\u00fcli v\u00e1lt\u00e1s)<br data-start=\"900\" data-end=\"903\" data-is-only-node=\"\" \/>\u2714 <strong data-start=\"905\" data-end=\"919\">DP = DP30-pin:<\/strong>Csatlakoz\u00f3:<\/strong> data-end=&#8221;933&#8243; \/>\u2714 <strong data-start=\"935\" data-end=\"953\">\u00c9rint\u00e9ses t\u00e1mogat\u00e1s:<\/strong> Nem (nem \u00e9rint\u00e9s)<br data-start=\"968\" data-end=\"971\" \/>\u2714 <strong data-start=\"973\" data-end=\"986\">Nem tartalmaz z\u00e1r\u00f3jeleket:<\/strong>9 adatot&#8221;tart data-end=&#8221;1002&#8243; \/>\u2714 <strong data-start=\"1004\" data-end=\"1021\">Telep\u00edt\u00e9s:<\/strong> \u00d6ntapad\u00f3 cs\u00edkok mell\u00e9kelve<\/p>\n<p>? cs\u00edkok<\/strong>ra. K\u00e9rj\u00fck, v\u00e1s\u00e1rl\u00e1s el\u0151tt ellen\u0151rizze laptopja kompatibilit\u00e1s\u00e1t.<\/p>\n<p data-start=\"1219\" data-end=\"1290\" data-is-last-node=\"\" data-is-only-node=\"\">\ud83d\udca1 <strong data-start=\"1222\" data-end=\"1231\">Megjegyz\u00e9s:<\/strong> A legjobb eredm\u00e9ny \u00e9rdek\u00e9ben professzion\u00e1lis telep\u00edt\u00e9s javasolt.<\/p>\n","protected":false},"excerpt":{"rendered":"<p>Vadonat\u00faj <strong data-start=\"160\" data-end=\"192\">15,6&#8243; Full HD IPS LCD-k\u00e9perny\u0151<\/strong> a <strong data-start=\"197\" data-end=\"226\">Dell Latitude 5500 \/ 5501<\/strong>hez. Jellemz\u0151k: <strong data-start=\"237\" data-end=\"280\">3 kijelz\u0151, DP-nn-toch, 3-pin-pin. data-start=&#8221;286&#8243; data-end=&#8221;312&#8243;>\u00e9l\u00e9nk sz\u00ednpontoss\u00e1g<\/strong> Nincsenek z\u00e1r\u00f3jelek az egyszer\u0171 telep\u00edt\u00e9s \u00e9rdek\u00e9ben.<\/p>\n","protected":false},"featured_media":11378,"template":"","meta":[],"product_brand":[],"product_cat":[81,71],"product_tag":[17],"class_list":{"0":"post-11347","1":"product","2":"type-product","3":"status-publish","4":"has-post-thumbnail","6":"product_cat-15-6-new-laptop-screens-lcd-panels","7":"product_cat-new-laptop-screens-lcd-panels","8":"product_tag-dell","10":"first","11":"instock","12":"taxable","13":"shipping-taxable","14":"purchasable","15":"product-type-simple"},"_links":{"self":[{"href":"https:\/\/boreait.com\/hu\/wp-json\/wp\/v2\/product\/11347","targetHints":{"allow":["GET"]}}],"collection":[{"href":"https:\/\/boreait.com\/hu\/wp-json\/wp\/v2\/product"}],"about":[{"href":"https:\/\/boreait.com\/hu\/wp-json\/wp\/v2\/types\/product"}],"wp:featuredmedia":[{"embeddable":true,"href":"https:\/\/boreait.com\/hu\/wp-json\/wp\/v2\/media\/11378"}],"wp:attachment":[{"href":"https:\/\/boreait.com\/hu\/wp-json\/wp\/v2\/media?parent=11347"}],"wp:term":[{"taxonomy":"product_brand","embeddable":true,"href":"https:\/\/boreait.com\/hu\/wp-json\/wp\/v2\/product_brand?post=11347"},{"taxonomy":"product_cat","embeddable":true,"href":"https:\/\/boreait.com\/hu\/wp-json\/wp\/v2\/product_cat?post=11347"},{"taxonomy":"product_tag","embeddable":true,"href":"https:\/\/boreait.com\/hu\/wp-json\/wp\/v2\/product_tag?post=11347"}],"curies":[{"name":"wp","href":"https:\/\/api.w.org\/{rel}","templated":true}]}}