{"id":11346,"date":"2025-09-17T13:18:20","date_gmt":"2025-09-17T11:18:20","guid":{"rendered":"https:\/\/boreait.com\/hu\/?post_type=product&#038;p=11346"},"modified":"2025-09-17T13:19:03","modified_gmt":"2025-09-17T11:19:03","slug":"lcd-kepernyo-156-fhd-ips-30-tus-erintesmentes-dell-000tn-0f6fjj-pxgvc-uj","status":"publish","type":"product","link":"https:\/\/boreait.com\/hu\/termek\/lcd-kepernyo-156-fhd-ips-30-tus-erintesmentes-dell-000tn-0f6fjj-pxgvc-uj\/","title":{"rendered":"LCD-k\u00e9perny\u0151 15,6&#8243; FHD IPS 30 t\u0171s, \u00e9rint\u00e9smentes Dell 000TN\/0F6FJJ\/PXGVC \u2013 \u00daj"},"content":{"rendered":"<p><strong>T\u00e9nyleges LCD-k\u00e9perny\u0151s modell: B156HAN02.5 \u2013 TELJESEN KOMPATIBILIS A Dell 000TN 0F6FJJ PXGVC LAPTOP K\u00c9PERNY\u0150VEL<\/strong><\/p>\n<p data-start=\"430\" data-end=\"701\">Cser\u00e9lje ki s\u00e9r\u00fclt vagy hib\u00e1s laptopja k\u00e9perny\u0151j\u00e9t erre a kiv\u00e1l\u00f3 min\u0151s\u00e9g\u0171 <strong data-start=\"498\" data-end=\"529\">15,6&#8243; Full HD IPS LCD-panellel<\/strong>, amely a <strong data-start=\"544\" data-end=\"584\" data-end=\"584\">Dell, 06F>TJV, 06F>Dell 06FX-hez k\u00e9sz\u00fclt. modellek<\/strong>ben tal\u00e1lhat\u00f3 egy <strong data-start=\"600\" data-end=\"625\">30 t\u0171s eDP kapcsolat<\/strong> \u00e9s egy <strong data-start=\"633\" data-end=\"646\">IPS panel<\/strong> a kiv\u00e1l\u00f3 sz\u00ednpontoss\u00e1g \u00e9s sz\u00e9les betekint\u00e9si sz\u00f6gek \u00e9rdek\u00e9ben.<\/p>\n<h4 data-start=\"703\" data-end=\"737\"><strong data-start=\"708\" data-end=\"735\">Term\u00e9kspecifik\u00e1ci\u00f3k:<\/strong><\/h4>\n<p data-start=\"738\" data-end=\"1006\">\u2714 <strong data-start=\"740\" data-end=\"756\">K\u00e9perny\u0151m\u00e9ret:<\/strong> 15,6 h\u00fcvelyk<br data-start=\"768\" data-end=\"771\" \/>\u2714 <strong data-start=\"773\"<\/strong>Teljes HD felbont\u00e1s=&#8221;773&#8243;<\/strong>adat-end (1920&#215;1080)<br data-start=\"808\" data-end=\"811\" \/>\u2714 <strong data-start=\"813\" data-end=\"828\">Panel t\u00edpusa:<\/strong> IPS (s\u00edkon bel\u00fcli v\u00e1lt\u00e1s)<br data-start=\"853\" data-end=\"856\" \/>\u2714 <strong data-end=\"856\" \/>-start=&#8221;8 data&#8221; adatok data-start=&#8221;926&#8243; data-end=&#8221;939&#8243;>Konzolok:<\/strong> Nem tartoz\u00e9k<br data-start=\"952\" data-end=\"955\" \/>\u2714 <strong data-start=\"957\" data-end=\"974\">Telep\u00edt\u00e9s:<\/strong> \u00d6ntapad\u00f3 cs\u00edkok mell\u00e9kelve<\/p>\n<p data-start=\"1008\" data-end=\"1195\">Ez a <strong data-start=\"1013\" data-end=\"1045\">vadonat\u00faj cserek\u00e9perny\u0151<\/strong> kiv\u00e1l\u00f3 min\u0151s\u00e9g\u0171 teljes\u00edtm\u00e9nyt \u00e9s egyszer\u0171 telep\u00edt\u00e9st biztos\u00edt. <strong data-start=\"1113\" data-end=\"1150\">Ellen\u0151rizze a laptop kompatibilit\u00e1s\u00e1t<\/strong> v\u00e1s\u00e1rl\u00e1s el\u0151tt, hogy biztos\u00edtsa a t\u00f6k\u00e9letes illeszked\u00e9st.<\/p>\n<p data-start=\"1197\" data-end=\"1268\" data-is-last-node=\"\" data-is-only-node=\"\">\ud83d\udca1 <strong data-start=\"1200\" data-end=\"1209\">Megjegyz\u00e9s:<\/strong> A legjobb eredm\u00e9ny \u00e9rdek\u00e9ben professzion\u00e1lis telep\u00edt\u00e9s javasolt.<\/p>\n","protected":false},"excerpt":{"rendered":"<p>Vadonat\u00faj <strong data-start=\"156\" data-end=\"188\">15,6&#8243; Full HD IPS LCD-k\u00e9perny\u0151<\/strong>, amely kompatibilis a Dell 000TN, 0F6FJJ \u00e9s PXGVC modellekkel. Ez a <strong data-start=\"248\" data-end=\"274\">30 t\u0171s=&#8221;, nem-\u00e9rint\u00e9s&#8221; 8&#8243; \u00e9les sz\u00edneket biztos\u00edt. data-end=&#8221;343&#8243;>A konzolokat nem tartalmazza<\/strong> \u2013 \u00f6ntapad\u00f3 cs\u00edkok az egyszer\u0171 telep\u00edt\u00e9s \u00e9rdek\u00e9ben.<\/p>\n","protected":false},"featured_media":11378,"template":"","meta":[],"product_brand":[],"product_cat":[81,71],"product_tag":[17],"class_list":{"0":"post-11346","1":"product","2":"type-product","3":"status-publish","4":"has-post-thumbnail","6":"product_cat-15-6-new-laptop-screens-lcd-panels","7":"product_cat-new-laptop-screens-lcd-panels","8":"product_tag-dell","10":"first","11":"instock","12":"taxable","13":"shipping-taxable","14":"purchasable","15":"product-type-simple"},"_links":{"self":[{"href":"https:\/\/boreait.com\/hu\/wp-json\/wp\/v2\/product\/11346","targetHints":{"allow":["GET"]}}],"collection":[{"href":"https:\/\/boreait.com\/hu\/wp-json\/wp\/v2\/product"}],"about":[{"href":"https:\/\/boreait.com\/hu\/wp-json\/wp\/v2\/types\/product"}],"wp:featuredmedia":[{"embeddable":true,"href":"https:\/\/boreait.com\/hu\/wp-json\/wp\/v2\/media\/11378"}],"wp:attachment":[{"href":"https:\/\/boreait.com\/hu\/wp-json\/wp\/v2\/media?parent=11346"}],"wp:term":[{"taxonomy":"product_brand","embeddable":true,"href":"https:\/\/boreait.com\/hu\/wp-json\/wp\/v2\/product_brand?post=11346"},{"taxonomy":"product_cat","embeddable":true,"href":"https:\/\/boreait.com\/hu\/wp-json\/wp\/v2\/product_cat?post=11346"},{"taxonomy":"product_tag","embeddable":true,"href":"https:\/\/boreait.com\/hu\/wp-json\/wp\/v2\/product_tag?post=11346"}],"curies":[{"name":"wp","href":"https:\/\/api.w.org\/{rel}","templated":true}]}}