{"id":11334,"date":"2025-09-17T13:17:55","date_gmt":"2025-09-17T11:17:55","guid":{"rendered":"https:\/\/boreait.com\/hu\/?post_type=product&#038;p=11334"},"modified":"2025-09-17T13:19:03","modified_gmt":"2025-09-17T11:19:03","slug":"lcd-kepernyo-156-fhd-ips-30-tus-erintesmentes-dell-vostro-15-5515-5510","status":"publish","type":"product","link":"https:\/\/boreait.com\/hu\/termek\/lcd-kepernyo-156-fhd-ips-30-tus-erintesmentes-dell-vostro-15-5515-5510\/","title":{"rendered":"LCD k\u00e9perny\u0151 15,6&#8243; FHD IPS 30 t\u0171s, \u00e9rint\u00e9smentes Dell Vostro 15 5515 5510"},"content":{"rendered":"<p><strong>T\u00e9nyleges LCD-k\u00e9perny\u0151s modell: B156HAN02.5 \u2013 TELJESEN KOMPATIBILIS A Dell VOSTRO 15 5515 5510 P106F LAPTOP K\u00c9PERNY\u0150VEL<\/strong><\/p>\n<p data-start=\"387\" data-end=\"679\">Cser\u00e9lje ki s\u00e9r\u00fclt vagy hib\u00e1s laptopj\u00e1t erre a <strong data-start=\"443\" data-end=\"475\">15,6&#8243; Full HD IPS LCD-k\u00e9perny\u0151re<\/strong>, amelyet kifejezetten a <strong data-start=\"503\" data-end=\"541\" data-end=\"541\">Dell Vostro151 \/5 551515-hez terveztek. (P106F)<\/strong> Ez a kiv\u00e1l\u00f3 min\u0151s\u00e9g\u0171 cserepanel \u00e9les k\u00e9pet, \u00e9l\u00e9nk sz\u00edneket \u00e9s sz\u00e9les betekint\u00e9si sz\u00f6geket biztos\u00edt a jobb laptop \u00e9lm\u00e9ny \u00e9rdek\u00e9ben.<\/p>\n<h4 data-start=\"681\" data-end=\"709\"><strong data-start=\"686\" data-end=\"707\">Term\u00e9kjellemz\u0151k:<\/strong><\/h4>\n<p data-start=\"710\" data-end=\"978\">\u2714 <strong data-start=\"712\" data-end=\"728\">K\u00e9perny\u0151m\u00e9ret:<\/strong> 15,6 h\u00fcvelyk<br data-start=\"740\" data-end=\"743\" \/>\u2714 <strong data-start=\"745\"<\/strong>Teljes felbont\u00e1s = HD:66 (1920&#215;1080)<br data-start=\"780\" data-end=\"783\" \/>\u2714 <strong data-start=\"785\" data-end=\"800\">Panel t\u00edpusa:<\/strong> IPS (S\u00edkon bel\u00fcli v\u00e1lt\u00e1s)<br data-start=\"825\" data-end=\"828\" \/>\u2714 <strong data-end=\"828\" \/>\u2714 <strong data-end=\"828\" \/> adatok data-start=&#8221;898&#8243; data-end=&#8221;911&#8243;>Konzolok:<\/strong> Nem tartoz\u00e9k<br data-start=\"924\" data-end=\"927\" \/>\u2714 <strong data-start=\"929\" data-end=\"946\">Telep\u00edt\u00e9s:<\/strong> \u00d6ntapad\u00f3 cs\u00edkok mell\u00e9kelve<\/p>\n<p data-start=\"980\" data-end=\"1181\">Ez a <strong data-start=\"985\" data-end=\"1008\">vadonat\u00faj LCD-panel<\/strong> t\u00f6k\u00e9letesen illeszkedik az \u00d6n <strong data-start=\"1035\" data-end=\"1073\">Dell Vostro 15 5515\/P 5,610 seam<\/strong> n\u00e9lk\u00fcl. kompatibilit\u00e1s \u00e9s egyszer\u0171 telep\u00edt\u00e9si folyamat a mell\u00e9kelt \u00f6ntapad\u00f3 cs\u00edkokkal.<\/p>\n<p data-start=\"1183\" data-end=\"1330\" data-is-last-node=\"\" data-is-only-node=\"\">\ud83d\udca1 <strong data-start=\"1186\" data-end=\"1195\">Megjegyz\u00e9s:<\/strong> V\u00e1s\u00e1rl\u00e1s el\u0151tt ellen\u0151rizze laptopja modellj\u00e9nek \u00e9s k\u00e9perny\u0151j\u00e9nek m\u0171szaki adatait. A legjobb eredm\u00e9ny \u00e9rdek\u00e9ben professzion\u00e1lis telep\u00edt\u00e9s javasolt.<\/p>\n","protected":false},"excerpt":{"rendered":"<p>Vadonat\u00faj, 15,6 h\u00fcvelykes Full HD IPS LCD-k\u00e9perny\u0151 Dell Vostro 15 5515 \/ 5510 (P106F) k\u00e9sz\u00fcl\u00e9khez. 30 t\u0171s eDP-csatlakoz\u00f3val, \u00e9rint\u00e9smentes kijelz\u0151vel \u00e9s \u00f6ntapad\u00f3 cs\u00edkokkal az egyszer\u0171 telep\u00edt\u00e9s \u00e9rdek\u00e9ben. A konzolokat nem tartalmazza.<\/p>\n","protected":false},"featured_media":11378,"template":"","meta":[],"product_brand":[],"product_cat":[81,71],"product_tag":[17],"class_list":{"0":"post-11334","1":"product","2":"type-product","3":"status-publish","4":"has-post-thumbnail","6":"product_cat-15-6-new-laptop-screens-lcd-panels","7":"product_cat-new-laptop-screens-lcd-panels","8":"product_tag-dell","10":"first","11":"instock","12":"taxable","13":"shipping-taxable","14":"purchasable","15":"product-type-simple"},"_links":{"self":[{"href":"https:\/\/boreait.com\/hu\/wp-json\/wp\/v2\/product\/11334","targetHints":{"allow":["GET"]}}],"collection":[{"href":"https:\/\/boreait.com\/hu\/wp-json\/wp\/v2\/product"}],"about":[{"href":"https:\/\/boreait.com\/hu\/wp-json\/wp\/v2\/types\/product"}],"wp:featuredmedia":[{"embeddable":true,"href":"https:\/\/boreait.com\/hu\/wp-json\/wp\/v2\/media\/11378"}],"wp:attachment":[{"href":"https:\/\/boreait.com\/hu\/wp-json\/wp\/v2\/media?parent=11334"}],"wp:term":[{"taxonomy":"product_brand","embeddable":true,"href":"https:\/\/boreait.com\/hu\/wp-json\/wp\/v2\/product_brand?post=11334"},{"taxonomy":"product_cat","embeddable":true,"href":"https:\/\/boreait.com\/hu\/wp-json\/wp\/v2\/product_cat?post=11334"},{"taxonomy":"product_tag","embeddable":true,"href":"https:\/\/boreait.com\/hu\/wp-json\/wp\/v2\/product_tag?post=11334"}],"curies":[{"name":"wp","href":"https:\/\/api.w.org\/{rel}","templated":true}]}}