{"id":11333,"date":"2025-09-17T13:17:55","date_gmt":"2025-09-17T11:17:55","guid":{"rendered":"https:\/\/boreait.com\/hu\/?post_type=product&#038;p=11333"},"modified":"2025-09-17T13:19:02","modified_gmt":"2025-09-17T11:19:02","slug":"lcd-kepernyo-156-huvelykes-fhd-ips-30-tus-erintesmentes-thinkpad-l15-gen-3-hoz-uj","status":"publish","type":"product","link":"https:\/\/boreait.com\/hu\/termek\/lcd-kepernyo-156-huvelykes-fhd-ips-30-tus-erintesmentes-thinkpad-l15-gen-3-hoz-uj\/","title":{"rendered":"LCD-k\u00e9perny\u0151 15,6 h\u00fcvelykes FHD IPS 30 t\u0171s \u00e9rint\u00e9smentes ThinkPad L15 Gen 3-hoz \u2013 \u00daj"},"content":{"rendered":"<p><strong>T\u00e9nyleges LCD-kijelz\u0151s modell: B156HAN02.5 \u2013 TELJESEN KOMPATIBILIS A LENOVO THINKPAD L15 (3. GEN.) MODEL 21C K\u00c9PERNY\u0150VEL<\/strong><\/p>\n<p data-start=\"392\" data-end=\"715\">Cser\u00e9lje ki s\u00e9r\u00fclt vagy hib\u00e1s laptopja k\u00e9perny\u0151j\u00e9t erre a <strong data-start=\"447\" data-end=\"478\">15,6&#8243; Full HD IPS LCD panelre<\/strong>, amelyet kifejezetten a <strong data-start=\"506\" data-end=\"549\">Lenovo Gener\u00e1lmodell (.3 Pard)<\/strong> a kiv\u00e1l\u00f3 min\u0151s\u00e9g\u0171 <strong data-start=\"569\" data-end=\"589\">nem \u00e9rint\u0151k\u00e9perny\u0151<\/strong> \u00e9les l\u00e1tv\u00e1nyt, \u00e9l\u00e9nk sz\u00edneket \u00e9s sz\u00e9les betekint\u00e9si sz\u00f6geket biztos\u00edt, \u00edgy t\u00f6k\u00e9letesen helyettes\u00edti laptopja kijelz\u0151j\u00e9t.<\/p>\n<p data-start=\"717\" data-end=\"1070\"><strong data-start=\"717\" data-end=\"738\">Term\u00e9kjellemz\u0151k:<\/strong><br data-start=\"738\" data-end=\"741\" \/>\u2714 <strong data-start=\"743\" data-end=\"764\">Lenovo L5-\u00f6s kompatibilis modell: (Pank<\/strong>) 21C<br data-start=\"806\" data-end=\"809\" \/>\u2714 <strong data-start=\"811\" data-end=\"820\">M\u00e9ret:<\/strong> 15,6 h\u00fcvelyk<br data-start=\"832\" data-end=\"835\" \/>\u2714 <strong data-start=\"837\"<\/strong>Teljes megold\u00e1s: HD felbont\u00e1s=&#8221;887&#8243;<\/strong> (1920&#215;1080)<br data-start=\"872\" data-end=\"875\" data-is-only-node=\"\" \/>\u2714 <strong data-start=\"877\" data-end=\"892\">Panel t\u00edpusa:<\/strong> IPS (S\u00edkon bel\u00fcli v\u00e1lt\u00e1s)<br data-start=\"917\" <strong><strong>data&#8221;\/2-end=&#8221;2917&#8243; data-9 data-end=&#8221;936&#8243;>Csatlakoz\u00f3:<\/strong> 30 t\u0171s eDP<br data-start=\"947\" data-end=\"950\" \/>\u2714 <strong data-start=\"952\" data-end=\"970\">\u00c9rint\u00e9ses t\u00e1mogat\u00e1s:<\/strong> Nem (nem \u00e9rint\u00e9s)<br data-start=\"985\" <strong data-end=\"0-988\" data-end=\"0-988\" data-end=\"1003\">Konzolok:<\/strong> Nem tartoz\u00e9k<br data-start=\"1016\" data-end=\"1019\" \/>\u2714 <strong data-start=\"1021\" data-end=\"1038\">Telep\u00edt\u00e9s:<\/strong> \u00d6ntapad\u00f3 cs\u00edkok mell\u00e9kelve<\/p>\n<p data-start=\"1072\" data-end=\"1266\">Ez a <strong data-start=\"1077\" data-end=\"1097\">vadonat\u00faj k\u00e9perny\u0151<\/strong> k\u00f6nnyen telep\u00edthet\u0151 a mell\u00e9kelt <strong data-start=\"1135\" data-end=\"1159\">\u00f6ntapad\u00f3 cs\u00edkokkal<\/strong>. V\u00e1s\u00e1rl\u00e1s el\u0151tt ellen\u0151rizze laptopja modellj\u00e9t \u00e9s k\u00e9perny\u0151j\u00e9nek m\u0171szaki adatait a kompatibilit\u00e1s biztos\u00edt\u00e1sa \u00e9rdek\u00e9ben.<\/p>\n<p data-start=\"1268\" data-end=\"1343\" data-is-last-node=\"\" data-is-only-node=\"\">\ud83d\udca1 <strong data-start=\"1271\" data-end=\"1280\">Megjegyz\u00e9s:<\/strong> A legjobb eredm\u00e9ny \u00e9rdek\u00e9ben professzion\u00e1lis telep\u00edt\u00e9s javasolt.<\/p>\n","protected":false},"excerpt":{"rendered":"<p>Vadonat\u00faj 15,6&#8243; Full HD IPS LCD-k\u00e9perny\u0151 a <strong data-start=\"188\" data-end=\"223\">Lenovo ThinkPad L15 Gen 3 (21C)<\/strong> sz\u00e1m\u00e1ra. <strong data-start=\"236\" data-end=\"261\">30 t\u0171s eDP-kapcsolattal<\/strong>, <strong data-start=\"end=\"26-23\"\">n&#8221;-on&#8221; kijelz\u0151<\/strong> \u00e9s <strong data-start=\"290\" data-end=\"314\">\u00f6ntapad\u00f3 cs\u00edkok<\/strong> az egyszer\u0171 telep\u00edt\u00e9s \u00e9rdek\u00e9ben.<\/p>\n","protected":false},"featured_media":11378,"template":"","meta":[],"product_brand":[],"product_cat":[81,71],"product_tag":[26],"class_list":{"0":"post-11333","1":"product","2":"type-product","3":"status-publish","4":"has-post-thumbnail","6":"product_cat-15-6-new-laptop-screens-lcd-panels","7":"product_cat-new-laptop-screens-lcd-panels","8":"product_tag-lenovo","10":"first","11":"instock","12":"taxable","13":"shipping-taxable","14":"purchasable","15":"product-type-simple"},"_links":{"self":[{"href":"https:\/\/boreait.com\/hu\/wp-json\/wp\/v2\/product\/11333","targetHints":{"allow":["GET"]}}],"collection":[{"href":"https:\/\/boreait.com\/hu\/wp-json\/wp\/v2\/product"}],"about":[{"href":"https:\/\/boreait.com\/hu\/wp-json\/wp\/v2\/types\/product"}],"wp:featuredmedia":[{"embeddable":true,"href":"https:\/\/boreait.com\/hu\/wp-json\/wp\/v2\/media\/11378"}],"wp:attachment":[{"href":"https:\/\/boreait.com\/hu\/wp-json\/wp\/v2\/media?parent=11333"}],"wp:term":[{"taxonomy":"product_brand","embeddable":true,"href":"https:\/\/boreait.com\/hu\/wp-json\/wp\/v2\/product_brand?post=11333"},{"taxonomy":"product_cat","embeddable":true,"href":"https:\/\/boreait.com\/hu\/wp-json\/wp\/v2\/product_cat?post=11333"},{"taxonomy":"product_tag","embeddable":true,"href":"https:\/\/boreait.com\/hu\/wp-json\/wp\/v2\/product_tag?post=11333"}],"curies":[{"name":"wp","href":"https:\/\/api.w.org\/{rel}","templated":true}]}}