{"id":11332,"date":"2025-09-17T13:17:55","date_gmt":"2025-09-17T11:17:55","guid":{"rendered":"https:\/\/boreait.com\/hu\/?post_type=product&#038;p=11332"},"modified":"2025-09-17T13:19:01","modified_gmt":"2025-09-17T11:19:01","slug":"lcd-kepernyo-156-fhd-ips-30-tus-erintesmentes-lp156wfc-spm1-uj","status":"publish","type":"product","link":"https:\/\/boreait.com\/hu\/termek\/lcd-kepernyo-156-fhd-ips-30-tus-erintesmentes-lp156wfc-spm1-uj\/","title":{"rendered":"LCD k\u00e9perny\u0151 15,6&#8243; FHD IPS 30 t\u0171s \u00e9rint\u00e9smentes LP156WFC SPM1 \u2013 \u00daj"},"content":{"rendered":"<p><strong>T\u00e9nyleges LCD-k\u00e9perny\u0151s modell: B156HAN02.5 \u2013 TELJESEN KOMPATIBILIS A LP156WFC SPM1 LAPTOP K\u00c9PERNY\u0150VEL<\/strong><\/p>\n<p data-start=\"432\" data-end=\"689\">Cser\u00e9lje ki s\u00e9r\u00fclt vagy hib\u00e1s laptopja k\u00e9perny\u0151j\u00e9t az <strong data-start=\"486\" data-end=\"533\">LP156WFC SPM1 15,6&#8243; Full HD IPS LCD-kijelz\u0151re<\/strong>. Ez a kiv\u00e1l\u00f3 min\u0151s\u00e9g\u0171 panel a <strong data-start=\"959\"2\">0 adatot szolg\u00e1ltat <strong data-start=\"568\"2\">0 felbont\u00e1s<\/strong>, <strong data-start=\"594\" data-end=\"612\">\u00e9l\u00e9nk sz\u00ednek<\/strong> \u00e9s <strong data-start=\"618\" data-end=\"641\">sz\u00e9les betekint\u00e9si sz\u00f6gek<\/strong>, \u00edgy t\u00f6k\u00e9letes friss\u00edt\u00e9s az eszk\u00f6z\u00e9hez.<\/p>\n<h4 data-start=\"691\" data-end=\"715\"><strong data-start=\"696\" data-end=\"713\">F\u0151bb jellemz\u0151k:<\/strong><\/h4>\n<p data-start=\"716\" data-end=\"984\">\u2714 <strong data-start=\"718\" data-end=\"734\">K\u00e9perny\u0151m\u00e9ret:<\/strong> 15,6 h\u00fcvelyk<br data-start=\"746\" data-end=\"749\" \/>\u2714 <strong data-start=\"751\"<\/strong>Teljes felbont\u00e1s=&#8221;761&#8243; adatmegold\u00e1s (1920&#215;1080)<br data-start=\"786\" data-end=\"789\" \/>\u2714 <strong data-start=\"791\" data-end=\"806\">Panel t\u00edpusa:<\/strong> IPS (s\u00edkon bel\u00fcli v\u00e1lt\u00e1s)<br data-start=\"831\" data-end=\"834\" \/>\u2714 <strong data-end=\"834\" \/>-start=&#8221;8 data&#8221; adatok data-start=&#8221;904&#8243; data-end=&#8221;917&#8243;>Konzolok:<\/strong> Nem tartoz\u00e9k<br data-start=\"930\" data-end=\"933\" \/>\u2714 <strong data-start=\"935\" data-end=\"952\">Telep\u00edt\u00e9s:<\/strong> \u00d6ntapad\u00f3 cs\u00edkok mell\u00e9kelve<\/p>\n<p data-start=\"986\" data-end=\"1194\">A <strong data-start=\"1001\" data-end=\"1026\">z\u00f6kken\u0151mentes telep\u00edt\u00e9sre<\/strong> tervezett <strong data-start=\"1033\" data-end=\"1057\">vadonat\u00faj LCD k\u00e9perny\u0151<\/strong> ide\u00e1lis v\u00e1laszt\u00e1s laptopja teljes\u00edtm\u00e9ny\u00e9nek helyre\u00e1ll\u00edt\u00e1s\u00e1hoz. V\u00e1s\u00e1rl\u00e1s el\u0151tt <strong data-start=\"1126\" data-end=\"1149\">Ellen\u0151rizze a kompatibilit\u00e1st<\/strong> a t\u00f6k\u00e9letes illeszked\u00e9s \u00e9rdek\u00e9ben.<\/p>\n<p data-start=\"1196\" data-end=\"1267\" data-is-last-node=\"\" data-is-only-node=\"\">\ud83d\udca1 <strong data-start=\"1199\" data-end=\"1208\">Megjegyz\u00e9s:<\/strong> A legjobb eredm\u00e9ny \u00e9rdek\u00e9ben professzion\u00e1lis telep\u00edt\u00e9s javasolt.<\/p>\n","protected":false},"excerpt":{"rendered":"<p>Vadonat\u00faj <strong data-start=\"146\" data-end=\"194\">15,6&#8243; Full HD IPS LCD-k\u00e9perny\u0151 (LP156WFC SPM1)<\/strong> <strong data-start=\"202\" data-end=\"226\">30 t\u0171s eDP-csatlakoz\u00f3val<\/strong>. Ez a <strong data-start=\"233\"<\/strong> vizu\u00e1lis csere \u00e9s \u00e1ttekinthet\u0151s\u00e9g biztos\u00edtja az adatok v\u00e9g\u00e9t. sz\u00e9les betekint\u00e9si sz\u00f6gek <strong data-start=\"318\" data-end=\"338\">z\u00e1r\u00f3jelek n\u00e9lk\u00fcl<\/strong>, de az egyszer\u0171 telep\u00edt\u00e9s \u00e9rdek\u00e9ben <strong data-start=\"353\" data-end=\"377\">\u00f6ntapad\u00f3 cs\u00edkokkal<\/strong> tal\u00e1lhat\u00f3.<\/p>\n","protected":false},"featured_media":11378,"template":"","meta":[],"product_brand":[],"product_cat":[81,71],"product_tag":[],"class_list":{"0":"post-11332","1":"product","2":"type-product","3":"status-publish","4":"has-post-thumbnail","6":"product_cat-15-6-new-laptop-screens-lcd-panels","7":"product_cat-new-laptop-screens-lcd-panels","9":"first","10":"instock","11":"taxable","12":"shipping-taxable","13":"purchasable","14":"product-type-simple"},"_links":{"self":[{"href":"https:\/\/boreait.com\/hu\/wp-json\/wp\/v2\/product\/11332","targetHints":{"allow":["GET"]}}],"collection":[{"href":"https:\/\/boreait.com\/hu\/wp-json\/wp\/v2\/product"}],"about":[{"href":"https:\/\/boreait.com\/hu\/wp-json\/wp\/v2\/types\/product"}],"wp:featuredmedia":[{"embeddable":true,"href":"https:\/\/boreait.com\/hu\/wp-json\/wp\/v2\/media\/11378"}],"wp:attachment":[{"href":"https:\/\/boreait.com\/hu\/wp-json\/wp\/v2\/media?parent=11332"}],"wp:term":[{"taxonomy":"product_brand","embeddable":true,"href":"https:\/\/boreait.com\/hu\/wp-json\/wp\/v2\/product_brand?post=11332"},{"taxonomy":"product_cat","embeddable":true,"href":"https:\/\/boreait.com\/hu\/wp-json\/wp\/v2\/product_cat?post=11332"},{"taxonomy":"product_tag","embeddable":true,"href":"https:\/\/boreait.com\/hu\/wp-json\/wp\/v2\/product_tag?post=11332"}],"curies":[{"name":"wp","href":"https:\/\/api.w.org\/{rel}","templated":true}]}}