{"id":11331,"date":"2025-09-17T13:17:54","date_gmt":"2025-09-17T11:17:54","guid":{"rendered":"https:\/\/boreait.com\/hu\/?post_type=product&#038;p=11331"},"modified":"2025-09-17T13:19:01","modified_gmt":"2025-09-17T11:19:01","slug":"lcd-kepernyo-156-huvelykes-fhd-ips-30-tus-erintesmentes-nv156fhm-n52-n4l-n4h-uj","status":"publish","type":"product","link":"https:\/\/boreait.com\/hu\/termek\/lcd-kepernyo-156-huvelykes-fhd-ips-30-tus-erintesmentes-nv156fhm-n52-n4l-n4h-uj\/","title":{"rendered":"LCD-k\u00e9perny\u0151 15,6 h\u00fcvelykes FHD IPS 30 t\u0171s, \u00e9rint\u00e9smentes NV156FHM-N52\/N4L\/N4H \u2013 \u00daj"},"content":{"rendered":"<p><strong>T\u00e9nyleges LCD-k\u00e9perny\u0151s modell: B156HAN02.5 \u2013 TELJESEN KOMPATIBILIS A LAPTOP K\u00c9PERNY\u0150VEL NV156FHM-N52 N4L N4H N63 N4N<\/strong><\/p>\n<p data-start=\"443\" data-end=\"766\">Fokozza laptopja kijelz\u0151j\u00e9t ezzel a kiv\u00e1l\u00f3 min\u0151s\u00e9g\u0171 <strong data-start=\"496\" data-end=\"528\">15,6&#8243; Full HD IPS LCD k\u00e9perny\u0151vel<\/strong> (NV156FHM-N52 \/ N4L \/ N4H \/ N63=&#8221;&#8221;start \/ N4N-2&#8243; tervezve. data-end=&#8221;618&#8243;>\u00e9les k\u00e9p \u00e9s \u00e9l\u00e9nk sz\u00ednek<\/strong>, ez a k\u00e9perny\u0151 <strong data-start=\"643\" data-end=\"667\">30 t\u0171s eDP-csatlakoz\u00f3val<\/strong> rendelkezik, \u00e9s <strong data-start=\"675\" data-end=\"688\">\u00e9rint\u00e9smentes<\/strong>, \u00edgy kiv\u00e1l\u00f3an helyettes\u00edti a megrepedt vagy rosszul m\u0171k\u00f6d\u0151 k\u00e9perny\u0151t.<\/p>\n<h4 data-start=\"768\" data-end=\"792\"><strong data-start=\"773\" data-end=\"790\">F\u0151bb jellemz\u0151k:<\/strong><\/h4>\n<p data-start=\"793\" data-end=\"1054\">\u2714 <strong data-start=\"795\" data-end=\"804\">M\u00e9ret:<\/strong> 15,6 h\u00fcvelyk<br data-start=\"816\" data-end=\"819\" \/>\u2714 <strong data-start=\"821\"<\/strong>Teljes HD-megold\u00e1s=&#8221;821&#8243;<\/strong> adatmegold\u00e1s (1920 x 1080)<br data-start=\"856\" data-end=\"859\" \/>\u2714 <strong data-start=\"861\" data-end=\"876\">Panel t\u00edpusa:<\/strong> IPS (s\u00edkon bel\u00fcli v\u00e1lt\u00e1s)<br data-start=\"901\" data-end=\"904\" \/>\u2714 <strong data-end=\"904\" \/>-start=&#8221;9 data&#8221; data-end=&#8221;920&#8243;>Csatlakoz\u00f3:<\/strong> 30 t\u0171s eDP<br data-start=\"931\" data-end=\"934\" data-is-only-node=\"\" \/>\u2714 <strong data-start=\"936\" data-end=\"954\">\u00c9rint\u00e9st\u00e1mogat\u00e1s:<\/strong> Nem (Non-Touch-end) <br=\"\u200eNon-Touch-end)<br6 data-9\"s data data-start=\"974\" data-end=\"987\">Konzolok:<\/strong> Nem tartoz\u00e9k<br data-start=\"1000\" data-end=\"1003\" \/>\u2714 <strong data-start=\"1005\" data-end=\"1022\">Telep\u00edt\u00e9s:<\/strong> \u00d6ntapad\u00f3 cs\u00edkok mell\u00e9kelve<\/p>\n<p data-start=\"1056\" data-end=\"1241\">Ez a <strong data-start=\"1061\" data-end=\"1081\">vadonat\u00faj k\u00e9perny\u0151<\/strong> probl\u00e9mamentes telep\u00edt\u00e9st biztos\u00edt a mell\u00e9kelt \u00f6ntapad\u00f3 cs\u00edkokkal. V\u00e1s\u00e1rl\u00e1s el\u0151tt ellen\u0151rizze, hogy laptopja kompatibilis-e a t\u00f6k\u00e9letes illeszked\u00e9s \u00e9rdek\u00e9ben.<\/p>\n<p data-start=\"1243\" data-end=\"1321\" data-is-last-node=\"\" data-is-only-node=\"\">\ud83d\udca1 <strong data-start=\"1246\" data-end=\"1255\">Megjegyz\u00e9s:<\/strong> Az optim\u00e1lis teljes\u00edtm\u00e9ny \u00e9rdek\u00e9ben professzion\u00e1lis telep\u00edt\u00e9s javasolt.<\/p>\n","protected":false},"excerpt":{"rendered":"<p>Vadonat\u00faj 15,6&#8243;-os LCD k\u00e9perny\u0151 (NV156FHM-N52\/N4L\/N4H\/N63\/N4N) Full HD IPS kijelz\u0151vel \u00e9s 30 t\u0171s eDP csatlakoz\u00f3val. Ez a nem \u00e9rint\u0151k\u00e9perny\u0151s panel konzolok n\u00e9lk\u00fcl \u00e9rkezik, \u00e9s \u00f6ntapad\u00f3 cs\u00edkokat tartalmaz a k\u00f6nny\u0171 telep\u00edt\u00e9s \u00e9rdek\u00e9ben. Ide\u00e1lis csere a s\u00e9r\u00fclt vagy hib\u00e1s laptop k\u00e9perny\u0151j\u00e9hez.<\/p>\n","protected":false},"featured_media":11378,"template":"","meta":[],"product_brand":[],"product_cat":[81,71],"product_tag":[],"class_list":{"0":"post-11331","1":"product","2":"type-product","3":"status-publish","4":"has-post-thumbnail","6":"product_cat-15-6-new-laptop-screens-lcd-panels","7":"product_cat-new-laptop-screens-lcd-panels","9":"first","10":"instock","11":"taxable","12":"shipping-taxable","13":"purchasable","14":"product-type-simple"},"_links":{"self":[{"href":"https:\/\/boreait.com\/hu\/wp-json\/wp\/v2\/product\/11331","targetHints":{"allow":["GET"]}}],"collection":[{"href":"https:\/\/boreait.com\/hu\/wp-json\/wp\/v2\/product"}],"about":[{"href":"https:\/\/boreait.com\/hu\/wp-json\/wp\/v2\/types\/product"}],"wp:featuredmedia":[{"embeddable":true,"href":"https:\/\/boreait.com\/hu\/wp-json\/wp\/v2\/media\/11378"}],"wp:attachment":[{"href":"https:\/\/boreait.com\/hu\/wp-json\/wp\/v2\/media?parent=11331"}],"wp:term":[{"taxonomy":"product_brand","embeddable":true,"href":"https:\/\/boreait.com\/hu\/wp-json\/wp\/v2\/product_brand?post=11331"},{"taxonomy":"product_cat","embeddable":true,"href":"https:\/\/boreait.com\/hu\/wp-json\/wp\/v2\/product_cat?post=11331"},{"taxonomy":"product_tag","embeddable":true,"href":"https:\/\/boreait.com\/hu\/wp-json\/wp\/v2\/product_tag?post=11331"}],"curies":[{"name":"wp","href":"https:\/\/api.w.org\/{rel}","templated":true}]}}