{"id":11330,"date":"2025-09-17T13:17:54","date_gmt":"2025-09-17T11:17:54","guid":{"rendered":"https:\/\/boreait.com\/hu\/?post_type=product&#038;p=11330"},"modified":"2025-09-17T13:19:00","modified_gmt":"2025-09-17T11:19:00","slug":"lcd-kepernyo-156-fhd-ips-30-tus-erintesmentes-b156han02-6-uj","status":"publish","type":"product","link":"https:\/\/boreait.com\/hu\/termek\/lcd-kepernyo-156-fhd-ips-30-tus-erintesmentes-b156han02-6-uj\/","title":{"rendered":"LCD k\u00e9perny\u0151 15,6&#8243; FHD IPS 30 t\u0171s, \u00e9rint\u00e9smentes B156HAN02.6 \u2013 \u00daj"},"content":{"rendered":"<p><strong>T\u00e9nyleges LCD-k\u00e9perny\u0151s modell: B156HAN02.5 \u2013 TELJESEN KOMPATIBILIS A B156HAN02.6 LAPTOP K\u00c9PERNY\u0150VEL<\/strong><\/p>\n<p data-start=\"415\" data-end=\"733\">Fokozza laptopja megjelen\u00edt\u00e9si min\u0151s\u00e9g\u00e9t ezzel a <strong data-start=\"463\" data-end=\"495\">15,6&#8243; Full HD IPS LCD-k\u00e9perny\u0151vel<\/strong> (B156HAN02.6). A tisztas\u00e1gra \u00e9s \u00e9l\u00e9nk sz\u00ednvisszaad\u00e1sra tervezt\u00e9k, ez a nagy teljes\u00edtm\u00e9ny\u0171 <strong data-0-4\"s k\u00e9perny data-end=\"628\">30 t\u0171s eDP-csatlakoz\u00f3<\/strong> \u00e9s egy <strong data-start=\"635\" data-end=\"654\">nem \u00e9rint\u0151k\u00e9perny\u0151<\/strong>, \u00edgy megb\u00edzhat\u00f3an helyettes\u00edtheti a s\u00e9r\u00fclt vagy rosszul m\u0171k\u00f6d\u0151 k\u00e9perny\u0151t.<\/p>\n<h4 data-start=\"735\" data-end=\"759\"><strong data-start=\"740\" data-end=\"757\">F\u0151bb jellemz\u0151k:<\/strong><\/h4>\n<p data-start=\"760\" data-end=\"1074\">\u2714 <strong data-start=\"762\" data-end=\"778\">K\u00e9perny\u0151m\u00e9ret:<\/strong> 15,6 h\u00fcvelyk<br data-start=\"790\" data-end=\"793\" \/>\u2714 <strong data-start=\"795\"<\/strong> Teljes HD felbont\u00e1s (1920&#215;1080)<br data-start=\"830\" data-end=\"833\" \/>\u2714 <strong data-start=\"835\" data-end=\"850\">Panelt\u00edpus:<\/strong> IPS (s\u00edkon bel\u00fcli v\u00e1lt\u00e1s) a kiv\u00e1l\u00f3 sz\u00ednpontoss\u00e1g \u00e9rdek\u00e9ben<br data-start=\"903\" data-end=\"833\" \/>9&#8243; \/>tart=&#8221;906&#8243; adatok data-start=&#8221;976&#8243; data-end=&#8221;989&#8243;>Konzolok:<\/strong> Nem tartoz\u00e9k<br data-start=\"1002\" data-end=\"1005\" \/>\u2714 <strong data-start=\"1007\" data-end=\"1024\">Telep\u00edt\u00e9s:<\/strong> \u00d6ntapad\u00f3 cs\u00edkok<\/p>\n<p> az egyszer\u0171 r\u00f6gz\u00edt\u00e9s \u00e9rdek\u00e9ben<\/p>\n<p data-start=\"1076\" data-end=\"1255\">Ez a <strong data-start=\"1081\" data-end=\"1105\">vadonat\u00faj LCD-k\u00e9perny\u0151<\/strong> egyszer\u0171 telep\u00edt\u00e9st tesz lehet\u0151v\u00e9 a mell\u00e9kelt \u00f6ntapad\u00f3 cs\u00edkokkal. K\u00e9rj\u00fck, v\u00e1s\u00e1rl\u00e1s el\u0151tt ellen\u0151rizze a laptop kompatibilit\u00e1s\u00e1t, hogy biztos\u00edtsa a t\u00f6k\u00e9letes illeszked\u00e9st.<\/p>\n<p data-start=\"1257\" data-end=\"1335\" data-is-last-node=\"\" data-is-only-node=\"\">\ud83d\udca1 <strong data-start=\"1260\" data-end=\"1269\">Megjegyz\u00e9s:<\/strong> Az optim\u00e1lis teljes\u00edtm\u00e9ny \u00e9rdek\u00e9ben professzion\u00e1lis telep\u00edt\u00e9s javasolt.<\/p>\n","protected":false},"excerpt":{"rendered":"<p>Vadonat\u00faj 15,6&#8243;-os LCD k\u00e9perny\u0151 (B156HAN02.6) Full HD IPS kijelz\u0151vel \u00e9s 30 t\u0171s eDP csatlakoz\u00f3val. Ez az \u00e9rint\u00e9smentes panel konzolok n\u00e9lk\u00fcl \u00e9rkezik, \u00e9s \u00f6ntapad\u00f3 cs\u00edkokat tartalmaz az egyszer\u0171 telep\u00edt\u00e9s \u00e9rdek\u00e9ben. Ide\u00e1lis csere a s\u00e9r\u00fclt vagy hib\u00e1s laptop k\u00e9perny\u0151j\u00e9hez.<\/p>\n","protected":false},"featured_media":11378,"template":"","meta":[],"product_brand":[],"product_cat":[81,71],"product_tag":[],"class_list":{"0":"post-11330","1":"product","2":"type-product","3":"status-publish","4":"has-post-thumbnail","6":"product_cat-15-6-new-laptop-screens-lcd-panels","7":"product_cat-new-laptop-screens-lcd-panels","9":"first","10":"instock","11":"taxable","12":"shipping-taxable","13":"purchasable","14":"product-type-simple"},"_links":{"self":[{"href":"https:\/\/boreait.com\/hu\/wp-json\/wp\/v2\/product\/11330","targetHints":{"allow":["GET"]}}],"collection":[{"href":"https:\/\/boreait.com\/hu\/wp-json\/wp\/v2\/product"}],"about":[{"href":"https:\/\/boreait.com\/hu\/wp-json\/wp\/v2\/types\/product"}],"wp:featuredmedia":[{"embeddable":true,"href":"https:\/\/boreait.com\/hu\/wp-json\/wp\/v2\/media\/11378"}],"wp:attachment":[{"href":"https:\/\/boreait.com\/hu\/wp-json\/wp\/v2\/media?parent=11330"}],"wp:term":[{"taxonomy":"product_brand","embeddable":true,"href":"https:\/\/boreait.com\/hu\/wp-json\/wp\/v2\/product_brand?post=11330"},{"taxonomy":"product_cat","embeddable":true,"href":"https:\/\/boreait.com\/hu\/wp-json\/wp\/v2\/product_cat?post=11330"},{"taxonomy":"product_tag","embeddable":true,"href":"https:\/\/boreait.com\/hu\/wp-json\/wp\/v2\/product_tag?post=11330"}],"curies":[{"name":"wp","href":"https:\/\/api.w.org\/{rel}","templated":true}]}}