{"id":11329,"date":"2025-09-17T13:17:54","date_gmt":"2025-09-17T11:17:54","guid":{"rendered":"https:\/\/boreait.com\/hu\/?post_type=product&#038;p=11329"},"modified":"2025-09-17T13:18:59","modified_gmt":"2025-09-17T11:18:59","slug":"lcd-kepernyo-156-fhd-ips-30-tus-erintesmentes-b156han02-5-hw4a-hwaa-uj","status":"publish","type":"product","link":"https:\/\/boreait.com\/hu\/termek\/lcd-kepernyo-156-fhd-ips-30-tus-erintesmentes-b156han02-5-hw4a-hwaa-uj\/","title":{"rendered":"LCD k\u00e9perny\u0151 15,6&#8243; FHD IPS 30 t\u0171s, \u00e9rint\u00e9smentes B156HAN02.5 HW4A HWAA \u2013 \u00daj"},"content":{"rendered":"<p><strong>T\u00e9nyleges LCD-k\u00e9perny\u0151s modell: B156HAN02.5 \u2013 TELJESEN KOMPATIBILIS A B156HAN02.5 HW4A HWAA HW2A HWBA HW9A HW0A LAPTOP K\u00c9PERNY\u0150VEL<\/strong><\/p>\n<p data-start=\"482\" data-end=\"807\">Friss\u00edtse laptopj\u00e1t ezzel a pr\u00e9mium kateg\u00f3ri\u00e1s <strong data-start=\"520\" data-end=\"552\">15,6&#8243; Full HD IPS LCD-k\u00e9perny\u0151vel<\/strong> (B156HAN02.5, HW4A, HWAA, HW2A, HWBA, HWA, <strongA for09). adatok\n\n\n\n\n\n<h4 data-start=\"809\" data-end=\"833\"><strong data-start=\"814\" data-end=\"831\">F\u0151bb jellemz\u0151k:<\/strong><\/h4>\n<p data-start=\"834\" data-end=\"1095\">\u2714 <strong data-start=\"836\" data-end=\"845\">M\u00e9ret:<\/strong> 15,6 h\u00fcvelyk<br data-start=\"857\" data-end=\"860\" \/>\u2714 <strong data-start=\"862\"<\/strong>Teljes HD felbont\u00e1s=&#8221;862&#8243; adatmegold\u00e1s (1920&#215;1080)<br data-start=\"897\" data-end=\"900\" \/>\u2714 <strong data-start=\"902\" data-end=\"917\">Panel t\u00edpusa:<\/strong> IPS (S\u00edkon bel\u00fcli v\u00e1lt\u00e1s)<br data-start=\"942\" data-end=\"945\" \/>\u2714 <strong data-end=\"945\" \/>-start=&#8221;4 data&#8221; adatok <strong data-start=\"1015\" data-end=\"1028\">Z\u00e1r\u00f3jelek:<\/strong> Nem tartoz\u00e9k<br data-start=\"1041\" data-end=\"1044\" \/>\u2714 <strong data-start=\"1046\" data-end=\"1063\">Telep\u00edt\u00e9s:<\/strong> \u00d6ntapad\u00f3 cs\u00edkok<\/p>\n<p data-start=\"1097\" data-end=\"1268\">Ez a <strong data-start=\"1102\" data-end=\"1126\">vadonat\u00faj LCD-k\u00e9perny\u0151<\/strong> egyszer\u0171 telep\u00edt\u00e9si folyamatot k\u00edn\u00e1l a mell\u00e9kelt <strong data-start=\"1178\" data-end=\"1202\">\u00f6ntapad\u00f3 cs\u00edkokkal<\/strong>. V\u00e1s\u00e1rl\u00e1s el\u0151tt gy\u0151z\u0151dj\u00f6n meg arr\u00f3l, hogy kompatibilis a laptop modellj\u00e9vel.<\/p>\n<p data-start=\"1270\" data-end=\"1345\" data-is-last-node=\"\" data-is-only-node=\"\">\ud83d\udca1 <strong data-start=\"1273\" data-end=\"1282\">Megjegyz\u00e9s:<\/strong> A legjobb eredm\u00e9ny \u00e9rdek\u00e9ben professzion\u00e1lis telep\u00edt\u00e9s javasolt.<\/p>\n","protected":false},"excerpt":{"rendered":"<p>Vadonat\u00faj, 15,6&#8243;-os LCD-k\u00e9perny\u0151 (B156HAN02.5, HW4A, HWAA, HW2A, HWBA, HW9A, HW0A) <strong data-start=\"226\" data-end=\"249\">Full HD IPS kijelz\u0151vel<\/strong> \u00e9s <strong data-start=\"254\" DP-kapcsolattal <strong>Ez a 3.0-274&#8243; adatkapcsolat. data-start=&#8221;286&#8243; data-end=&#8221;299&#8243;>\u00e9rint\u00e9smentes<\/strong> panel <strong data-start=\"312\" data-end=\"332\">z\u00e1r\u00f3jelek n\u00e9lk\u00fcl<\/strong> tal\u00e1lhat\u00f3, \u00e9s <strong data-start=\"346\" data-end=\"370\">\u00f6ntapad\u00f3 cs\u00edkokat<\/strong> tartalmaz a laptop k\u00e9perny\u0151j\u00e9nek egyszer\u0171 telep\u00edt\u00e9s\u00e9hez vagy cser\u00e9j\u00e9hez.<\/p>\n","protected":false},"featured_media":11378,"template":"","meta":[],"product_brand":[],"product_cat":[81,71],"product_tag":[],"class_list":{"0":"post-11329","1":"product","2":"type-product","3":"status-publish","4":"has-post-thumbnail","6":"product_cat-15-6-new-laptop-screens-lcd-panels","7":"product_cat-new-laptop-screens-lcd-panels","9":"first","10":"instock","11":"taxable","12":"shipping-taxable","13":"purchasable","14":"product-type-simple"},"_links":{"self":[{"href":"https:\/\/boreait.com\/hu\/wp-json\/wp\/v2\/product\/11329","targetHints":{"allow":["GET"]}}],"collection":[{"href":"https:\/\/boreait.com\/hu\/wp-json\/wp\/v2\/product"}],"about":[{"href":"https:\/\/boreait.com\/hu\/wp-json\/wp\/v2\/types\/product"}],"wp:featuredmedia":[{"embeddable":true,"href":"https:\/\/boreait.com\/hu\/wp-json\/wp\/v2\/media\/11378"}],"wp:attachment":[{"href":"https:\/\/boreait.com\/hu\/wp-json\/wp\/v2\/media?parent=11329"}],"wp:term":[{"taxonomy":"product_brand","embeddable":true,"href":"https:\/\/boreait.com\/hu\/wp-json\/wp\/v2\/product_brand?post=11329"},{"taxonomy":"product_cat","embeddable":true,"href":"https:\/\/boreait.com\/hu\/wp-json\/wp\/v2\/product_cat?post=11329"},{"taxonomy":"product_tag","embeddable":true,"href":"https:\/\/boreait.com\/hu\/wp-json\/wp\/v2\/product_tag?post=11329"}],"curies":[{"name":"wp","href":"https:\/\/api.w.org\/{rel}","templated":true}]}}