{"id":11328,"date":"2025-09-17T13:17:54","date_gmt":"2025-09-17T11:17:54","guid":{"rendered":"https:\/\/boreait.com\/hu\/?post_type=product&#038;p=11328"},"modified":"2025-09-17T13:18:59","modified_gmt":"2025-09-17T11:18:59","slug":"lcd-kepernyo-156-fhd-ips-30-tus-erintesmentes-n156hca-e5a-e5b-uj","status":"publish","type":"product","link":"https:\/\/boreait.com\/hu\/termek\/lcd-kepernyo-156-fhd-ips-30-tus-erintesmentes-n156hca-e5a-e5b-uj\/","title":{"rendered":"LCD k\u00e9perny\u0151 15,6&#8243; FHD IPS 30 t\u0171s, \u00e9rint\u00e9smentes N156HCA-E5A\/E5B \u2013 \u00daj"},"content":{"rendered":"<p><strong>T\u00e9nyleges LCD-k\u00e9perny\u0151s modell: B156HAN02.5 \u2013 TELJESEN KOMPATIBILIS AZ N156HCA-E5A E5B LAPTOP K\u00c9PERNY\u0150VEL<\/strong><\/p>\n<p data-start=\"441\" data-end=\"709\">Fokozza laptopja kijelz\u0151j\u00e9t ezzel a <strong data-start=\"481\" data-end=\"513\">15,6&#8243; Full HD IPS LCD-k\u00e9perny\u0151vel<\/strong> (N156HCA-E5A \/ N156HCA-E5B), amely az \u00e9les megjelen\u00edt\u00e9st \u00e9s a pontos sz\u00edneket szolg\u00e1lja.&#8221; data-end=&#8221;650&#8243;>30 t\u0171s eDP-csatlakoz\u00f3<\/strong>, amely z\u00f6kken\u0151mentes kompatibilit\u00e1st biztos\u00edt a t\u00e1mogatott eszk\u00f6z\u00f6kkel.<\/p>\n<h4 data-start=\"711\" data-end=\"735\"><strong data-start=\"716\" data-end=\"733\">F\u0151bb jellemz\u0151k:<\/strong><\/h4>\n<p data-start=\"736\" data-end=\"997\">\u2714 <strong data-start=\"738\" data-end=\"747\">M\u00e9ret:<\/strong> 15,6 h\u00fcvelyk<br data-start=\"759\" data-end=\"762\" \/>\u2714 <strong data-start=\"764\"\">Teljes HD felbont\u00e1s=&#8221;77:<\/strong> HD (1920&#215;1080)<br data-start=\"799\" data-end=\"802\" \/>\u2714 <strong data-start=\"804\" data-end=\"819\">Panel t\u00edpusa:<\/strong> IPS (s\u00edkon bel\u00fcli v\u00e1lt\u00e1s)<br data-start=\"844\" data-end=\"847\" \/>\u2714 <strong data-end=\"847\" \/>-start=&#8221;8 data-start&#8221; adatok data-start=&#8221;917&#8243; data-end=&#8221;930&#8243;>Konzolok:<\/strong> Nem tartoz\u00e9k<br data-start=\"943\" data-end=\"946\" \/>\u2714 <strong data-start=\"948\" data-end=\"965\">Telep\u00edt\u00e9s:<\/strong> \u00d6ntapad\u00f3 cs\u00edkok mell\u00e9kelve<\/p>\n<p data-start=\"999\" data-end=\"1177\">Ez a <strong data-start=\"1004\" data-end=\"1031\">vadonat\u00faj laptopk\u00e9perny\u0151<\/strong> kiv\u00e1l\u00f3an helyettes\u00edti a t\u00f6r\u00f6tt, vill\u00f3dz\u00f3 vagy s\u00e9r\u00fclt kijelz\u0151ket. A mell\u00e9kelt <strong data-start=\"1113\" data-end=\"1137\">\u00f6ntapad\u00f3 cs\u00edkok<\/strong> z\u00f6kken\u0151mentes telep\u00edt\u00e9st biztos\u00edtanak.<\/p>\n<p data-start=\"1179\" data-end=\"1309\" data-is-last-node=\"\" data-is-only-node=\"\">\ud83d\udca1 <strong data-start=\"1182\" data-end=\"1191\">Megjegyz\u00e9s:<\/strong> K\u00e9rj\u00fck, v\u00e1s\u00e1rl\u00e1s el\u0151tt ellen\u0151rizze laptopja kompatibilit\u00e1s\u00e1t. A legjobb eredm\u00e9ny \u00e9rdek\u00e9ben professzion\u00e1lis telep\u00edt\u00e9s javasolt.<\/p>\n","protected":false},"excerpt":{"rendered":"<p>Vadonat\u00faj <strong data-start=\"148\" data-end=\"180\">15,6&#8243; Full HD IPS LCD-k\u00e9perny\u0151<\/strong> (N156HCA-E5A \/ E5B) <strong data-start=\"208\" data-end=\"233\">30 t\u0171s eDP-kapcsolattal<\/strong>. Ez a <strong data-start=\"24-5\" adat<\/strong>on<\/strong>on<\/strong>touch&#8221;> data-start=&#8221;268&#8243; data-end=&#8221;288&#8243;>z\u00e1r\u00f3jelek n\u00e9lk\u00fcl<\/strong>, \u00e9s <strong data-start=\"302\" data-end=\"326\">\u00f6ntapad\u00f3 cs\u00edkokat<\/strong> tartalmaz az egyszer\u0171 telep\u00edt\u00e9s \u00e9rdek\u00e9ben.<\/p>\n","protected":false},"featured_media":11378,"template":"","meta":[],"product_brand":[],"product_cat":[81,71],"product_tag":[],"class_list":{"0":"post-11328","1":"product","2":"type-product","3":"status-publish","4":"has-post-thumbnail","6":"product_cat-15-6-new-laptop-screens-lcd-panels","7":"product_cat-new-laptop-screens-lcd-panels","9":"first","10":"instock","11":"taxable","12":"shipping-taxable","13":"purchasable","14":"product-type-simple"},"_links":{"self":[{"href":"https:\/\/boreait.com\/hu\/wp-json\/wp\/v2\/product\/11328","targetHints":{"allow":["GET"]}}],"collection":[{"href":"https:\/\/boreait.com\/hu\/wp-json\/wp\/v2\/product"}],"about":[{"href":"https:\/\/boreait.com\/hu\/wp-json\/wp\/v2\/types\/product"}],"wp:featuredmedia":[{"embeddable":true,"href":"https:\/\/boreait.com\/hu\/wp-json\/wp\/v2\/media\/11378"}],"wp:attachment":[{"href":"https:\/\/boreait.com\/hu\/wp-json\/wp\/v2\/media?parent=11328"}],"wp:term":[{"taxonomy":"product_brand","embeddable":true,"href":"https:\/\/boreait.com\/hu\/wp-json\/wp\/v2\/product_brand?post=11328"},{"taxonomy":"product_cat","embeddable":true,"href":"https:\/\/boreait.com\/hu\/wp-json\/wp\/v2\/product_cat?post=11328"},{"taxonomy":"product_tag","embeddable":true,"href":"https:\/\/boreait.com\/hu\/wp-json\/wp\/v2\/product_tag?post=11328"}],"curies":[{"name":"wp","href":"https:\/\/api.w.org\/{rel}","templated":true}]}}