{"id":11327,"date":"2025-09-17T13:17:54","date_gmt":"2025-09-17T11:17:54","guid":{"rendered":"https:\/\/boreait.com\/hu\/?post_type=product&#038;p=11327"},"modified":"2025-09-17T13:18:58","modified_gmt":"2025-09-17T11:18:58","slug":"lcd-kepernyo-156-huvelykes-fhd-ips-30-tus-erintesmentes-lm156lfdl01-02-uj","status":"publish","type":"product","link":"https:\/\/boreait.com\/hu\/termek\/lcd-kepernyo-156-huvelykes-fhd-ips-30-tus-erintesmentes-lm156lfdl01-02-uj\/","title":{"rendered":"LCD-k\u00e9perny\u0151 15,6 h\u00fcvelykes FHD IPS 30 t\u0171s, \u00e9rint\u00e9smentes LM156LFDL01\/02 \u2013 \u00daj"},"content":{"rendered":"<p><strong>T\u00e9nyleges LCD-k\u00e9perny\u0151s modell: B156HAN02.5 \u2013 TELJESEN KOMPATIBILIS A LM156LFDL01 &#8211; LM156LFDL02 LAPTOP K\u00c9PERNY\u0150VEL<\/strong><\/p>\n<p data-start=\"442\" data-end=\"743\">Friss\u00edtse laptopj\u00e1t ezzel a kiv\u00e1l\u00f3 min\u0151s\u00e9g\u0171 <strong data-start=\"485\" data-end=\"517\">15,6&#8243; Full HD IPS LCD k\u00e9perny\u0151vel<\/strong> (LM156LFDL01 \/ LM156LFDL02). Ezt a k\u00e9perny\u0151t \u00fagy tervezt\u00e9k, hogy \u00e9les, \u00e9l\u00e9nk sz\u00edneket \u00e9s \u00e9l\u00e9nk sz\u00edneket biztos\u00edtson. data-start=&#8221;624&#8243; data-end=&#8221;649&#8243;>30 t\u0171s eDP-kapcsolat<\/strong> \u00e9s <strong data-start=\"656\" data-end=\"677\">nem \u00e9rint\u0151k\u00e9perny\u0151<\/strong>, \u00edgy ide\u00e1lis helyettes\u00edt\u0151je a s\u00e9r\u00fclt vagy hib\u00e1s k\u00e9perny\u0151nek.<\/p>\n<p data-start=\"745\" data-end=\"1022\">F\u0151bb jellemz\u0151k:<br data-start=\"758\" data-end=\"761\" \/>\u2714 <strong data-start=\"763\" data-end=\"772\">M\u00e9ret:<\/strong> 15,6 h\u00fcvelyk<br data-start=\"784\" <strong data\" \/> adatok data-is-only-node=&#8221;&#8221; \/>\u2714 <strong data-start=\"874\" data-end=\"888\">Csatlakoz\u00f3:<\/strong> 30 t\u0171s eDP<br data-start=\"899\" data-end=\"902\" \/>\u2714 <strong data-start=\"904\" data-end=\"922\">\u00c9rint\u00e9ses t\u00e1mogat\u00e1s (on-Touch) (N:) data-start=&#8221;937&#8243; data-end=&#8221;940&#8243; \/>\u2714 <strong data-start=\"942\" data-end=\"955\">Z\u00e1r\u00f3jelek:<\/strong> Nem tartalmazza<br data-start=\"968\" data-end=\"971\" \/>\u2714 <strong data-start=\"973\" data-end=\"990\">he> sztript\u00edz<\/strong>sselfllation-ad-p><\/p>\n<p data-start=\"1024\" data-end=\"1214\">Ez a <strong data-start=\"1029\" data-end=\"1053\">vadonat\u00faj LCD-k\u00e9perny\u0151<\/strong> z\u00f6kken\u0151mentes \u00e9s probl\u00e9mamentes telep\u00edt\u00e9st biztos\u00edt a mell\u00e9kelt \u00f6ntapad\u00f3 cs\u00edkokkal. V\u00e1s\u00e1rl\u00e1s el\u0151tt ellen\u0151rizze laptopja kompatibilit\u00e1s\u00e1t a t\u00f6k\u00e9letes illeszked\u00e9s \u00e9rdek\u00e9ben.<\/p>\n<p data-start=\"1216\" data-end=\"1287\" data-is-last-node=\"\" data-is-only-node=\"\">\ud83d\udca1 <strong data-start=\"1219\" data-end=\"1228\">Megjegyz\u00e9s:<\/strong> A legjobb eredm\u00e9ny \u00e9rdek\u00e9ben professzion\u00e1lis telep\u00edt\u00e9s javasolt.<\/p>\n","protected":false},"excerpt":{"rendered":"<p>Vadonat\u00faj 15,6 h\u00fcvelykes LCD-k\u00e9perny\u0151 (LM156LFDL01\/LM156LFDL02) Full HD IPS kijelz\u0151vel, 30 t\u0171s eDP-csatlakoz\u00e1ssal. Ez az \u00e9rint\u00e9smentes panel konzolok n\u00e9lk\u00fcl \u00e9rkezik, \u00e9s \u00f6ntapad\u00f3 cs\u00edkokat tartalmaz az egyszer\u0171 telep\u00edt\u00e9s \u00e9rdek\u00e9ben. T\u00f6k\u00e9letes csere a s\u00e9r\u00fclt vagy hib\u00e1s laptop k\u00e9perny\u0151j\u00e9hez.<\/p>\n","protected":false},"featured_media":11378,"template":"","meta":[],"product_brand":[],"product_cat":[81,71],"product_tag":[],"class_list":{"0":"post-11327","1":"product","2":"type-product","3":"status-publish","4":"has-post-thumbnail","6":"product_cat-15-6-new-laptop-screens-lcd-panels","7":"product_cat-new-laptop-screens-lcd-panels","9":"first","10":"instock","11":"taxable","12":"shipping-taxable","13":"purchasable","14":"product-type-simple"},"_links":{"self":[{"href":"https:\/\/boreait.com\/hu\/wp-json\/wp\/v2\/product\/11327","targetHints":{"allow":["GET"]}}],"collection":[{"href":"https:\/\/boreait.com\/hu\/wp-json\/wp\/v2\/product"}],"about":[{"href":"https:\/\/boreait.com\/hu\/wp-json\/wp\/v2\/types\/product"}],"wp:featuredmedia":[{"embeddable":true,"href":"https:\/\/boreait.com\/hu\/wp-json\/wp\/v2\/media\/11378"}],"wp:attachment":[{"href":"https:\/\/boreait.com\/hu\/wp-json\/wp\/v2\/media?parent=11327"}],"wp:term":[{"taxonomy":"product_brand","embeddable":true,"href":"https:\/\/boreait.com\/hu\/wp-json\/wp\/v2\/product_brand?post=11327"},{"taxonomy":"product_cat","embeddable":true,"href":"https:\/\/boreait.com\/hu\/wp-json\/wp\/v2\/product_cat?post=11327"},{"taxonomy":"product_tag","embeddable":true,"href":"https:\/\/boreait.com\/hu\/wp-json\/wp\/v2\/product_tag?post=11327"}],"curies":[{"name":"wp","href":"https:\/\/api.w.org\/{rel}","templated":true}]}}