{"id":11326,"date":"2025-09-17T13:17:54","date_gmt":"2025-09-17T11:17:54","guid":{"rendered":"https:\/\/boreait.com\/hu\/?post_type=product&#038;p=11326"},"modified":"2025-09-17T13:18:58","modified_gmt":"2025-09-17T11:18:58","slug":"b156han02-5-lcd-kepernyo-156-huvelykes-fhd-ips-30-tus-erintesmentes-uj-ontapado-csikok","status":"publish","type":"product","link":"https:\/\/boreait.com\/hu\/termek\/b156han02-5-lcd-kepernyo-156-huvelykes-fhd-ips-30-tus-erintesmentes-uj-ontapado-csikok\/","title":{"rendered":"B156HAN02.5 LCD k\u00e9perny\u0151 15,6 h\u00fcvelykes FHD IPS 30 t\u0171s \u00e9rint\u00e9smentes \u2013 \u00faj, \u00f6ntapad\u00f3 cs\u00edkok"},"content":{"rendered":"<p data-start=\"473\" data-end=\"826\">Friss\u00edtse laptopj\u00e1t a B156HAN02.5 LCD-k\u00e9perny\u0151vel, amely egy kiv\u00e1l\u00f3 min\u0151s\u00e9g\u0171 15,6 h\u00fcvelykes Full HD (1920&#215;1080) IPS panel. Ez a k\u00e9perny\u0151 leny\u0171g\u00f6z\u0151 tisztas\u00e1got, \u00e9l\u00e9nk sz\u00edneket \u00e9s sz\u00e9les betekint\u00e9si sz\u00f6geket biztos\u00edt, \u00edgy ide\u00e1lis munk\u00e1hoz, sz\u00f3rakoz\u00e1shoz \u00e9s mindennapi haszn\u00e1latra. 30 t\u0171s eDP-csatlakoz\u00f3val \u00e9s \u00e9rint\u00e9smentes kialak\u00edt\u00e1ssal rendelkezik a k\u00fcl\u00f6nf\u00e9le laptopmodellekkel val\u00f3 kompatibilit\u00e1s \u00e9rdek\u00e9ben.<\/p>\n<p data-start=\"828\" data-end=\"1118\">A csomag \u00f6ntapad\u00f3 cs\u00edkokat tartalmaz, amelyek lehet\u0151v\u00e9 teszik a probl\u00e9mamentes telep\u00edt\u00e9st, tov\u00e1bbi konzolok n\u00e9lk\u00fcl. Ak\u00e1r egy s\u00e9r\u00fclt k\u00e9perny\u0151t cser\u00e9l, ak\u00e1r friss\u00edti a kijelz\u0151t, ez a vadonat\u00faj LCD-panel tart\u00f3s \u00e9s megb\u00edzhat\u00f3 pr\u00e9mium \u00e9lm\u00e9nyt biztos\u00edt.<\/p>\n<p data-start=\"1120\" data-end=\"1141\"><strong data-start=\"1120\" data-end=\"1139\">M\u0171szaki adatok:<\/strong><\/p>\n<ul data-start=\"1142\" data-end=\"1369\">\n<li data-start=\"1142\" data-end=\"1164\">Modell: B156HAN02.5<\/li>\n<li data-start=\"1165\" data-end=\"1186\">M\u00e9ret: 15,6 h\u00fcvelyk<\/li>\n<li data-start=\"1187\" data-end=\"1222\">Felbont\u00e1s: Full HD (1920&#215;1080)<\/li>\n<li data-start=\"1223\" data-end=\"1242\">Panel t\u00edpusa: IPS<\/li>\n<li data-start=\"1243\" data-end=\"1268\">Csatlakoz\u00f3: 30 t\u0171s eDP<\/li>\n<li data-start=\"1269\" data-end=\"1288\">\u00c9rint\u0151k\u00e9perny\u0151: Nem<\/li>\n<li data-start=\"1289\" data-end=\"1350\">Telep\u00edt\u00e9s: \u00d6ntapad\u00f3 cs\u00edkok mell\u00e9kelve (konzolok n\u00e9lk\u00fcl)<\/li>\n<li data-start=\"1351\" data-end=\"1369\">\u00c1llapot: \u00daj<\/li>\n<\/ul>\n<p data-start=\"1371\" data-end=\"1485\" data-is-last-node=\"\" data-is-only-node=\"\">V\u00e1s\u00e1rl\u00e1s el\u0151tt gy\u0151z\u0151dj\u00f6n meg a kompatibilit\u00e1sr\u00f3l, \u00e9s \u00e9lvezze a nagy teljes\u00edtm\u00e9ny\u0171 kijelz\u0151friss\u00edt\u00e9st ezzel a pr\u00e9mium LCD-k\u00e9perny\u0151vel.<\/p>\n","protected":false},"excerpt":{"rendered":"<p>Vadonat\u00faj B156HAN02.5 LCD-k\u00e9perny\u0151 laptopokhoz, 15,6 h\u00fcvelykes Full HD (1920&#215;1080) IPS-panellel az \u00e9les l\u00e1tv\u00e1ny\u00e9rt \u00e9s a sz\u00e9les betekint\u00e9si sz\u00f6gek\u00e9rt. A 30 t\u0171s eDP-csatlakoz\u00f3val tervezett, \u00e9rint\u00e9smentes kijelz\u0151 z\u00f6kken\u0151mentes kompatibilit\u00e1st biztos\u00edt. \u00d6ntapad\u00f3 cs\u00edkok adnak hozz\u00e1 az egyszer\u0171 telep\u00edt\u00e9s \u00e9rdek\u00e9ben.<\/p>\n","protected":false},"featured_media":11378,"template":"","meta":[],"product_brand":[],"product_cat":[81,71],"product_tag":[],"class_list":{"0":"post-11326","1":"product","2":"type-product","3":"status-publish","4":"has-post-thumbnail","6":"product_cat-15-6-new-laptop-screens-lcd-panels","7":"product_cat-new-laptop-screens-lcd-panels","9":"first","10":"instock","11":"taxable","12":"shipping-taxable","13":"purchasable","14":"product-type-simple"},"_links":{"self":[{"href":"https:\/\/boreait.com\/hu\/wp-json\/wp\/v2\/product\/11326","targetHints":{"allow":["GET"]}}],"collection":[{"href":"https:\/\/boreait.com\/hu\/wp-json\/wp\/v2\/product"}],"about":[{"href":"https:\/\/boreait.com\/hu\/wp-json\/wp\/v2\/types\/product"}],"wp:featuredmedia":[{"embeddable":true,"href":"https:\/\/boreait.com\/hu\/wp-json\/wp\/v2\/media\/11378"}],"wp:attachment":[{"href":"https:\/\/boreait.com\/hu\/wp-json\/wp\/v2\/media?parent=11326"}],"wp:term":[{"taxonomy":"product_brand","embeddable":true,"href":"https:\/\/boreait.com\/hu\/wp-json\/wp\/v2\/product_brand?post=11326"},{"taxonomy":"product_cat","embeddable":true,"href":"https:\/\/boreait.com\/hu\/wp-json\/wp\/v2\/product_cat?post=11326"},{"taxonomy":"product_tag","embeddable":true,"href":"https:\/\/boreait.com\/hu\/wp-json\/wp\/v2\/product_tag?post=11326"}],"curies":[{"name":"wp","href":"https:\/\/api.w.org\/{rel}","templated":true}]}}