{"id":11314,"date":"2025-09-17T13:17:31","date_gmt":"2025-09-17T11:17:31","guid":{"rendered":"https:\/\/boreait.com\/hu\/?post_type=product&#038;p=11314"},"modified":"2025-09-17T13:18:54","modified_gmt":"2025-09-17T11:18:54","slug":"dell-53h59-156-led-lcd-kepernyo-wxga-hd-053h59-lp156wh4tlp1-laptoppanel","status":"publish","type":"product","link":"https:\/\/boreait.com\/hu\/termek\/dell-53h59-156-led-lcd-kepernyo-wxga-hd-053h59-lp156wh4tlp1-laptoppanel\/","title":{"rendered":"DELL 53H59 15,6&#8243; LED LCD k\u00e9perny\u0151 WXGA HD 053H59 LP156WH4(TL)(P1) Laptoppanel"},"content":{"rendered":"<p data-start=\"640\" data-end=\"897\">Helyezze vissza laptopj\u00e1t ezzel az <strong data-start=\"681\" data-end=\"732\">eredeti csereLCD-k\u00e9perny\u0151vel a Dell laptopokhoz<\/strong>. Ez a <strong data-start=\"739\" data-end=\"770\">15,6 h\u00fcvelykes WXGA HD LED panel<\/strong> k\u00f6zvetlen\u00fcl helyettes\u00edti a <strong data-start=\"803\" data-end=\"843\">Dell 53H59 (053H59 LP156WH4(TL)(P1))<\/strong> kompatibilit\u00e1st \u00e9s szolg\u00e1ltat\u00e1s n\u00e9lk\u00fcli<\/strong>t.<\/p>\n<p data-start=\"899\" data-end=\"1319\">\ud83d\udd39 <strong data-start=\"902\" data-end=\"919\">F\u0151bb jellemz\u0151k:<\/strong><br data-start=\"919\" data-end=\"922\" \/>\u2714 <strong data-start=\"924\" data-end=\"924\" data-end=\"954\">K\u00fcl\u00f6nb\u00f6z\u0151 kompatibilit\u00e1s: 5 \u2013 Match5 Deatll&#8221;> Dell laptopmodellek<br data-start=\"999\" data-end=\"1002\" \/>\u2714 <strong data-start=\"1004\" data-end=\"1026\">K\u00e9perny\u0151m\u00e9ret: 15,6&#8243;<\/strong> \u2013 Norm\u00e1l sz\u00e9lesv\u00e1szn\u00fa kijelz\u0151<br data-start=\"1056\" data-end=\"1059\" \/>\u2714 <strong data6-1\" data-end=\"1095\">Felbont\u00e1s: WXGA HD (1366&#215;768)<\/strong> \u2013 \u00c9les \u00e9s \u00e9l\u00e9nk l\u00e1tv\u00e1ny<br data-start=\"1123\" data-end=\"1126\" \/>\u2714 <strong data-start=\"1128\" data-end=\"1145\">LED-s h\u00e1tt\u00e9rvil\u00e1g\u00edt\u00e1s<\/strong>, hossz\u00fat\u00e1v\u00fa,<br=\"1-1 adat data-end=\"1184\" \/>\u2714 <strong data-start=\"1186\" data-end=\"1211\">Csatlakoz\u00f3: 40 t\u0171s eDP<\/strong> \u2013 Szabv\u00e1nyos interf\u00e9sz az egyszer\u0171 telep\u00edt\u00e9shez<br data-start=\"1254\" data-end=\"1257\" \/>\u2714 <strong data-start=\"1186\" data-end=\"1211\">Opci\u00f3kt\u00f3l f\u00fcgg\u0151en<\/strong>1259&#8243; adat k\u00e9szletek el\u00e9rhet\u0151s\u00e9ge<\/p>\n<p data-start=\"1321\" data-end=\"1344\">\ud83d\udca1 <strong data-start=\"1324\" data-end=\"1342\">Kompatibilit\u00e1s:<\/strong><\/p>\n<ul data-start=\"1345\" data-end=\"1503\">\n<li data-start=\"1345\" data-end=\"1423\">Kifejezetten <strong data-start=\"1373\" data-end=\"1421\">53H59 (053H59) cikksz\u00e1m\u00fa Dell laptopokhoz<\/strong><\/li>\n<li data-start=\"1424\" data-end=\"1503\">Az <strong data-start=\"1440\" data-end=\"1460\">LP156WH4(TL)(P1)<\/strong> vagy azzal egyen\u00e9rt\u00e9k\u0171 modelleket is lecser\u00e9li a megfelel\u0151 specifik\u00e1ci\u00f3kkal<\/li>\n<\/ul>\n<p data-start=\"1505\" data-end=\"1606\">\ud83d\udcf8 <strong data-start=\"1508\" data-end=\"1524\">Val\u00f3di fot\u00f3k:<\/strong> Az adatlapon szerepl\u0151 k\u00e9pek pontosan azt a t\u00e9telt mutatj\u00e1k, amelyet \u00d6n kap \u2013 nincs meglepet\u00e9s!<\/p>\n<p data-start=\"1608\" data-end=\"1762\">\u2753 <strong data-start=\"1610\" data-end=\"1624\">Seg\u00edts\u00e9gre van sz\u00fcks\u00e9ge?<\/strong> B\u00e1r telep\u00edt\u00e9si utas\u00edt\u00e1sokat nem adunk, nyugodtan <strong data-start=\"1688\" data-end=\"1702\">\u00fczenjen nek\u00fcnk<\/strong> a v\u00e1s\u00e1rl\u00e1s el\u0151tt vagy ut\u00e1n.<\/strong><\/p>\n<p data-start=\"1764\" data-end=\"1886\">\ud83d\udce6 <strong data-start=\"1767\" data-end=\"1795\">Gyors kisz\u00e1ll\u00edt\u00e1s a vil\u00e1g minden pontj\u00e1ra!<\/strong> Ezzel a <strong data-start=\"1839\" data-end=\"1883\">j\u00f3 min\u0151s\u00e9g\u0171 LCD-k\u00e9perny\u0151<\/strong> Dell-el<\/strong> cser\u00e9lje ki laptopj\u00e1t, mintha \u00faj lenne.<\/p>\n","protected":false},"excerpt":{"rendered":"<p data-start=\"341\" data-end=\"559\">Cser\u00e9lje ki t\u00f6r\u00f6tt vagy hib\u00e1s <strong data-start=\"371\" data-end=\"396\">Dell 53H59 LCD-k\u00e9perny\u0151j\u00e9t<\/strong> erre a <strong data-start=\"407\" data-end=\"434\">15,6&#8243; WXGA=&#8221; HD LED-min\u0151s\u00e9g\u0171<\/strong> 4 adatmin\u0151s\u00e9g\u0171, 9 kiv\u00e1l\u00f3 min\u0151s\u00e9g\u0171 4-es adatlapra. adatok<\/p>\n","protected":false},"featured_media":11375,"template":"","meta":[],"product_brand":[],"product_cat":[22,21],"product_tag":[17],"class_list":{"0":"post-11314","1":"product","2":"type-product","3":"status-publish","4":"has-post-thumbnail","6":"product_cat-15-6","7":"product_cat-laptop-screens-lcd-panels","8":"product_tag-dell","10":"first","11":"instock","12":"taxable","13":"shipping-taxable","14":"purchasable","15":"product-type-simple"},"_links":{"self":[{"href":"https:\/\/boreait.com\/hu\/wp-json\/wp\/v2\/product\/11314","targetHints":{"allow":["GET"]}}],"collection":[{"href":"https:\/\/boreait.com\/hu\/wp-json\/wp\/v2\/product"}],"about":[{"href":"https:\/\/boreait.com\/hu\/wp-json\/wp\/v2\/types\/product"}],"wp:featuredmedia":[{"embeddable":true,"href":"https:\/\/boreait.com\/hu\/wp-json\/wp\/v2\/media\/11375"}],"wp:attachment":[{"href":"https:\/\/boreait.com\/hu\/wp-json\/wp\/v2\/media?parent=11314"}],"wp:term":[{"taxonomy":"product_brand","embeddable":true,"href":"https:\/\/boreait.com\/hu\/wp-json\/wp\/v2\/product_brand?post=11314"},{"taxonomy":"product_cat","embeddable":true,"href":"https:\/\/boreait.com\/hu\/wp-json\/wp\/v2\/product_cat?post=11314"},{"taxonomy":"product_tag","embeddable":true,"href":"https:\/\/boreait.com\/hu\/wp-json\/wp\/v2\/product_tag?post=11314"}],"curies":[{"name":"wp","href":"https:\/\/api.w.org\/{rel}","templated":true}]}}